{"id":15026,"date":"2024-04-29T22:45:20","date_gmt":"2024-04-29T20:45:20","guid":{"rendered":"https:\/\/ginsburg.de\/erbschaftsrecht-in-deutschland\/"},"modified":"2024-06-28T12:59:04","modified_gmt":"2024-06-28T10:59:04","slug":"erbschaftsrecht-in-deutschland","status":"publish","type":"page","link":"https:\/\/ginsburg.de\/de\/erbschaftsrecht-in-deutschland\/","title":{"rendered":"Erbschaftsrecht in Deutschland"},"content":{"rendered":"\t\t<div data-elementor-type=\"wp-page\" data-elementor-id=\"15026\" class=\"elementor elementor-15026 elementor-14359\" data-elementor-post-type=\"page\">\n\t\t\t\t\t\t<section class=\"elementor-section elementor-top-section elementor-element elementor-element-3c5c19bc elementor-section-full_width elementor-section-height-default elementor-section-height-default\" data-id=\"3c5c19bc\" data-element_type=\"section\">\n\t\t\t\t\t\t<div class=\"elementor-container elementor-column-gap-no\">\n\t\t\t\t\t<div class=\"elementor-column elementor-col-100 elementor-top-column elementor-element elementor-element-455657d8\" data-id=\"455657d8\" data-element_type=\"column\">\n\t\t\t<div class=\"elementor-widget-wrap elementor-element-populated\">\n\t\t\t\t\t\t<div class=\"elementor-element elementor-element-170456b elementor-widget elementor-widget-leroux_core_section_title\" data-id=\"170456b\" data-element_type=\"widget\" data-widget_type=\"leroux_core_section_title.default\">\n\t\t\t\t<div class=\"elementor-widget-container\">\n\t\t\t\t\t<div class=\"qodef-shortcode qodef-m  qodef-section-title qodef-alignment--left qodef-title-break--disabled\">\n\t\t<h2 class=\"qodef-m-title\" >\n\t\t\t\t\tErbrecht in Deutschland:  Gew\u00e4hrleistung eines reibungslosen \u00dcbergangs von Nachl\u00e4ssen\t\t\t<\/h2>\n\t<\/div>\n\t\t\t\t<\/div>\n\t\t\t\t<\/div>\n\t\t\t\t<div class=\"elementor-element elementor-element-23a087e1 elementor-widget elementor-widget-text-editor\" data-id=\"23a087e1\" data-element_type=\"widget\" data-widget_type=\"text-editor.default\">\n\t\t\t\t<div class=\"elementor-widget-container\">\n\t\t\t\t\t\t\t\t\t<p>In Deutschland ist das Erbrecht ein umfassendes rechtliches Rahmenwerk, das die Verteilung von Verm\u00f6genswerten und Nachl\u00e4ssen regelt, wenn eine Person verstirbt. Das Verst\u00e4ndnis und die Navigation dieses rechtlichen Umfelds sind entscheidend, um einen reibungslosen \u00dcbergang von Verm\u00f6genswerten zu gew\u00e4hrleisten und die Rechte von Erben und Beg\u00fcnstigten zu sch\u00fctzen.<\/p><p><strong>Wichtige Aspekte des Erbrechts in Deutschland:<\/strong><\/p>\t\t\t\t\t\t\t\t<\/div>\n\t\t\t\t<\/div>\n\t\t\t\t<div class=\"elementor-element elementor-element-b090956 elementor-widget elementor-widget-text-editor\" data-id=\"b090956\" data-element_type=\"widget\" data-widget_type=\"text-editor.default\">\n\t\t\t\t<div class=\"elementor-widget-container\">\n\t\t\t\t\t\t\t\t\t<ol><li><strong>Gesetzliche Erbfolge:<\/strong> Wenn eine Person ohne g\u00fcltiges Testament verstirbt, regelt das deutsche Recht die Verteilung der Verm\u00f6genswerte durch die gesetzliche Erbfolge. Die Erbfolge richtet sich im Allgemeinen nach famili\u00e4ren Beziehungen, wobei Ehepartner, Kinder und andere nahe Verwandte spezifische Anspr\u00fcche haben.<\/li><li><strong>Testierfreiheit:<\/strong> Das deutsche Recht erkennt das Prinzip der Testierfreiheit an, das es Individuen erm\u00f6glicht, ein Testament zu erstellen oder spezifische Verm\u00e4chtnisse zu machen. Es gibt jedoch gesetzliche Anforderungen und Beschr\u00e4nkungen, um Fairness zu gew\u00e4hrleisten und die Enterbung bestimmter Familienmitglieder zu verhindern.<\/li><li><strong>Pflichtteilsrecht:<\/strong> Trotz der Testierfreiheit gibt es in Deutschland das Pflichtteilsrecht, das bestimmte Familienmitglieder wie Ehepartner und Kinder sch\u00fctzt und einen gesetzlichen Erbteil garantiert. Dies stellt eine Mindesterbfolge f\u00fcr spezifische Erben sicher.<\/li><li><strong>Nachlassverteilung:<\/strong> Der rechtliche Prozess der Nachlassverteilung umfasst verschiedene Schritte, darunter die Identifizierung von Verm\u00f6genswerten und Verbindlichkeiten, die Bestimmung von Erben und die Begleichung von Schulden. Der Prozess der Nachlassverteilung wird von einem Notar oder einem Gericht \u00fcberwacht, abh\u00e4ngig von der Komplexit\u00e4t des Nachlasses.<\/li><\/ol>\t\t\t\t\t\t\t\t<\/div>\n\t\t\t\t<\/div>\n\t\t\t\t<div class=\"elementor-element elementor-element-8f70510 elementor-widget elementor-widget-text-editor\" data-id=\"8f70510\" data-element_type=\"widget\" data-widget_type=\"text-editor.default\">\n\t\t\t\t<div class=\"elementor-widget-container\">\n\t\t\t\t\t\t\t\t\t<strong>Unsere Expertise im Erbrecht:<\/strong>\n\nUnser Team erfahrener Erbrechtsanw\u00e4lte bietet umfassende Dienstleistungen an, einschlie\u00dflich: \t\t\t\t\t\t\t\t<\/div>\n\t\t\t\t<\/div>\n\t\t\t\t<div class=\"elementor-element elementor-element-17a01bf elementor-widget elementor-widget-text-editor\" data-id=\"17a01bf\" data-element_type=\"widget\" data-widget_type=\"text-editor.default\">\n\t\t\t\t<div class=\"elementor-widget-container\">\n\t\t\t\t\t\t\t\t\t<ul><li><strong>Nachlassplanung:<\/strong> Wir unterst\u00fctzen Einzelpersonen bei der Erstellung rechtlich fundierter Testamente und Nachlasspl\u00e4ne, die ihren W\u00fcnschen entsprechen und mit dem deutschen Erbrecht in Einklang stehen.<\/li><li><strong>Nachlassabwicklung:<\/strong> Wir begleiten Erben und Testamentsvollstrecker durch den Nachlassabwicklungsprozess, um eine geordnete Verm\u00f6gensverteilung und die Einhaltung rechtlicher Anforderungen sicherzustellen.<\/li><li><strong>Streitbeilegung:<\/strong> Bei umstrittenen Testamenten oder Streitigkeiten unter Erben bieten wir rechtliche Vertretung und Mediation an, um Konflikte zu l\u00f6sen und faire Ergebnisse zu erzielen.<\/li><li><strong>Erbschaftssteuerplanung:<\/strong> Wir helfen unseren Mandanten, die Komplexit\u00e4ten der Erbschaftsbesteuerung zu navigieren, und entwickeln Strategien zur Minimierung steuerlicher Verpflichtungen.<\/li><li><strong>Internationaler Nachlass:<\/strong> F\u00fcr Personen mit Verm\u00f6genswerten oder Beg\u00fcnstigten in mehreren Rechtsgebieten bieten wir Expertise in internationalen Nachlassangelegenheiten.<\/li><\/ul>\t\t\t\t\t\t\t\t<\/div>\n\t\t\t\t<\/div>\n\t\t\t\t<div class=\"elementor-element elementor-element-5195b371 elementor-widget elementor-widget-text-editor\" data-id=\"5195b371\" data-element_type=\"widget\" data-widget_type=\"text-editor.default\">\n\t\t\t\t<div class=\"elementor-widget-container\">\n\t\t\t\t\t\t\t\t\t<p><strong>Kontaktieren Sie uns:<\/strong><\/p><p>Wenn Sie Fragen zum Erbrecht in Deutschland haben oder rechtliche Unterst\u00fctzung in Fragen der Nachlassplanung, Nachlassabwicklung oder bei Erbschaftsstreitigkeiten ben\u00f6tigen, steht unser Team bereit, Ihnen zu helfen. Kontaktieren Sie uns f\u00fcr fundierte rechtliche Beratung, um einen ordnungsgem\u00e4\u00dfen und gesetzeskonformen \u00dcbergang von Nachl\u00e4ssen gem\u00e4\u00df dem deutschen Erbrecht zu gew\u00e4hrleisten.<\/p>\t\t\t\t\t\t\t\t<\/div>\n\t\t\t\t<\/div>\n\t\t\t\t\t<\/div>\n\t\t<\/div>\n\t\t\t\t\t<\/div>\n\t\t<\/section>\n\t\t\t\t<section class=\"elementor-section elementor-top-section elementor-element elementor-element-1201af54 elementor-section-full_width elementor-reverse-mobile elementor-section-height-default elementor-section-height-default\" data-id=\"1201af54\" data-element_type=\"section\" data-settings=\"{&quot;background_background&quot;:&quot;classic&quot;}\">\n\t\t\t\t\t\t<div class=\"elementor-container elementor-column-gap-no\">\n\t\t\t\t\t<div class=\"elementor-column elementor-col-50 elementor-top-column elementor-element elementor-element-40c01575\" data-id=\"40c01575\" data-element_type=\"column\">\n\t\t\t<div class=\"elementor-widget-wrap elementor-element-populated\">\n\t\t\t\t\t\t<div class=\"elementor-element elementor-element-6aff27de elementor-widget elementor-widget-leroux_core_single_image\" data-id=\"6aff27de\" data-element_type=\"widget\" data-widget_type=\"leroux_core_single_image.default\">\n\t\t\t\t<div class=\"elementor-widget-container\">\n\t\t\t\t\t<div class=\"qodef-shortcode qodef-m  qodef-single-image qodef-layout--default   \">\n\t\t\t<div class=\"qodef-m-image\">\n\t\t\t\t\t\t\t\t<img fetchpriority=\"high\" decoding=\"async\" src=\"https:\/\/ginsburg.de\/wp-content\/uploads\/2024\/04\/slider-3-800x600.jpg\" alt=\"\" width=\"800\" height=\"600\" data-ratio=\"1.3333333333333\" \/>\t\t\t\t\t\t\t<\/div>\n\t<\/div>\n\t\t\t\t<\/div>\n\t\t\t\t<\/div>\n\t\t\t\t\t<\/div>\n\t\t<\/div>\n\t\t\t\t<div class=\"elementor-column elementor-col-50 elementor-top-column elementor-element elementor-element-13599602\" data-id=\"13599602\" data-element_type=\"column\">\n\t\t\t<div class=\"elementor-widget-wrap elementor-element-populated\">\n\t\t\t\t\t\t<div class=\"elementor-element elementor-element-52b5dcde elementor-widget elementor-widget-leroux_core_section_title\" data-id=\"52b5dcde\" data-element_type=\"widget\" data-widget_type=\"leroux_core_section_title.default\">\n\t\t\t\t<div class=\"elementor-widget-container\">\n\t\t\t\t\t<div class=\"qodef-shortcode qodef-m  qodef-section-title qodef-alignment--left qodef-title-break--disabled\">\n\t\t<h2 class=\"qodef-m-title\" >\n\t\t\t\t\tKontaktieren Sie uns!\t\t\t<\/h2>\n\t<\/div>\n\t\t\t\t<\/div>\n\t\t\t\t<\/div>\n\t\t\t\t<div class=\"elementor-element elementor-element-1dbba10e elementor-widget elementor-widget-leroux_core_button\" data-id=\"1dbba10e\" data-element_type=\"widget\" data-widget_type=\"leroux_core_button.default\">\n\t\t\t\t<div class=\"elementor-widget-container\">\n\t\t\t\t\t<a class=\"qodef-shortcode qodef-m  qodef-button qodef-layout--textual   qodef-html--link\" href=\"https:\/\/ginsburg.de\/de\/kontakt\" target=\"_self\"  style=\"color: #20282D;font-size: 15px;font-weight: 500\">\n\t<span class=\"qodef-m-text\">Kontakt!<\/span>\n    <span class=\"qodef-m-arrow\"><svg class=\"qodef-svg--button-arrow\" xmlns=\"http:\/\/www.w3.org\/2000\/svg\" width=\"10\" height=\"10\" viewBox=\"0 0 9.8 9.8\"><g><path d=\"m.4 9.4 9-9\"\/><path d=\"M.4.5h8.9\"\/><path d=\"M9.3 9.4V.5\"\/><\/g><g><path d=\"m.4 9.4 9-9\"\/><path d=\"M.4.5h8.9\"\/><path d=\"M9.3 9.4V.5\"\/><\/g><\/svg><\/span>\n<\/a>\n\t\t\t\t<\/div>\n\t\t\t\t<\/div>\n\t\t\t\t\t<\/div>\n\t\t<\/div>\n\t\t\t\t\t<\/div>\n\t\t<\/section>\n\t\t\t\t<\/div>\n\t\t","protected":false},"excerpt":{"rendered":"<p>Erbrecht in Deutschland: Gew\u00e4hrleistung eines reibungslosen \u00dcbergangs von Nachl\u00e4ssen In Deutschland ist das Erbrecht ein umfassendes rechtliches Rahmenwerk, das die Verteilung von Verm\u00f6genswerten und Nachl\u00e4ssen regelt, wenn eine Person verstirbt. Das Verst\u00e4ndnis und die Navigation dieses rechtlichen Umfelds sind entscheidend, um einen reibungslosen \u00dcbergang von Verm\u00f6genswerten zu gew\u00e4hrleisten und die Rechte von Erben und Beg\u00fcnstigten [&hellip;]<\/p>\n","protected":false},"author":2,"featured_media":0,"parent":0,"menu_order":0,"comment_status":"closed","ping_status":"closed","template":"page-full-width.php","meta":{"om_disable_all_campaigns":false,"_monsterinsights_skip_tracking":false,"_monsterinsights_sitenote_active":false,"_monsterinsights_sitenote_note":"","_monsterinsights_sitenote_category":0,"footnotes":""},"class_list":["post-15026","page","type-page","status-publish","hentry"],"aioseo_notices":[],"_hostinger_reach_plugin_has_subscription_block":false,"_hostinger_reach_plugin_is_elementor":false,"_links":{"self":[{"href":"https:\/\/ginsburg.de\/de\/wp-json\/wp\/v2\/pages\/15026","targetHints":{"allow":["GET"]}}],"collection":[{"href":"https:\/\/ginsburg.de\/de\/wp-json\/wp\/v2\/pages"}],"about":[{"href":"https:\/\/ginsburg.de\/de\/wp-json\/wp\/v2\/types\/page"}],"author":[{"embeddable":true,"href":"https:\/\/ginsburg.de\/de\/wp-json\/wp\/v2\/users\/2"}],"replies":[{"embeddable":true,"href":"https:\/\/ginsburg.de\/de\/wp-json\/wp\/v2\/comments?post=15026"}],"version-history":[{"count":7,"href":"https:\/\/ginsburg.de\/de\/wp-json\/wp\/v2\/pages\/15026\/revisions"}],"predecessor-version":[{"id":15033,"href":"https:\/\/ginsburg.de\/de\/wp-json\/wp\/v2\/pages\/15026\/revisions\/15033"}],"wp:attachment":[{"href":"https:\/\/ginsburg.de\/de\/wp-json\/wp\/v2\/media?parent=15026"}],"curies":[{"name":"wp","href":"https:\/\/api.w.org\/{rel}","templated":true}]}}