{"id":15021,"date":"2024-04-29T22:21:23","date_gmt":"2024-04-29T20:21:23","guid":{"rendered":"https:\/\/ginsburg.de\/arbeitsrecht-einleitung\/"},"modified":"2024-06-28T13:14:48","modified_gmt":"2024-06-28T11:14:48","slug":"arbeitsrecht-einleitung","status":"publish","type":"page","link":"https:\/\/ginsburg.de\/de\/arbeitsrecht-einleitung\/","title":{"rendered":"Arbeitsrecht Einleitung"},"content":{"rendered":"\t\t<div data-elementor-type=\"wp-page\" data-elementor-id=\"15021\" class=\"elementor elementor-15021 elementor-14325\" data-elementor-post-type=\"page\">\n\t\t\t\t\t\t<section class=\"elementor-section elementor-top-section elementor-element elementor-element-3e124f7f elementor-section-full_width elementor-section-height-default elementor-section-height-default\" data-id=\"3e124f7f\" data-element_type=\"section\">\n\t\t\t\t\t\t<div class=\"elementor-container elementor-column-gap-no\">\n\t\t\t\t\t<div class=\"elementor-column elementor-col-100 elementor-top-column elementor-element elementor-element-428595a3\" data-id=\"428595a3\" data-element_type=\"column\">\n\t\t\t<div class=\"elementor-widget-wrap elementor-element-populated\">\n\t\t\t\t\t\t<div class=\"elementor-element elementor-element-9d7ae11 elementor-widget elementor-widget-leroux_core_section_title\" data-id=\"9d7ae11\" data-element_type=\"widget\" data-widget_type=\"leroux_core_section_title.default\">\n\t\t\t\t<div class=\"elementor-widget-container\">\n\t\t\t\t\t<div class=\"qodef-shortcode qodef-m  qodef-section-title qodef-alignment--left qodef-title-break--disabled\">\n\t\t<h2 class=\"qodef-m-title\" >\n\t\t\t\t\tArbeitsrecht\t\t\t<\/h2>\n\t<\/div>\n\t\t\t\t<\/div>\n\t\t\t\t<\/div>\n\t\t\t\t<div class=\"elementor-element elementor-element-522c5918 elementor-widget elementor-widget-text-editor\" data-id=\"522c5918\" data-element_type=\"widget\" data-widget_type=\"text-editor.default\">\n\t\t\t\t<div class=\"elementor-widget-container\">\n\t\t\t\t\t\t\t\t\t<p>Arbeitsrecht ist eines unserer Hauptt\u00e4tigkeitsfelder. Wir vertreten die Interessen von Arbeitnehmern, Betriebsr\u00e4ten sowie Arbeitgebern. Wir beraten Sie ausf\u00fchrlich und vertreten Sie au\u00dfergerichtlich sowie in allen erforderlichen Gerichtsverfahren.<\/p><p><strong>Unser Leistungsspektrum umfasst:<\/strong><\/p>\t\t\t\t\t\t\t\t<\/div>\n\t\t\t\t<\/div>\n\t\t\t\t<div class=\"elementor-element elementor-element-18870a93 elementor-widget-tablet__width-inherit elementor-widget elementor-widget-leroux_core_textual_list\" data-id=\"18870a93\" data-element_type=\"widget\" data-widget_type=\"leroux_core_textual_list.default\">\n\t\t\t\t<div class=\"elementor-widget-container\">\n\t\t\t\t\t<div class=\"qodef-shortcode qodef-m  qodef-textual-list qodef-direction--vertical\" >\n\t<div class=\"qodef-textual-list-inner\" >\n\t\t\t\t\t\t<div class=\"qodef-e qodef-textual-list-item\">\n                                            <div class=\"qodef-e-icon\" >\n                            <span class=\"qodef-shortcode qodef-m  qodef-icon-holder  qodef-layout--normal\"  >\t\t\t<span class=\"qodef-icon-ionicons ion-md-checkmark qodef-icon qodef-e\" style=\"\" ><\/span>\t<\/span>                        <\/div>\n                    \t\t\t\t\t<div class=\"qodef-e-title-holder\">\n\t\t\t\t\t\t<h6 class='qodef-e-title' style=\"font-size: 17px\">\n                            \t\t\t\t\t\t\t    K\u00fcndigungsschutzstreitigkeiten                            \t\t\t\t\t\t<\/h6>\n\t\t\t\t\t<\/div>\n\t\t\t\t<\/div>\n\t\t\t\t\t\t\t<div class=\"qodef-e qodef-textual-list-item\">\n                                            <div class=\"qodef-e-icon\" >\n                            <span class=\"qodef-shortcode qodef-m  qodef-icon-holder  qodef-layout--normal\"  >\t\t\t<span class=\"qodef-icon-ionicons ion-md-checkmark qodef-icon qodef-e\" style=\"\" ><\/span>\t<\/span>                        <\/div>\n                    \t\t\t\t\t<div class=\"qodef-e-title-holder\">\n\t\t\t\t\t\t<h6 class='qodef-e-title' style=\"font-size: 17px\">\n                            \t\t\t\t\t\t\t    Abmahnungen                            \t\t\t\t\t\t<\/h6>\n\t\t\t\t\t<\/div>\n\t\t\t\t<\/div>\n\t\t\t\t\t\t\t<div class=\"qodef-e qodef-textual-list-item\">\n                                            <div class=\"qodef-e-icon\" >\n                            <span class=\"qodef-shortcode qodef-m  qodef-icon-holder  qodef-layout--normal\"  >\t\t\t<span class=\"qodef-icon-ionicons ion-md-checkmark qodef-icon qodef-e\" style=\"\" ><\/span>\t<\/span>                        <\/div>\n                    \t\t\t\t\t<div class=\"qodef-e-title-holder\">\n\t\t\t\t\t\t<h6 class='qodef-e-title' style=\"font-size: 17px\">\n                            \t\t\t\t\t\t\t    Zeugnisstreitigkeiten                            \t\t\t\t\t\t<\/h6>\n\t\t\t\t\t<\/div>\n\t\t\t\t<\/div>\n\t\t\t\t\t\t\t<div class=\"qodef-e qodef-textual-list-item\">\n                                            <div class=\"qodef-e-icon\" >\n                            <span class=\"qodef-shortcode qodef-m  qodef-icon-holder  qodef-layout--normal\"  >\t\t\t<span class=\"qodef-icon-ionicons ion-md-checkmark qodef-icon qodef-e\" style=\"\" ><\/span>\t<\/span>                        <\/div>\n                    \t\t\t\t\t<div class=\"qodef-e-title-holder\">\n\t\t\t\t\t\t<h6 class='qodef-e-title' style=\"font-size: 17px\">\n                            \t\t\t\t\t\t\t    Urlaubs- und \u00dcberstundenverg\u00fctung                            \t\t\t\t\t\t<\/h6>\n\t\t\t\t\t<\/div>\n\t\t\t\t<\/div>\n\t\t\t\t\t\t\t<div class=\"qodef-e qodef-textual-list-item\">\n                                            <div class=\"qodef-e-icon\" >\n                            <span class=\"qodef-shortcode qodef-m  qodef-icon-holder  qodef-layout--normal\"  >\t\t\t<span class=\"qodef-icon-ionicons ion-md-checkmark qodef-icon qodef-e\" style=\"\" ><\/span>\t<\/span>                        <\/div>\n                    \t\t\t\t\t<div class=\"qodef-e-title-holder\">\n\t\t\t\t\t\t<h6 class='qodef-e-title' style=\"font-size: 17px\">\n                            \t\t\t\t\t\t\t    Teilzeit- \/ Befristungsrecht                            \t\t\t\t\t\t<\/h6>\n\t\t\t\t\t<\/div>\n\t\t\t\t<\/div>\n\t\t\t\t\t\t\t<div class=\"qodef-e qodef-textual-list-item\">\n                                            <div class=\"qodef-e-icon\" >\n                            <span class=\"qodef-shortcode qodef-m  qodef-icon-holder  qodef-layout--normal\"  >\t\t\t<span class=\"qodef-icon-ionicons ion-md-checkmark qodef-icon qodef-e\" style=\"\" ><\/span>\t<\/span>                        <\/div>\n                    \t\t\t\t\t<div class=\"qodef-e-title-holder\">\n\t\t\t\t\t\t<h6 class='qodef-e-title' style=\"font-size: 17px\">\n                            \t\t\t\t\t\t\t    Erstellung von Arbeits- und Aufhebungsvertr\u00e4gen                            \t\t\t\t\t\t<\/h6>\n\t\t\t\t\t<\/div>\n\t\t\t\t<\/div>\n\t\t\t\t<\/div>\n<\/div>\t\t\t\t<\/div>\n\t\t\t\t<\/div>\n\t\t\t\t<div class=\"elementor-element elementor-element-ccac6eb elementor-widget elementor-widget-text-editor\" data-id=\"ccac6eb\" data-element_type=\"widget\" data-widget_type=\"text-editor.default\">\n\t\t\t\t<div class=\"elementor-widget-container\">\n\t\t\t\t\t\t\t\t\t<p><strong>Wir freuen uns auf Ihre Kontaktaufnahme!<\/strong><\/p>\t\t\t\t\t\t\t\t<\/div>\n\t\t\t\t<\/div>\n\t\t\t\t\t<\/div>\n\t\t<\/div>\n\t\t\t\t\t<\/div>\n\t\t<\/section>\n\t\t\t\t<section class=\"elementor-section elementor-top-section elementor-element elementor-element-592463a7 elementor-section-full_width elementor-reverse-mobile elementor-section-height-default elementor-section-height-default\" data-id=\"592463a7\" data-element_type=\"section\" data-settings=\"{&quot;background_background&quot;:&quot;classic&quot;}\">\n\t\t\t\t\t\t<div class=\"elementor-container elementor-column-gap-no\">\n\t\t\t\t\t<div class=\"elementor-column elementor-col-50 elementor-top-column elementor-element elementor-element-67de438a\" data-id=\"67de438a\" data-element_type=\"column\">\n\t\t\t<div class=\"elementor-widget-wrap elementor-element-populated\">\n\t\t\t\t\t\t<div class=\"elementor-element elementor-element-2d63616d elementor-widget elementor-widget-leroux_core_single_image\" data-id=\"2d63616d\" data-element_type=\"widget\" data-widget_type=\"leroux_core_single_image.default\">\n\t\t\t\t<div class=\"elementor-widget-container\">\n\t\t\t\t\t<div class=\"qodef-shortcode qodef-m  qodef-single-image qodef-layout--default   \">\n\t\t\t<div class=\"qodef-m-image\">\n\t\t\t\t\t\t\t\t<img fetchpriority=\"high\" decoding=\"async\" src=\"https:\/\/ginsburg.de\/wp-content\/uploads\/2024\/04\/slider-3-800x600.jpg\" alt=\"\" width=\"800\" height=\"600\" data-ratio=\"1.3333333333333\" \/>\t\t\t\t\t\t\t<\/div>\n\t<\/div>\n\t\t\t\t<\/div>\n\t\t\t\t<\/div>\n\t\t\t\t\t<\/div>\n\t\t<\/div>\n\t\t\t\t<div class=\"elementor-column elementor-col-50 elementor-top-column elementor-element elementor-element-5d782434\" data-id=\"5d782434\" data-element_type=\"column\">\n\t\t\t<div class=\"elementor-widget-wrap elementor-element-populated\">\n\t\t\t\t\t\t<div class=\"elementor-element elementor-element-5211ff65 elementor-widget elementor-widget-leroux_core_section_title\" data-id=\"5211ff65\" data-element_type=\"widget\" data-widget_type=\"leroux_core_section_title.default\">\n\t\t\t\t<div class=\"elementor-widget-container\">\n\t\t\t\t\t<div class=\"qodef-shortcode qodef-m  qodef-section-title qodef-alignment--left qodef-title-break--disabled\">\n\t\t<h2 class=\"qodef-m-title\" >\n\t\t\t\t\tWir freuen uns darauf,<br \/> von Ihnen <span class=\"qodef-special-style\">zu<\/span> h\u00f6ren!\t\t\t<\/h2>\n\t<\/div>\n\t\t\t\t<\/div>\n\t\t\t\t<\/div>\n\t\t\t\t<div class=\"elementor-element elementor-element-5e9c712 elementor-widget elementor-widget-text-editor\" data-id=\"5e9c712\" data-element_type=\"widget\" data-widget_type=\"text-editor.default\">\n\t\t\t\t<div class=\"elementor-widget-container\">\n\t\t\t\t\t\t\t\t\t<p>Wir bieten Ihnen rechtliche Beratung und Unterst\u00fctzung.<\/p>\t\t\t\t\t\t\t\t<\/div>\n\t\t\t\t<\/div>\n\t\t\t\t<div class=\"elementor-element elementor-element-5b683d35 elementor-widget elementor-widget-leroux_core_button\" data-id=\"5b683d35\" data-element_type=\"widget\" data-widget_type=\"leroux_core_button.default\">\n\t\t\t\t<div class=\"elementor-widget-container\">\n\t\t\t\t\t<a class=\"qodef-shortcode qodef-m  qodef-button qodef-layout--textual   qodef-html--link\" href=\"https:\/\/ginsburg.de\/de\/kontakt\" target=\"_self\"  style=\"color: #20282D;font-size: 15px;font-weight: 500\">\n\t<span class=\"qodef-m-text\">Kontakt!<\/span>\n    <span class=\"qodef-m-arrow\"><svg class=\"qodef-svg--button-arrow\" xmlns=\"http:\/\/www.w3.org\/2000\/svg\" width=\"10\" height=\"10\" viewBox=\"0 0 9.8 9.8\"><g><path d=\"m.4 9.4 9-9\"\/><path d=\"M.4.5h8.9\"\/><path d=\"M9.3 9.4V.5\"\/><\/g><g><path d=\"m.4 9.4 9-9\"\/><path d=\"M.4.5h8.9\"\/><path d=\"M9.3 9.4V.5\"\/><\/g><\/svg><\/span>\n<\/a>\n\t\t\t\t<\/div>\n\t\t\t\t<\/div>\n\t\t\t\t\t<\/div>\n\t\t<\/div>\n\t\t\t\t\t<\/div>\n\t\t<\/section>\n\t\t\t\t<\/div>\n\t\t","protected":false},"excerpt":{"rendered":"<p>Arbeitsrecht Arbeitsrecht ist eines unserer Hauptt\u00e4tigkeitsfelder. Wir vertreten die Interessen von Arbeitnehmern, Betriebsr\u00e4ten sowie Arbeitgebern. Wir beraten Sie ausf\u00fchrlich und vertreten Sie au\u00dfergerichtlich sowie in allen erforderlichen Gerichtsverfahren. Unser Leistungsspektrum umfasst: K\u00fcndigungsschutzstreitigkeiten Abmahnungen Zeugnisstreitigkeiten Urlaubs- und \u00dcberstundenverg\u00fctung Teilzeit- \/ Befristungsrecht Erstellung von Arbeits- und Aufhebungsvertr\u00e4gen Wir freuen uns auf Ihre Kontaktaufnahme! Wir freuen uns darauf, [&hellip;]<\/p>\n","protected":false},"author":2,"featured_media":0,"parent":0,"menu_order":0,"comment_status":"closed","ping_status":"closed","template":"page-full-width.php","meta":{"om_disable_all_campaigns":false,"_monsterinsights_skip_tracking":false,"_monsterinsights_sitenote_active":false,"_monsterinsights_sitenote_note":"","_monsterinsights_sitenote_category":0,"footnotes":""},"class_list":["post-15021","page","type-page","status-publish","hentry"],"aioseo_notices":[],"_hostinger_reach_plugin_has_subscription_block":false,"_hostinger_reach_plugin_is_elementor":false,"_links":{"self":[{"href":"https:\/\/ginsburg.de\/de\/wp-json\/wp\/v2\/pages\/15021","targetHints":{"allow":["GET"]}}],"collection":[{"href":"https:\/\/ginsburg.de\/de\/wp-json\/wp\/v2\/pages"}],"about":[{"href":"https:\/\/ginsburg.de\/de\/wp-json\/wp\/v2\/types\/page"}],"author":[{"embeddable":true,"href":"https:\/\/ginsburg.de\/de\/wp-json\/wp\/v2\/users\/2"}],"replies":[{"embeddable":true,"href":"https:\/\/ginsburg.de\/de\/wp-json\/wp\/v2\/comments?post=15021"}],"version-history":[{"count":7,"href":"https:\/\/ginsburg.de\/de\/wp-json\/wp\/v2\/pages\/15021\/revisions"}],"predecessor-version":[{"id":15051,"href":"https:\/\/ginsburg.de\/de\/wp-json\/wp\/v2\/pages\/15021\/revisions\/15051"}],"wp:attachment":[{"href":"https:\/\/ginsburg.de\/de\/wp-json\/wp\/v2\/media?parent=15021"}],"curies":[{"name":"wp","href":"https:\/\/api.w.org\/{rel}","templated":true}]}}