{"id":15016,"date":"2024-04-29T22:25:37","date_gmt":"2024-04-29T20:25:37","guid":{"rendered":"https:\/\/ginsburg.de\/arbeitszeugnis\/"},"modified":"2024-06-28T13:13:31","modified_gmt":"2024-06-28T11:13:31","slug":"arbeitszeugnis","status":"publish","type":"page","link":"https:\/\/ginsburg.de\/de\/arbeitszeugnis\/","title":{"rendered":"Arbeitszeugnis"},"content":{"rendered":"\t\t<div data-elementor-type=\"wp-page\" data-elementor-id=\"15016\" class=\"elementor elementor-15016 elementor-14334\" data-elementor-post-type=\"page\">\n\t\t\t\t\t\t<section class=\"elementor-section elementor-top-section elementor-element elementor-element-5eae2fb0 elementor-section-full_width elementor-section-height-default elementor-section-height-default\" data-id=\"5eae2fb0\" data-element_type=\"section\">\n\t\t\t\t\t\t<div class=\"elementor-container elementor-column-gap-no\">\n\t\t\t\t\t<div class=\"elementor-column elementor-col-100 elementor-top-column elementor-element elementor-element-4d89e398\" data-id=\"4d89e398\" data-element_type=\"column\">\n\t\t\t<div class=\"elementor-widget-wrap elementor-element-populated\">\n\t\t\t\t\t\t<div class=\"elementor-element elementor-element-48049e elementor-widget elementor-widget-leroux_core_section_title\" data-id=\"48049e\" data-element_type=\"widget\" data-widget_type=\"leroux_core_section_title.default\">\n\t\t\t\t<div class=\"elementor-widget-container\">\n\t\t\t\t\t<div class=\"qodef-shortcode qodef-m  qodef-section-title qodef-alignment--left qodef-title-break--disabled\">\n\t\t<h2 class=\"qodef-m-title\" >\n\t\t\t\t\tArbeitszeugnis\t\t\t<\/h2>\n\t<\/div>\n\t\t\t\t<\/div>\n\t\t\t\t<\/div>\n\t\t\t\t<div class=\"elementor-element elementor-element-27185877 elementor-widget elementor-widget-text-editor\" data-id=\"27185877\" data-element_type=\"widget\" data-widget_type=\"text-editor.default\">\n\t\t\t\t<div class=\"elementor-widget-container\">\n\t\t\t\t\t\t\t\t\t<p>Auseinandersetzungen \u00fcber Arbeitszeugnisse sind besonders h\u00e4ufig, wenn Arbeitsverh\u00e4ltnisse nicht einvernehmlich beendet werden oder auf freundschaftlicher Basis auslaufen. Regelm\u00e4\u00dfig umstritten sind einerseits die Bewertung der Leistung des Arbeitnehmers durch den Arbeitgeber, die oft den Gef\u00fchlen des Arbeitnehmers widerspricht, und andererseits die Wahl der Formulierungen im Zeugnis.<\/p><p>Wenn Sie mit dem Ihnen ausgestellten Arbeitszeugnis nicht zufrieden sind, unsicher bez\u00fcglich bestimmter Formulierungen sind oder trotz Ihrer Bitte an den Arbeitgeber kein Zeugnis erhalten haben, kontaktieren Sie uns gerne. Gemeinsam mit Ihnen finden wir heraus, wie weiter vorzugehen ist.<\/p><p><strong>Oftmals kann mit Unterst\u00fctzung eines Rechtsanwalts eine au\u00dfergerichtliche Einigung zwischen dem Arbeitnehmer und dem (ehemaligen) Arbeitgeber erzielt werden. Sollte dies nicht m\u00f6glich sein, vertreten wir Sie auch im Rahmen einer Klage auf Zeugnisberichtigung vor dem zust\u00e4ndigen Arbeitsgericht.<\/strong><\/p>\t\t\t\t\t\t\t\t<\/div>\n\t\t\t\t<\/div>\n\t\t\t\t\t<\/div>\n\t\t<\/div>\n\t\t\t\t\t<\/div>\n\t\t<\/section>\n\t\t\t\t<section class=\"elementor-section elementor-top-section elementor-element elementor-element-c44b908 elementor-section-full_width elementor-reverse-mobile elementor-section-height-default elementor-section-height-default\" data-id=\"c44b908\" data-element_type=\"section\" data-settings=\"{&quot;background_background&quot;:&quot;classic&quot;}\">\n\t\t\t\t\t\t<div class=\"elementor-container elementor-column-gap-no\">\n\t\t\t\t\t<div class=\"elementor-column elementor-col-50 elementor-top-column elementor-element elementor-element-5932e9c8\" data-id=\"5932e9c8\" data-element_type=\"column\">\n\t\t\t<div class=\"elementor-widget-wrap elementor-element-populated\">\n\t\t\t\t\t\t<div class=\"elementor-element elementor-element-46d80dae elementor-widget elementor-widget-leroux_core_single_image\" data-id=\"46d80dae\" data-element_type=\"widget\" data-widget_type=\"leroux_core_single_image.default\">\n\t\t\t\t<div class=\"elementor-widget-container\">\n\t\t\t\t\t<div class=\"qodef-shortcode qodef-m  qodef-single-image qodef-layout--default   \">\n\t\t\t<div class=\"qodef-m-image\">\n\t\t\t\t\t\t\t\t<img fetchpriority=\"high\" decoding=\"async\" src=\"https:\/\/ginsburg.de\/wp-content\/uploads\/2024\/04\/slider-3-800x600.jpg\" alt=\"\" width=\"800\" height=\"600\" data-ratio=\"1.3333333333333\" \/>\t\t\t\t\t\t\t<\/div>\n\t<\/div>\n\t\t\t\t<\/div>\n\t\t\t\t<\/div>\n\t\t\t\t\t<\/div>\n\t\t<\/div>\n\t\t\t\t<div class=\"elementor-column elementor-col-50 elementor-top-column elementor-element elementor-element-5700e85e\" data-id=\"5700e85e\" data-element_type=\"column\">\n\t\t\t<div class=\"elementor-widget-wrap elementor-element-populated\">\n\t\t\t\t\t\t<div class=\"elementor-element elementor-element-1a55b175 elementor-widget elementor-widget-leroux_core_section_title\" data-id=\"1a55b175\" data-element_type=\"widget\" data-widget_type=\"leroux_core_section_title.default\">\n\t\t\t\t<div class=\"elementor-widget-container\">\n\t\t\t\t\t<div class=\"qodef-shortcode qodef-m  qodef-section-title qodef-alignment--left qodef-title-break--disabled\">\n\t\t<h2 class=\"qodef-m-title\" >\n\t\t\t\t\tKontaktieren Sie uns!\t\t\t<\/h2>\n\t<\/div>\n\t\t\t\t<\/div>\n\t\t\t\t<\/div>\n\t\t\t\t<div class=\"elementor-element elementor-element-46c964f9 elementor-widget elementor-widget-leroux_core_button\" data-id=\"46c964f9\" data-element_type=\"widget\" data-widget_type=\"leroux_core_button.default\">\n\t\t\t\t<div class=\"elementor-widget-container\">\n\t\t\t\t\t<a class=\"qodef-shortcode qodef-m  qodef-button qodef-layout--textual   qodef-html--link\" href=\"https:\/\/ginsburg.de\/de\/kontakt\" target=\"_self\"  style=\"color: #20282D;font-size: 15px;font-weight: 500\">\n\t<span class=\"qodef-m-text\">Kontakt!<\/span>\n    <span class=\"qodef-m-arrow\"><svg class=\"qodef-svg--button-arrow\" xmlns=\"http:\/\/www.w3.org\/2000\/svg\" width=\"10\" height=\"10\" viewBox=\"0 0 9.8 9.8\"><g><path d=\"m.4 9.4 9-9\"\/><path d=\"M.4.5h8.9\"\/><path d=\"M9.3 9.4V.5\"\/><\/g><g><path d=\"m.4 9.4 9-9\"\/><path d=\"M.4.5h8.9\"\/><path d=\"M9.3 9.4V.5\"\/><\/g><\/svg><\/span>\n<\/a>\n\t\t\t\t<\/div>\n\t\t\t\t<\/div>\n\t\t\t\t\t<\/div>\n\t\t<\/div>\n\t\t\t\t\t<\/div>\n\t\t<\/section>\n\t\t\t\t<\/div>\n\t\t","protected":false},"excerpt":{"rendered":"<p>Arbeitszeugnis Auseinandersetzungen \u00fcber Arbeitszeugnisse sind besonders h\u00e4ufig, wenn Arbeitsverh\u00e4ltnisse nicht einvernehmlich beendet werden oder auf freundschaftlicher Basis auslaufen. Regelm\u00e4\u00dfig umstritten sind einerseits die Bewertung der Leistung des Arbeitnehmers durch den Arbeitgeber, die oft den Gef\u00fchlen des Arbeitnehmers widerspricht, und andererseits die Wahl der Formulierungen im Zeugnis. Wenn Sie mit dem Ihnen ausgestellten Arbeitszeugnis nicht zufrieden [&hellip;]<\/p>\n","protected":false},"author":2,"featured_media":0,"parent":0,"menu_order":0,"comment_status":"closed","ping_status":"closed","template":"page-full-width.php","meta":{"om_disable_all_campaigns":false,"_monsterinsights_skip_tracking":false,"_monsterinsights_sitenote_active":false,"_monsterinsights_sitenote_note":"","_monsterinsights_sitenote_category":0,"footnotes":""},"class_list":["post-15016","page","type-page","status-publish","hentry"],"aioseo_notices":[],"_hostinger_reach_plugin_has_subscription_block":false,"_hostinger_reach_plugin_is_elementor":false,"_links":{"self":[{"href":"https:\/\/ginsburg.de\/de\/wp-json\/wp\/v2\/pages\/15016","targetHints":{"allow":["GET"]}}],"collection":[{"href":"https:\/\/ginsburg.de\/de\/wp-json\/wp\/v2\/pages"}],"about":[{"href":"https:\/\/ginsburg.de\/de\/wp-json\/wp\/v2\/types\/page"}],"author":[{"embeddable":true,"href":"https:\/\/ginsburg.de\/de\/wp-json\/wp\/v2\/users\/2"}],"replies":[{"embeddable":true,"href":"https:\/\/ginsburg.de\/de\/wp-json\/wp\/v2\/comments?post=15016"}],"version-history":[{"count":7,"href":"https:\/\/ginsburg.de\/de\/wp-json\/wp\/v2\/pages\/15016\/revisions"}],"predecessor-version":[{"id":15048,"href":"https:\/\/ginsburg.de\/de\/wp-json\/wp\/v2\/pages\/15016\/revisions\/15048"}],"wp:attachment":[{"href":"https:\/\/ginsburg.de\/de\/wp-json\/wp\/v2\/media?parent=15016"}],"curies":[{"name":"wp","href":"https:\/\/api.w.org\/{rel}","templated":true}]}}