{"id":15011,"date":"2024-04-29T22:22:55","date_gmt":"2024-04-29T20:22:55","guid":{"rendered":"https:\/\/ginsburg.de\/ueberstunden-und-urlaubsverguetung\/"},"modified":"2024-06-28T13:13:02","modified_gmt":"2024-06-28T11:13:02","slug":"ueberstunden-und-urlaubsverguetung","status":"publish","type":"page","link":"https:\/\/ginsburg.de\/de\/ueberstunden-und-urlaubsverguetung\/","title":{"rendered":"\u00dcberstunden und Urlaubsverg\u00fctung"},"content":{"rendered":"\t\t<div data-elementor-type=\"wp-page\" data-elementor-id=\"15011\" class=\"elementor elementor-15011 elementor-14329\" data-elementor-post-type=\"page\">\n\t\t\t\t\t\t<section class=\"elementor-section elementor-top-section elementor-element elementor-element-5102fbbe elementor-section-full_width elementor-section-height-default elementor-section-height-default\" data-id=\"5102fbbe\" data-element_type=\"section\">\n\t\t\t\t\t\t<div class=\"elementor-container elementor-column-gap-no\">\n\t\t\t\t\t<div class=\"elementor-column elementor-col-100 elementor-top-column elementor-element elementor-element-5b6a2d38\" data-id=\"5b6a2d38\" data-element_type=\"column\">\n\t\t\t<div class=\"elementor-widget-wrap elementor-element-populated\">\n\t\t\t\t\t\t<div class=\"elementor-element elementor-element-63af41ea elementor-widget elementor-widget-leroux_core_section_title\" data-id=\"63af41ea\" data-element_type=\"widget\" data-widget_type=\"leroux_core_section_title.default\">\n\t\t\t\t<div class=\"elementor-widget-container\">\n\t\t\t\t\t<div class=\"qodef-shortcode qodef-m  qodef-section-title qodef-alignment--left qodef-title-break--disabled\">\n\t\t<h2 class=\"qodef-m-title\" >\n\t\t\t\t\t\u00dcberstunden und Urlaubsverg\u00fctung\t\t\t<\/h2>\n\t<\/div>\n\t\t\t\t<\/div>\n\t\t\t\t<\/div>\n\t\t\t\t<div class=\"elementor-element elementor-element-5a426753 elementor-widget elementor-widget-text-editor\" data-id=\"5a426753\" data-element_type=\"widget\" data-widget_type=\"text-editor.default\">\n\t\t\t\t<div class=\"elementor-widget-container\">\n\t\t\t\t\t\t\t\t\t<p>Der Arbeitnehmer hat Anspruch auf \u00dcberstundenverg\u00fctung, wobei sorgf\u00e4ltig gepr\u00fcft werden muss, ob und in welchem Umfang \u00dcberstunden durch das Grundgehalt abgedeckt sind. Unter bestimmten Umst\u00e4nden kann eine entsprechende Regelung im Arbeitsvertrag unwirksam sein. Daher kann die Frage, ob der Arbeitnehmer Anspruch auf \u00dcberstundenverg\u00fctung hat und in welcher H\u00f6he diese besteht, erst nach Pr\u00fcfung der Unterlagen des Arbeitnehmers abschlie\u00dfend beantwortet werden.<\/p><p>Gem\u00e4\u00df \u00a7 7 Abs. 4 BurlG kann der Arbeitnehmer vom Arbeitgeber eine Verg\u00fctung f\u00fcr den Urlaub verlangen, den er infolge der Beendigung des Arbeitsverh\u00e4ltnisses ganz oder teilweise nicht nehmen konnte. Es kann jedoch wirksam im Arbeitsvertrag vereinbart worden sein, dass dies innerhalb einer bestimmten Frist geltend gemacht werden muss.<\/p>\t\t\t\t\t\t\t\t<\/div>\n\t\t\t\t<\/div>\n\t\t\t\t<div class=\"elementor-element elementor-element-728e4465 elementor-widget elementor-widget-leroux_core_section_title\" data-id=\"728e4465\" data-element_type=\"widget\" data-widget_type=\"leroux_core_section_title.default\">\n\t\t\t\t<div class=\"elementor-widget-container\">\n\t\t\t\t\t<div class=\"qodef-shortcode qodef-m  qodef-section-title qodef-alignment--left qodef-title-break--disabled\">\n\t\t<h3 class=\"qodef-m-title\" >\n\t\t\t\t\tErstellung von Arbeits- und<br \/> Aufhebungsvertr\u00e4gen\t\t\t<\/h3>\n\t<\/div>\n\t\t\t\t<\/div>\n\t\t\t\t<\/div>\n\t\t\t\t<div class=\"elementor-element elementor-element-2a7b534d elementor-widget elementor-widget-text-editor\" data-id=\"2a7b534d\" data-element_type=\"widget\" data-widget_type=\"text-editor.default\">\n\t\t\t\t<div class=\"elementor-widget-container\">\n\t\t\t\t\t\t\t\t\t<p>Erst im Streitfall zwischen Arbeitgeber und Arbeitnehmer zeigt sich h\u00e4ufig, dass bestimmte Formulierungen nicht klar genug sind oder Klauseln, die f\u00fcr eine Vielzahl von Vertr\u00e4gen vorgefertigt wurden, unwirksam sind.<\/p><p>Insbesondere wenn eine Klausel vom Arbeitsgericht f\u00fcr unwirksam erkl\u00e4rt wird, ist dies problematisch f\u00fcr den Arbeitgeber, da sie nicht im Interesse des Arbeitgebers auf das gesetzlich zul\u00e4ssige Ma\u00df reduziert wird, sondern ersatzlos gestrichen wird oder die entsprechende gesetzliche Regelung in Kraft tritt, die in der Regel arbeitnehmerfreundlicher ist, wenn die Klausel den Arbeitnehmer unangemessen benachteiligt.<\/p><p>Daher wird dringend empfohlen, dass Arbeitsvertr\u00e4ge, die wiederholt verwendet werden sollen, von einem Rechtsanwalt entworfen oder zumindest \u00fcberpr\u00fcft werden, um zuk\u00fcnftige Probleme zu vermeiden. Sollten Sie w\u00fcnschen, dass Ihre Vertr\u00e4ge oder einzelne Formulierungen erstellt oder \u00fcberpr\u00fcft werden, stehen wir Ihnen gerne zur Verf\u00fcgung.<\/p><p>Aufhebungsvertr\u00e4ge sind eine gute M\u00f6glichkeit, ein Arbeitsverh\u00e4ltnis au\u00dfergerichtlich durch gegenseitige Vereinbarung zu beenden, was hohe Kosten f\u00fcr Arbeitnehmer und Arbeitgeber sparen kann. Bei der Erstellung eines solchen Aufhebungsvertrags m\u00fcssen jedoch bestimmte rechtliche Grunds\u00e4tze beachtet werden.<\/p><p><strong>Wenn Sie unsere Hilfe bei der Erstellung eines Aufhebungsvertrags in Anspruch nehmen m\u00f6chten, stehen wir Ihnen gerne zur Beratung zur Verf\u00fcgung.<\/strong><\/p>\t\t\t\t\t\t\t\t<\/div>\n\t\t\t\t<\/div>\n\t\t\t\t\t<\/div>\n\t\t<\/div>\n\t\t\t\t\t<\/div>\n\t\t<\/section>\n\t\t\t\t<section class=\"elementor-section elementor-top-section elementor-element elementor-element-20c25638 elementor-section-full_width elementor-reverse-mobile elementor-section-height-default elementor-section-height-default\" data-id=\"20c25638\" data-element_type=\"section\" data-settings=\"{&quot;background_background&quot;:&quot;classic&quot;}\">\n\t\t\t\t\t\t<div class=\"elementor-container elementor-column-gap-no\">\n\t\t\t\t\t<div class=\"elementor-column elementor-col-50 elementor-top-column elementor-element elementor-element-2aec2a67\" data-id=\"2aec2a67\" data-element_type=\"column\">\n\t\t\t<div class=\"elementor-widget-wrap elementor-element-populated\">\n\t\t\t\t\t\t<div class=\"elementor-element elementor-element-5b08c34a elementor-widget elementor-widget-leroux_core_single_image\" data-id=\"5b08c34a\" data-element_type=\"widget\" data-widget_type=\"leroux_core_single_image.default\">\n\t\t\t\t<div class=\"elementor-widget-container\">\n\t\t\t\t\t<div class=\"qodef-shortcode qodef-m  qodef-single-image qodef-layout--default   \">\n\t\t\t<div class=\"qodef-m-image\">\n\t\t\t\t\t\t\t\t<img fetchpriority=\"high\" decoding=\"async\" src=\"https:\/\/ginsburg.de\/wp-content\/uploads\/2024\/04\/slider-3-800x600.jpg\" alt=\"\" width=\"800\" height=\"600\" data-ratio=\"1.3333333333333\" \/>\t\t\t\t\t\t\t<\/div>\n\t<\/div>\n\t\t\t\t<\/div>\n\t\t\t\t<\/div>\n\t\t\t\t\t<\/div>\n\t\t<\/div>\n\t\t\t\t<div class=\"elementor-column elementor-col-50 elementor-top-column elementor-element elementor-element-37d3ea09\" data-id=\"37d3ea09\" data-element_type=\"column\">\n\t\t\t<div class=\"elementor-widget-wrap elementor-element-populated\">\n\t\t\t\t\t\t<div class=\"elementor-element elementor-element-94f36ed elementor-widget elementor-widget-leroux_core_section_title\" data-id=\"94f36ed\" data-element_type=\"widget\" data-widget_type=\"leroux_core_section_title.default\">\n\t\t\t\t<div class=\"elementor-widget-container\">\n\t\t\t\t\t<div class=\"qodef-shortcode qodef-m  qodef-section-title qodef-alignment--left qodef-title-break--disabled\">\n\t\t<h2 class=\"qodef-m-title\" >\n\t\t\t\t\tKontaktieren Sie uns!\t\t\t<\/h2>\n\t<\/div>\n\t\t\t\t<\/div>\n\t\t\t\t<\/div>\n\t\t\t\t<div class=\"elementor-element elementor-element-4230fedb elementor-widget elementor-widget-leroux_core_button\" data-id=\"4230fedb\" data-element_type=\"widget\" data-widget_type=\"leroux_core_button.default\">\n\t\t\t\t<div class=\"elementor-widget-container\">\n\t\t\t\t\t<a class=\"qodef-shortcode qodef-m  qodef-button qodef-layout--textual   qodef-html--link\" href=\"https:\/\/ginsburg.de\/de\/kontakt\" target=\"_self\"  style=\"color: #20282D;font-size: 15px;font-weight: 500\">\n\t<span class=\"qodef-m-text\">Kontakt!<\/span>\n    <span class=\"qodef-m-arrow\"><svg class=\"qodef-svg--button-arrow\" xmlns=\"http:\/\/www.w3.org\/2000\/svg\" width=\"10\" height=\"10\" viewBox=\"0 0 9.8 9.8\"><g><path d=\"m.4 9.4 9-9\"\/><path d=\"M.4.5h8.9\"\/><path d=\"M9.3 9.4V.5\"\/><\/g><g><path d=\"m.4 9.4 9-9\"\/><path d=\"M.4.5h8.9\"\/><path d=\"M9.3 9.4V.5\"\/><\/g><\/svg><\/span>\n<\/a>\n\t\t\t\t<\/div>\n\t\t\t\t<\/div>\n\t\t\t\t\t<\/div>\n\t\t<\/div>\n\t\t\t\t\t<\/div>\n\t\t<\/section>\n\t\t\t\t<\/div>\n\t\t","protected":false},"excerpt":{"rendered":"<p>\u00dcberstunden und Urlaubsverg\u00fctung Der Arbeitnehmer hat Anspruch auf \u00dcberstundenverg\u00fctung, wobei sorgf\u00e4ltig gepr\u00fcft werden muss, ob und in welchem Umfang \u00dcberstunden durch das Grundgehalt abgedeckt sind. Unter bestimmten Umst\u00e4nden kann eine entsprechende Regelung im Arbeitsvertrag unwirksam sein. Daher kann die Frage, ob der Arbeitnehmer Anspruch auf \u00dcberstundenverg\u00fctung hat und in welcher H\u00f6he diese besteht, erst nach [&hellip;]<\/p>\n","protected":false},"author":2,"featured_media":0,"parent":0,"menu_order":0,"comment_status":"closed","ping_status":"closed","template":"page-full-width.php","meta":{"om_disable_all_campaigns":false,"_monsterinsights_skip_tracking":false,"_monsterinsights_sitenote_active":false,"_monsterinsights_sitenote_note":"","_monsterinsights_sitenote_category":0,"footnotes":""},"class_list":["post-15011","page","type-page","status-publish","hentry"],"aioseo_notices":[],"_hostinger_reach_plugin_has_subscription_block":false,"_hostinger_reach_plugin_is_elementor":false,"_links":{"self":[{"href":"https:\/\/ginsburg.de\/de\/wp-json\/wp\/v2\/pages\/15011","targetHints":{"allow":["GET"]}}],"collection":[{"href":"https:\/\/ginsburg.de\/de\/wp-json\/wp\/v2\/pages"}],"about":[{"href":"https:\/\/ginsburg.de\/de\/wp-json\/wp\/v2\/types\/page"}],"author":[{"embeddable":true,"href":"https:\/\/ginsburg.de\/de\/wp-json\/wp\/v2\/users\/2"}],"replies":[{"embeddable":true,"href":"https:\/\/ginsburg.de\/de\/wp-json\/wp\/v2\/comments?post=15011"}],"version-history":[{"count":7,"href":"https:\/\/ginsburg.de\/de\/wp-json\/wp\/v2\/pages\/15011\/revisions"}],"predecessor-version":[{"id":15045,"href":"https:\/\/ginsburg.de\/de\/wp-json\/wp\/v2\/pages\/15011\/revisions\/15045"}],"wp:attachment":[{"href":"https:\/\/ginsburg.de\/de\/wp-json\/wp\/v2\/media?parent=15011"}],"curies":[{"name":"wp","href":"https:\/\/api.w.org\/{rel}","templated":true}]}}