{"id":14999,"date":"2024-04-29T22:28:08","date_gmt":"2024-04-29T20:28:08","guid":{"rendered":"https:\/\/ginsburg.de\/arbeitsvertrag\/"},"modified":"2024-06-28T13:10:50","modified_gmt":"2024-06-28T11:10:50","slug":"arbeitsvertrag","status":"publish","type":"page","link":"https:\/\/ginsburg.de\/de\/arbeitsvertrag\/","title":{"rendered":"Arbeitsvertrag"},"content":{"rendered":"\t\t<div data-elementor-type=\"wp-page\" data-elementor-id=\"14999\" class=\"elementor elementor-14999 elementor-14339\" data-elementor-post-type=\"page\">\n\t\t\t\t\t\t<section class=\"elementor-section elementor-top-section elementor-element elementor-element-7c471468 elementor-section-full_width elementor-section-height-default elementor-section-height-default\" data-id=\"7c471468\" data-element_type=\"section\">\n\t\t\t\t\t\t<div class=\"elementor-container elementor-column-gap-no\">\n\t\t\t\t\t<div class=\"elementor-column elementor-col-100 elementor-top-column elementor-element elementor-element-37db8a85\" data-id=\"37db8a85\" data-element_type=\"column\">\n\t\t\t<div class=\"elementor-widget-wrap elementor-element-populated\">\n\t\t\t\t\t\t<div class=\"elementor-element elementor-element-7d0f9752 elementor-widget elementor-widget-leroux_core_section_title\" data-id=\"7d0f9752\" data-element_type=\"widget\" data-widget_type=\"leroux_core_section_title.default\">\n\t\t\t\t<div class=\"elementor-widget-container\">\n\t\t\t\t\t<div class=\"qodef-shortcode qodef-m  qodef-section-title qodef-alignment--left qodef-title-break--disabled\">\n\t\t<h2 class=\"qodef-m-title\" >\n\t\t\t\t\tTeilzeit- und Befristungsvertr\u00e4ge\t\t\t<\/h2>\n\t<\/div>\n\t\t\t\t<\/div>\n\t\t\t\t<\/div>\n\t\t\t\t<div class=\"elementor-element elementor-element-3bca7dde elementor-widget elementor-widget-text-editor\" data-id=\"3bca7dde\" data-element_type=\"widget\" data-widget_type=\"text-editor.default\">\n\t\t\t\t<div class=\"elementor-widget-container\">\n\t\t\t\t\t\t\t\t\tDie besonderen gesetzlichen Regelungen, denen Teilzeit- und Befristungsvertr\u00e4ge unterliegen, sind unter anderem im Teilzeit- und Befristungsgesetz (TzBfG) festgelegt. Weitere spezielle Bestimmungen ergeben sich aus entsprechenden Tarifvertr\u00e4gen.\t\t\t\t\t\t\t\t<\/div>\n\t\t\t\t<\/div>\n\t\t\t\t<div class=\"elementor-element elementor-element-f2717fe elementor-widget elementor-widget-leroux_core_section_title\" data-id=\"f2717fe\" data-element_type=\"widget\" data-widget_type=\"leroux_core_section_title.default\">\n\t\t\t\t<div class=\"elementor-widget-container\">\n\t\t\t\t\t<div class=\"qodef-shortcode qodef-m  qodef-section-title qodef-alignment--left qodef-title-break--disabled\">\n\t\t<h3 class=\"qodef-m-title\" >\n\t\t\t\t\tTeilzeitarbeitsrecht\t\t\t<\/h3>\n\t<\/div>\n\t\t\t\t<\/div>\n\t\t\t\t<\/div>\n\t\t\t\t<div class=\"elementor-element elementor-element-6fd9124 elementor-widget elementor-widget-text-editor\" data-id=\"6fd9124\" data-element_type=\"widget\" data-widget_type=\"text-editor.default\">\n\t\t\t\t<div class=\"elementor-widget-container\">\n\t\t\t\t\t\t\t\t\tAls Arbeitnehmer haben Sie grunds\u00e4tzlich einen Anspruch auf Teilzeitarbeit, auch wenn betriebliche Gr\u00fcnde, wie etwa unverh\u00e4ltnism\u00e4\u00dfige Kosten f\u00fcr Ihren Arbeitgeber, dem entgegenstehen k\u00f6nnen.\n\nWenn Sie Ihre Arbeitszeit auf Teilzeit reduzieren m\u00f6chten oder m\u00f6glicherweise in Vollzeit zur\u00fcckkehren m\u00f6chten, pr\u00fcfen wir gerne Ihre M\u00f6glichkeiten und k\u00fcmmern uns bei Bedarf um die Kommunikation mit Ihrem Arbeitgeber.\n\nM\u00f6chte eine bei Ihnen besch\u00e4ftigte Person gegen Ihren Willen ihre Arbeitszeit reduzieren, k\u00f6nnen Sie dem m\u00f6glicherweise wirksam widersprechen, sofern betriebliche Gr\u00fcnde dagegensprechen.\n\nGerne beraten wir Sie hierzu und setzen die erforderlichen Schritte um.\t\t\t\t\t\t\t\t<\/div>\n\t\t\t\t<\/div>\n\t\t\t\t<div class=\"elementor-element elementor-element-8a8c311 elementor-widget elementor-widget-leroux_core_section_title\" data-id=\"8a8c311\" data-element_type=\"widget\" data-widget_type=\"leroux_core_section_title.default\">\n\t\t\t\t<div class=\"elementor-widget-container\">\n\t\t\t\t\t<div class=\"qodef-shortcode qodef-m  qodef-section-title qodef-alignment--left qodef-title-break--disabled\">\n\t\t<h3 class=\"qodef-m-title\" >\n\t\t\t\t\tBefristete Arbeitsvertr\u00e4ge\t\t\t<\/h3>\n\t<\/div>\n\t\t\t\t<\/div>\n\t\t\t\t<\/div>\n\t\t\t\t<div class=\"elementor-element elementor-element-2a6a68c elementor-widget elementor-widget-text-editor\" data-id=\"2a6a68c\" data-element_type=\"widget\" data-widget_type=\"text-editor.default\">\n\t\t\t\t<div class=\"elementor-widget-container\">\n\t\t\t\t\t\t\t\t\t<p>Befristete Arbeitsvertr\u00e4ge sind unter bestimmten Voraussetzungen grunds\u00e4tzlich m\u00f6glich, die eine spezifische Einzelfallpr\u00fcfung erfordern.<\/p><p>M\u00f6chten Sie sich gegen Ihren befristeten Arbeitsvertrag oder einen erneut befristeten Vertrag zur Wehr setzen, pr\u00fcfen wir dessen Wirksamkeit. Ergibt unsere Pr\u00fcfung, dass der befristete Vertrag unwirksam ist, f\u00fchrt dies dazu, dass das Arbeitsverh\u00e4ltnis als unbefristet oder f\u00fcr unbestimmte Zeit gem\u00e4\u00df \u00a7 16 TzBfG gilt. Hierzu muss jedoch innerhalb von 3 Wochen nach dem vereinbarten Ende des befristeten Vertrags eine sogenannte Befristungskontrollklage bei dem zust\u00e4ndigen Arbeitsgericht eingereicht werden. Wird diese Frist vers\u00e4umt, gilt der befristete Vertrag als rechtswirksam.<\/p><p>Bitte beachten Sie dies, wenn Sie unsere Hilfe in Anspruch nehmen m\u00f6chten, um zu verhindern, dass Ihr Vertrag zeitlich begrenzt wird, und kontaktieren Sie uns bei Unsicherheiten rechtzeitig.<\/p><p>M\u00f6chten Sie als Arbeitgeber erstmals die Laufzeit eines neuen Arbeitsvertrags begrenzen oder die Laufzeit eines alten Arbeitsvertrags verl\u00e4ngern, bestehen verschiedene M\u00f6glichkeiten, die wiederum unterschiedliche Anforderungen und Besonderheiten ber\u00fccksichtigen m\u00fcssen.<\/p><p><strong>Gerne erl\u00e4utern wir Ihnen diese in einem pers\u00f6nlichen Gespr\u00e4ch und erstellen Ihnen auf Wunsch auch entsprechende Vertragsentw\u00fcrfe.<\/strong><\/p>\t\t\t\t\t\t\t\t<\/div>\n\t\t\t\t<\/div>\n\t\t\t\t\t<\/div>\n\t\t<\/div>\n\t\t\t\t\t<\/div>\n\t\t<\/section>\n\t\t\t\t<section class=\"elementor-section elementor-top-section elementor-element elementor-element-6424bddc elementor-section-full_width elementor-reverse-mobile elementor-section-height-default elementor-section-height-default\" data-id=\"6424bddc\" data-element_type=\"section\" data-settings=\"{&quot;background_background&quot;:&quot;classic&quot;}\">\n\t\t\t\t\t\t<div class=\"elementor-container elementor-column-gap-no\">\n\t\t\t\t\t<div class=\"elementor-column elementor-col-50 elementor-top-column elementor-element elementor-element-1e74fcd1\" data-id=\"1e74fcd1\" data-element_type=\"column\">\n\t\t\t<div class=\"elementor-widget-wrap elementor-element-populated\">\n\t\t\t\t\t\t<div class=\"elementor-element elementor-element-3631b80a elementor-widget elementor-widget-leroux_core_single_image\" data-id=\"3631b80a\" data-element_type=\"widget\" data-widget_type=\"leroux_core_single_image.default\">\n\t\t\t\t<div class=\"elementor-widget-container\">\n\t\t\t\t\t<div class=\"qodef-shortcode qodef-m  qodef-single-image qodef-layout--default   \">\n\t\t\t<div class=\"qodef-m-image\">\n\t\t\t\t\t\t\t\t<img fetchpriority=\"high\" decoding=\"async\" src=\"https:\/\/ginsburg.de\/wp-content\/uploads\/2024\/04\/slider-3-800x600.jpg\" alt=\"\" width=\"800\" height=\"600\" data-ratio=\"1.3333333333333\" \/>\t\t\t\t\t\t\t<\/div>\n\t<\/div>\n\t\t\t\t<\/div>\n\t\t\t\t<\/div>\n\t\t\t\t\t<\/div>\n\t\t<\/div>\n\t\t\t\t<div class=\"elementor-column elementor-col-50 elementor-top-column elementor-element elementor-element-53946d8b\" data-id=\"53946d8b\" data-element_type=\"column\">\n\t\t\t<div class=\"elementor-widget-wrap elementor-element-populated\">\n\t\t\t\t\t\t<div class=\"elementor-element elementor-element-695ae57 elementor-widget elementor-widget-leroux_core_section_title\" data-id=\"695ae57\" data-element_type=\"widget\" data-widget_type=\"leroux_core_section_title.default\">\n\t\t\t\t<div class=\"elementor-widget-container\">\n\t\t\t\t\t<div class=\"qodef-shortcode qodef-m  qodef-section-title qodef-alignment--left qodef-title-break--disabled\">\n\t\t<h2 class=\"qodef-m-title\" >\n\t\t\t\t\tKontaktieren Sie uns!\t\t\t<\/h2>\n\t<\/div>\n\t\t\t\t<\/div>\n\t\t\t\t<\/div>\n\t\t\t\t<div class=\"elementor-element elementor-element-3068b319 elementor-widget elementor-widget-text-editor\" data-id=\"3068b319\" data-element_type=\"widget\" data-widget_type=\"text-editor.default\">\n\t\t\t\t<div class=\"elementor-widget-container\">\n\t\t\t\t\t\t\t\t\t<p>Alles erl\u00e4utern wir Ihnen gerne in einem pers\u00f6nlichen Gespr\u00e4ch.<\/p>\t\t\t\t\t\t\t\t<\/div>\n\t\t\t\t<\/div>\n\t\t\t\t<div class=\"elementor-element elementor-element-2de882a2 elementor-widget elementor-widget-leroux_core_button\" data-id=\"2de882a2\" data-element_type=\"widget\" data-widget_type=\"leroux_core_button.default\">\n\t\t\t\t<div class=\"elementor-widget-container\">\n\t\t\t\t\t<a class=\"qodef-shortcode qodef-m  qodef-button qodef-layout--textual   qodef-html--link\" href=\"https:\/\/ginsburg.de\/de\/kontakt\" target=\"_self\"  style=\"color: #20282D;font-size: 15px;font-weight: 500\">\n\t<span class=\"qodef-m-text\">Kontakt!<\/span>\n    <span class=\"qodef-m-arrow\"><svg class=\"qodef-svg--button-arrow\" xmlns=\"http:\/\/www.w3.org\/2000\/svg\" width=\"10\" height=\"10\" viewBox=\"0 0 9.8 9.8\"><g><path d=\"m.4 9.4 9-9\"\/><path d=\"M.4.5h8.9\"\/><path d=\"M9.3 9.4V.5\"\/><\/g><g><path d=\"m.4 9.4 9-9\"\/><path d=\"M.4.5h8.9\"\/><path d=\"M9.3 9.4V.5\"\/><\/g><\/svg><\/span>\n<\/a>\n\t\t\t\t<\/div>\n\t\t\t\t<\/div>\n\t\t\t\t\t<\/div>\n\t\t<\/div>\n\t\t\t\t\t<\/div>\n\t\t<\/section>\n\t\t\t\t<\/div>\n\t\t","protected":false},"excerpt":{"rendered":"<p>Teilzeit- und Befristungsvertr\u00e4ge Die besonderen gesetzlichen Regelungen, denen Teilzeit- und Befristungsvertr\u00e4ge unterliegen, sind unter anderem im Teilzeit- und Befristungsgesetz (TzBfG) festgelegt. Weitere spezielle Bestimmungen ergeben sich aus entsprechenden Tarifvertr\u00e4gen. Teilzeitarbeitsrecht Als Arbeitnehmer haben Sie grunds\u00e4tzlich einen Anspruch auf Teilzeitarbeit, auch wenn betriebliche Gr\u00fcnde, wie etwa unverh\u00e4ltnism\u00e4\u00dfige Kosten f\u00fcr Ihren Arbeitgeber, dem entgegenstehen k\u00f6nnen. Wenn Sie [&hellip;]<\/p>\n","protected":false},"author":2,"featured_media":0,"parent":0,"menu_order":0,"comment_status":"closed","ping_status":"closed","template":"page-full-width.php","meta":{"om_disable_all_campaigns":false,"_monsterinsights_skip_tracking":false,"_monsterinsights_sitenote_active":false,"_monsterinsights_sitenote_note":"","_monsterinsights_sitenote_category":0,"footnotes":""},"class_list":["post-14999","page","type-page","status-publish","hentry"],"aioseo_notices":[],"_hostinger_reach_plugin_has_subscription_block":false,"_hostinger_reach_plugin_is_elementor":false,"_links":{"self":[{"href":"https:\/\/ginsburg.de\/de\/wp-json\/wp\/v2\/pages\/14999","targetHints":{"allow":["GET"]}}],"collection":[{"href":"https:\/\/ginsburg.de\/de\/wp-json\/wp\/v2\/pages"}],"about":[{"href":"https:\/\/ginsburg.de\/de\/wp-json\/wp\/v2\/types\/page"}],"author":[{"embeddable":true,"href":"https:\/\/ginsburg.de\/de\/wp-json\/wp\/v2\/users\/2"}],"replies":[{"embeddable":true,"href":"https:\/\/ginsburg.de\/de\/wp-json\/wp\/v2\/comments?post=14999"}],"version-history":[{"count":7,"href":"https:\/\/ginsburg.de\/de\/wp-json\/wp\/v2\/pages\/14999\/revisions"}],"predecessor-version":[{"id":15039,"href":"https:\/\/ginsburg.de\/de\/wp-json\/wp\/v2\/pages\/14999\/revisions\/15039"}],"wp:attachment":[{"href":"https:\/\/ginsburg.de\/de\/wp-json\/wp\/v2\/media?parent=14999"}],"curies":[{"name":"wp","href":"https:\/\/api.w.org\/{rel}","templated":true}]}}