{"id":14994,"date":"2024-04-29T22:34:44","date_gmt":"2024-04-29T20:34:44","guid":{"rendered":"https:\/\/ginsburg.de\/abmahnung\/"},"modified":"2024-06-28T13:09:20","modified_gmt":"2024-06-28T11:09:20","slug":"abmahnung","status":"publish","type":"page","link":"https:\/\/ginsburg.de\/de\/abmahnung\/","title":{"rendered":"Abmahnung"},"content":{"rendered":"\t\t<div data-elementor-type=\"wp-page\" data-elementor-id=\"14994\" class=\"elementor elementor-14994 elementor-14343\" data-elementor-post-type=\"page\">\n\t\t\t\t\t\t<section class=\"elementor-section elementor-top-section elementor-element elementor-element-39ffa70c elementor-section-full_width elementor-section-height-default elementor-section-height-default\" data-id=\"39ffa70c\" data-element_type=\"section\">\n\t\t\t\t\t\t<div class=\"elementor-container elementor-column-gap-no\">\n\t\t\t\t\t<div class=\"elementor-column elementor-col-100 elementor-top-column elementor-element elementor-element-6a8ffe04\" data-id=\"6a8ffe04\" data-element_type=\"column\">\n\t\t\t<div class=\"elementor-widget-wrap elementor-element-populated\">\n\t\t\t\t\t\t<div class=\"elementor-element elementor-element-4933dd71 elementor-widget elementor-widget-leroux_core_section_title\" data-id=\"4933dd71\" data-element_type=\"widget\" data-widget_type=\"leroux_core_section_title.default\">\n\t\t\t\t<div class=\"elementor-widget-container\">\n\t\t\t\t\t<div class=\"qodef-shortcode qodef-m  qodef-section-title qodef-alignment--left qodef-title-break--disabled\">\n\t\t<h2 class=\"qodef-m-title\" >\n\t\t\t\t\tAbmahnung\t\t\t<\/h2>\n\t<\/div>\n\t\t\t\t<\/div>\n\t\t\t\t<\/div>\n\t\t\t\t<div class=\"elementor-element elementor-element-39aceb10 elementor-widget elementor-widget-text-editor\" data-id=\"39aceb10\" data-element_type=\"widget\" data-widget_type=\"text-editor.default\">\n\t\t\t\t<div class=\"elementor-widget-container\">\n\t\t\t\t\t\t\t\t\t<p>Arbeitgeber haben die M\u00f6glichkeit, einem Arbeitnehmer bei bestimmten Fehlverhalten eine Abmahnung auszusprechen, das sie als Versto\u00df gegen den Arbeitsvertrag betrachten.<\/p><p>Eine solche Abmahnung dient einerseits dazu, den Mitarbeiter \u00fcber das ger\u00fcgte Fehlverhalten zu informieren und ihn andererseits zu warnen, dass bei erneutem Auftreten des ger\u00fcgten Verhaltens das Fortbestehen des Arbeitsverh\u00e4ltnisses gef\u00e4hrdet ist und er dann mit einer verhaltensbedingten K\u00fcndigung durch den Arbeitgeber rechnen muss. Abschlie\u00dfend hat eine Abmahnung, idealerweise schriftlich und in der Personalakte festgehalten, auch die Funktion, Beweismittel zu sichern und zu dokumentieren.<\/p><p>Unter bestimmten Umst\u00e4nden kann eine dieser Bedingungen nicht klar erf\u00fcllt sein, mit der Folge, dass es sich lediglich um eine sogenannte Ermahnung handelt, die wiederum regelm\u00e4\u00dfig keine verhaltensbedingte K\u00fcndigung bei erneutem Fehlverhalten erm\u00f6glicht.<\/p><p>Da die rechtliche Wirksamkeit eines Abmahnschreibens f\u00fcr einen m\u00f6glichen zuk\u00fcnftigen Rechtsstreit \u00fcber die Fortsetzung des Arbeitsverh\u00e4ltnisses, aber auch f\u00fcr die berufliche Entwicklung oder Karriere des Arbeitnehmers von entscheidender Bedeutung sein kann, sollte dies nicht leichtfertig genommen werden. Insbesondere im Rahmen von K\u00fcndigungsschutzverfahren kann die Wirksamkeit einer fr\u00fcheren Abmahnung in der Personalakte \u00fcber die Fortsetzung des Arbeitsverh\u00e4ltnisses entscheiden.<\/p><p><strong>Wenn Sie als Arbeitnehmer eine Abmahnung erhalten haben und nicht wissen, ob und wie Sie sich am besten dagegen verteidigen k\u00f6nnen, stehen wir Ihnen gerne zur Verf\u00fcgung. Wir pr\u00fcfen dann gemeinsam mit Ihnen, ob es eine au\u00dfergerichtliche L\u00f6sung gibt und f\u00fchren gegebenenfalls rechtliche Schritte in Ihrem Namen durch.<\/strong><\/p>\t\t\t\t\t\t\t\t<\/div>\n\t\t\t\t<\/div>\n\t\t\t\t\t<\/div>\n\t\t<\/div>\n\t\t\t\t\t<\/div>\n\t\t<\/section>\n\t\t\t\t<section class=\"elementor-section elementor-top-section elementor-element elementor-element-524f0563 elementor-section-full_width elementor-reverse-mobile elementor-section-height-default elementor-section-height-default\" data-id=\"524f0563\" data-element_type=\"section\" data-settings=\"{&quot;background_background&quot;:&quot;classic&quot;}\">\n\t\t\t\t\t\t<div class=\"elementor-container elementor-column-gap-no\">\n\t\t\t\t\t<div class=\"elementor-column elementor-col-50 elementor-top-column elementor-element elementor-element-47445721\" data-id=\"47445721\" data-element_type=\"column\">\n\t\t\t<div class=\"elementor-widget-wrap elementor-element-populated\">\n\t\t\t\t\t\t<div class=\"elementor-element elementor-element-169d30e1 elementor-widget elementor-widget-leroux_core_single_image\" data-id=\"169d30e1\" data-element_type=\"widget\" data-widget_type=\"leroux_core_single_image.default\">\n\t\t\t\t<div class=\"elementor-widget-container\">\n\t\t\t\t\t<div class=\"qodef-shortcode qodef-m  qodef-single-image qodef-layout--default   \">\n\t\t\t<div class=\"qodef-m-image\">\n\t\t\t\t\t\t\t\t<img fetchpriority=\"high\" decoding=\"async\" src=\"https:\/\/ginsburg.de\/wp-content\/uploads\/2024\/04\/slider-3-800x600.jpg\" alt=\"\" width=\"800\" height=\"600\" data-ratio=\"1.3333333333333\" \/>\t\t\t\t\t\t\t<\/div>\n\t<\/div>\n\t\t\t\t<\/div>\n\t\t\t\t<\/div>\n\t\t\t\t\t<\/div>\n\t\t<\/div>\n\t\t\t\t<div class=\"elementor-column elementor-col-50 elementor-top-column elementor-element elementor-element-57a23505\" data-id=\"57a23505\" data-element_type=\"column\">\n\t\t\t<div class=\"elementor-widget-wrap elementor-element-populated\">\n\t\t\t\t\t\t<div class=\"elementor-element elementor-element-6ecac027 elementor-widget elementor-widget-leroux_core_section_title\" data-id=\"6ecac027\" data-element_type=\"widget\" data-widget_type=\"leroux_core_section_title.default\">\n\t\t\t\t<div class=\"elementor-widget-container\">\n\t\t\t\t\t<div class=\"qodef-shortcode qodef-m  qodef-section-title qodef-alignment--left qodef-title-break--disabled\">\n\t\t<h2 class=\"qodef-m-title\" >\n\t\t\t\t\tKontaktieren Sie uns!\t\t\t<\/h2>\n\t<\/div>\n\t\t\t\t<\/div>\n\t\t\t\t<\/div>\n\t\t\t\t<div class=\"elementor-element elementor-element-7d2d279 elementor-widget elementor-widget-leroux_core_button\" data-id=\"7d2d279\" data-element_type=\"widget\" data-widget_type=\"leroux_core_button.default\">\n\t\t\t\t<div class=\"elementor-widget-container\">\n\t\t\t\t\t<a class=\"qodef-shortcode qodef-m  qodef-button qodef-layout--textual   qodef-html--link\" href=\"https:\/\/ginsburg.de\/de\/kontakt\" target=\"_self\"  style=\"color: #20282D;font-size: 15px;font-weight: 500\">\n\t<span class=\"qodef-m-text\">Kontakt!<\/span>\n    <span class=\"qodef-m-arrow\"><svg class=\"qodef-svg--button-arrow\" xmlns=\"http:\/\/www.w3.org\/2000\/svg\" width=\"10\" height=\"10\" viewBox=\"0 0 9.8 9.8\"><g><path d=\"m.4 9.4 9-9\"\/><path d=\"M.4.5h8.9\"\/><path d=\"M9.3 9.4V.5\"\/><\/g><g><path d=\"m.4 9.4 9-9\"\/><path d=\"M.4.5h8.9\"\/><path d=\"M9.3 9.4V.5\"\/><\/g><\/svg><\/span>\n<\/a>\n\t\t\t\t<\/div>\n\t\t\t\t<\/div>\n\t\t\t\t\t<\/div>\n\t\t<\/div>\n\t\t\t\t\t<\/div>\n\t\t<\/section>\n\t\t\t\t<\/div>\n\t\t","protected":false},"excerpt":{"rendered":"<p>Abmahnung Arbeitgeber haben die M\u00f6glichkeit, einem Arbeitnehmer bei bestimmten Fehlverhalten eine Abmahnung auszusprechen, das sie als Versto\u00df gegen den Arbeitsvertrag betrachten. Eine solche Abmahnung dient einerseits dazu, den Mitarbeiter \u00fcber das ger\u00fcgte Fehlverhalten zu informieren und ihn andererseits zu warnen, dass bei erneutem Auftreten des ger\u00fcgten Verhaltens das Fortbestehen des Arbeitsverh\u00e4ltnisses gef\u00e4hrdet ist und er [&hellip;]<\/p>\n","protected":false},"author":2,"featured_media":0,"parent":0,"menu_order":0,"comment_status":"closed","ping_status":"closed","template":"page-full-width.php","meta":{"om_disable_all_campaigns":false,"_monsterinsights_skip_tracking":false,"_monsterinsights_sitenote_active":false,"_monsterinsights_sitenote_note":"","_monsterinsights_sitenote_category":0,"footnotes":""},"class_list":["post-14994","page","type-page","status-publish","hentry"],"aioseo_notices":[],"_hostinger_reach_plugin_has_subscription_block":false,"_hostinger_reach_plugin_is_elementor":false,"_links":{"self":[{"href":"https:\/\/ginsburg.de\/de\/wp-json\/wp\/v2\/pages\/14994","targetHints":{"allow":["GET"]}}],"collection":[{"href":"https:\/\/ginsburg.de\/de\/wp-json\/wp\/v2\/pages"}],"about":[{"href":"https:\/\/ginsburg.de\/de\/wp-json\/wp\/v2\/types\/page"}],"author":[{"embeddable":true,"href":"https:\/\/ginsburg.de\/de\/wp-json\/wp\/v2\/users\/2"}],"replies":[{"embeddable":true,"href":"https:\/\/ginsburg.de\/de\/wp-json\/wp\/v2\/comments?post=14994"}],"version-history":[{"count":7,"href":"https:\/\/ginsburg.de\/de\/wp-json\/wp\/v2\/pages\/14994\/revisions"}],"predecessor-version":[{"id":15036,"href":"https:\/\/ginsburg.de\/de\/wp-json\/wp\/v2\/pages\/14994\/revisions\/15036"}],"wp:attachment":[{"href":"https:\/\/ginsburg.de\/de\/wp-json\/wp\/v2\/media?parent=14994"}],"curies":[{"name":"wp","href":"https:\/\/api.w.org\/{rel}","templated":true}]}}