{"id":14976,"date":"2024-04-29T22:01:45","date_gmt":"2024-04-29T20:01:45","guid":{"rendered":"https:\/\/ginsburg.de\/interpol\/"},"modified":"2024-06-28T13:16:33","modified_gmt":"2024-06-28T11:16:33","slug":"interpol","status":"publish","type":"page","link":"https:\/\/ginsburg.de\/de\/interpol\/","title":{"rendered":"Interpol"},"content":{"rendered":"\t\t<div data-elementor-type=\"wp-page\" data-elementor-id=\"14976\" class=\"elementor elementor-14976 elementor-14306\" data-elementor-post-type=\"page\">\n\t\t\t\t\t\t<section class=\"elementor-section elementor-top-section elementor-element elementor-element-1928304b elementor-section-full_width elementor-section-height-default elementor-section-height-default\" data-id=\"1928304b\" data-element_type=\"section\">\n\t\t\t\t\t\t<div class=\"elementor-container elementor-column-gap-no\">\n\t\t\t\t\t<div class=\"elementor-column elementor-col-100 elementor-top-column elementor-element elementor-element-680ce20f\" data-id=\"680ce20f\" data-element_type=\"column\">\n\t\t\t<div class=\"elementor-widget-wrap elementor-element-populated\">\n\t\t\t\t\t\t<div class=\"elementor-element elementor-element-639c580a elementor-widget elementor-widget-leroux_core_section_title\" data-id=\"639c580a\" data-element_type=\"widget\" data-widget_type=\"leroux_core_section_title.default\">\n\t\t\t\t<div class=\"elementor-widget-container\">\n\t\t\t\t\t<div class=\"qodef-shortcode qodef-m  qodef-section-title qodef-alignment--left qodef-title-break--disabled\">\n\t\t<h2 class=\"qodef-m-title\" >\n\t\t\t\t\tInterpol\t\t\t<\/h2>\n\t<\/div>\n\t\t\t\t<\/div>\n\t\t\t\t<\/div>\n\t\t\t\t<div class=\"elementor-element elementor-element-9cf3602 elementor-widget elementor-widget-text-editor\" data-id=\"9cf3602\" data-element_type=\"widget\" data-widget_type=\"text-editor.default\">\n\t\t\t\t<div class=\"elementor-widget-container\">\n\t\t\t\t\t\t\t\t\t<p>Interpol, oder die Internationale Kriminalpolizeiliche Organisation, ist eine internationale Organisation, die die Zusammenarbeit und Kooperation zwischen Strafverfolgungsbeh\u00f6rden verschiedener L\u00e4nder erleichtert. Sie wurde 1923 gegr\u00fcndet und hat ihren Hauptsitz in Lyon, Frankreich.<\/p><p><strong>Wichtige Punkte \u00fcber Interpol:<\/strong><\/p>\t\t\t\t\t\t\t\t<\/div>\n\t\t\t\t<\/div>\n\t\t\t\t<div class=\"elementor-element elementor-element-65628715 elementor-widget elementor-widget-text-editor\" data-id=\"65628715\" data-element_type=\"widget\" data-widget_type=\"text-editor.default\">\n\t\t\t\t<div class=\"elementor-widget-container\">\n\t\t\t\t\t\t\t\t\t<ol><li><strong>Globales Netzwerk:<\/strong> Interpol bietet eine Plattform f\u00fcr Polizeikr\u00e4fte aus 194 Mitgliedsl\u00e4ndern, um gemeinsam an internationalen Kriminalit\u00e4tsfragen zu arbeiten. Jedes Mitgliedsland verf\u00fcgt \u00fcber ein Nationales Zentralb\u00fcro (NCB), das als Bindeglied zwischen Interpol und den Strafverfolgungsbeh\u00f6rden des jeweiligen Landes fungiert.<\/li><li><strong>Informationsaustausch:<\/strong> Interpol erleichtert den Austausch von Informationen zwischen Mitgliedsl\u00e4ndern, um transnationale Verbrechen wie Terrorismus, Menschenhandel, Drogenhandel, Cyberkriminalit\u00e4t und organisierte Kriminalit\u00e4t zu bek\u00e4mpfen. Die Organisation dient als Drehscheibe f\u00fcr den Austausch von Geheimdienstinformationen und die Koordinierung von Bem\u00fchungen zur Bew\u00e4ltigung globaler krimineller Herausforderungen.<\/li><li><strong>Datenbank:<\/strong> Interpol unterh\u00e4lt ein sicheres globales Polizeikommunikationssystem und Datenbanken, die Informationen \u00fcber Kriminelle, vermisste Personen, gestohlene G\u00fcter und andere relevante Daten enthalten. Strafverfolgungsbeh\u00f6rden aus Mitgliedsl\u00e4ndern k\u00f6nnen auf diese Datenbanken zugreifen und zu ihnen beitragen.<\/li><li><strong>Keine Polizeitruppe:<\/strong> Interpol ist keine \u00fcbernationale Polizeitruppe und hat keine Befugnis zur Verhaftung. Stattdessen fungiert sie als Facilitator f\u00fcr die internationale Polizeizusammenarbeit, indem sie eine Plattform f\u00fcr Kommunikation und Zusammenarbeit bereitstellt.<\/li><li><strong>Generalsekretariat:<\/strong> Die t\u00e4gliche Arbeit von Interpol wird vom Generalsekretariat geleitet, das vom Generalsekret\u00e4r gef\u00fchrt wird. Die Organisation verf\u00fcgt auch \u00fcber regionale B\u00fcros auf der ganzen Welt.<\/li><li><strong>Rechtsrahmen:<\/strong> Interpol arbeitet im Rahmen des V\u00f6lkerrechts und respektiert die Grunds\u00e4tze der Neutralit\u00e4t und der Nicht-Einmischung in innere Angelegenheiten. Ihre Ma\u00dfnahmen werden von der Generalversammlung und dem Exekutivkomitee geleitet.<\/li><li><strong>Globale polizeiliche Herausforderungen:<\/strong> Interpol spielt eine entscheidende Rolle bei der Bew\u00e4ltigung globaler Herausforderungen, die koordinierte Bem\u00fchungen erfordern, wie die Bek\u00e4mpfung von Terrorismus, Cyberkriminalit\u00e4t und Menschenhandel.<\/li><\/ol>\t\t\t\t\t\t\t\t<\/div>\n\t\t\t\t<\/div>\n\t\t\t\t<div class=\"elementor-element elementor-element-66a05f40 elementor-widget elementor-widget-text-editor\" data-id=\"66a05f40\" data-element_type=\"widget\" data-widget_type=\"text-editor.default\">\n\t\t\t\t<div class=\"elementor-widget-container\">\n\t\t\t\t\t\t\t\t\tEs ist wichtig zu beachten, dass die Wirksamkeit von Interpol bei der internationalen Polizeizusammenarbeit von der Bereitschaft der Mitgliedsl\u00e4nder abh\u00e4ngt, zusammenzuarbeiten und Informationen auszutauschen. Die Arbeit von Interpol erfolgt in \u00dcbereinstimmung mit internationalem Recht und Menschenrechtsstandards.\t\t\t\t\t\t\t\t<\/div>\n\t\t\t\t<\/div>\n\t\t\t\t\t<\/div>\n\t\t<\/div>\n\t\t\t\t\t<\/div>\n\t\t<\/section>\n\t\t\t\t<section class=\"elementor-section elementor-top-section elementor-element elementor-element-622db2fb elementor-section-full_width elementor-reverse-mobile elementor-section-height-default elementor-section-height-default\" data-id=\"622db2fb\" data-element_type=\"section\" data-settings=\"{&quot;background_background&quot;:&quot;classic&quot;}\">\n\t\t\t\t\t\t<div class=\"elementor-container elementor-column-gap-no\">\n\t\t\t\t\t<div class=\"elementor-column elementor-col-50 elementor-top-column elementor-element elementor-element-7bb51365\" data-id=\"7bb51365\" data-element_type=\"column\">\n\t\t\t<div class=\"elementor-widget-wrap elementor-element-populated\">\n\t\t\t\t\t\t<div class=\"elementor-element elementor-element-6afa6eb9 elementor-widget elementor-widget-leroux_core_single_image\" data-id=\"6afa6eb9\" data-element_type=\"widget\" data-widget_type=\"leroux_core_single_image.default\">\n\t\t\t\t<div class=\"elementor-widget-container\">\n\t\t\t\t\t<div class=\"qodef-shortcode qodef-m  qodef-single-image qodef-layout--default   \">\n\t\t\t<div class=\"qodef-m-image\">\n\t\t\t\t\t\t\t\t<img fetchpriority=\"high\" decoding=\"async\" src=\"https:\/\/ginsburg.de\/wp-content\/uploads\/2024\/04\/slider-3-800x600.jpg\" alt=\"\" width=\"800\" height=\"600\" data-ratio=\"1.3333333333333\" \/>\t\t\t\t\t\t\t<\/div>\n\t<\/div>\n\t\t\t\t<\/div>\n\t\t\t\t<\/div>\n\t\t\t\t\t<\/div>\n\t\t<\/div>\n\t\t\t\t<div class=\"elementor-column elementor-col-50 elementor-top-column elementor-element elementor-element-1fff4ac7\" data-id=\"1fff4ac7\" data-element_type=\"column\">\n\t\t\t<div class=\"elementor-widget-wrap elementor-element-populated\">\n\t\t\t\t\t\t<div class=\"elementor-element elementor-element-7eef580d elementor-widget elementor-widget-leroux_core_section_title\" data-id=\"7eef580d\" data-element_type=\"widget\" data-widget_type=\"leroux_core_section_title.default\">\n\t\t\t\t<div class=\"elementor-widget-container\">\n\t\t\t\t\t<div class=\"qodef-shortcode qodef-m  qodef-section-title qodef-alignment--left qodef-title-break--disabled\">\n\t\t<h2 class=\"qodef-m-title\" >\n\t\t\t\t\tKontaktierrn Sie uns!\t\t\t<\/h2>\n\t<\/div>\n\t\t\t\t<\/div>\n\t\t\t\t<\/div>\n\t\t\t\t<div class=\"elementor-element elementor-element-2d299056 elementor-widget elementor-widget-leroux_core_button\" data-id=\"2d299056\" data-element_type=\"widget\" data-widget_type=\"leroux_core_button.default\">\n\t\t\t\t<div class=\"elementor-widget-container\">\n\t\t\t\t\t<a class=\"qodef-shortcode qodef-m  qodef-button qodef-layout--textual   qodef-html--link\" href=\"https:\/\/ginsburg.de\/de\/kontakt\" target=\"_self\"  style=\"color: #20282D;font-size: 15px;font-weight: 500\">\n\t<span class=\"qodef-m-text\">Kontakt!<\/span>\n    <span class=\"qodef-m-arrow\"><svg class=\"qodef-svg--button-arrow\" xmlns=\"http:\/\/www.w3.org\/2000\/svg\" width=\"10\" height=\"10\" viewBox=\"0 0 9.8 9.8\"><g><path d=\"m.4 9.4 9-9\"\/><path d=\"M.4.5h8.9\"\/><path d=\"M9.3 9.4V.5\"\/><\/g><g><path d=\"m.4 9.4 9-9\"\/><path d=\"M.4.5h8.9\"\/><path d=\"M9.3 9.4V.5\"\/><\/g><\/svg><\/span>\n<\/a>\n\t\t\t\t<\/div>\n\t\t\t\t<\/div>\n\t\t\t\t\t<\/div>\n\t\t<\/div>\n\t\t\t\t\t<\/div>\n\t\t<\/section>\n\t\t\t\t<\/div>\n\t\t","protected":false},"excerpt":{"rendered":"<p>Interpol Interpol, oder die Internationale Kriminalpolizeiliche Organisation, ist eine internationale Organisation, die die Zusammenarbeit und Kooperation zwischen Strafverfolgungsbeh\u00f6rden verschiedener L\u00e4nder erleichtert. Sie wurde 1923 gegr\u00fcndet und hat ihren Hauptsitz in Lyon, Frankreich. Wichtige Punkte \u00fcber Interpol: Globales Netzwerk: Interpol bietet eine Plattform f\u00fcr Polizeikr\u00e4fte aus 194 Mitgliedsl\u00e4ndern, um gemeinsam an internationalen Kriminalit\u00e4tsfragen zu arbeiten. Jedes [&hellip;]<\/p>\n","protected":false},"author":2,"featured_media":0,"parent":0,"menu_order":0,"comment_status":"closed","ping_status":"closed","template":"page-full-width.php","meta":{"om_disable_all_campaigns":false,"_monsterinsights_skip_tracking":false,"_monsterinsights_sitenote_active":false,"_monsterinsights_sitenote_note":"","_monsterinsights_sitenote_category":0,"footnotes":""},"class_list":["post-14976","page","type-page","status-publish","hentry"],"aioseo_notices":[],"_hostinger_reach_plugin_has_subscription_block":false,"_hostinger_reach_plugin_is_elementor":false,"_links":{"self":[{"href":"https:\/\/ginsburg.de\/de\/wp-json\/wp\/v2\/pages\/14976","targetHints":{"allow":["GET"]}}],"collection":[{"href":"https:\/\/ginsburg.de\/de\/wp-json\/wp\/v2\/pages"}],"about":[{"href":"https:\/\/ginsburg.de\/de\/wp-json\/wp\/v2\/types\/page"}],"author":[{"embeddable":true,"href":"https:\/\/ginsburg.de\/de\/wp-json\/wp\/v2\/users\/2"}],"replies":[{"embeddable":true,"href":"https:\/\/ginsburg.de\/de\/wp-json\/wp\/v2\/comments?post=14976"}],"version-history":[{"count":7,"href":"https:\/\/ginsburg.de\/de\/wp-json\/wp\/v2\/pages\/14976\/revisions"}],"predecessor-version":[{"id":15054,"href":"https:\/\/ginsburg.de\/de\/wp-json\/wp\/v2\/pages\/14976\/revisions\/15054"}],"wp:attachment":[{"href":"https:\/\/ginsburg.de\/de\/wp-json\/wp\/v2\/media?parent=14976"}],"curies":[{"name":"wp","href":"https:\/\/api.w.org\/{rel}","templated":true}]}}