{"id":14971,"date":"2024-04-29T21:58:50","date_gmt":"2024-04-29T19:58:50","guid":{"rendered":"https:\/\/ginsburg.de\/europol\/"},"modified":"2024-06-28T13:17:08","modified_gmt":"2024-06-28T11:17:08","slug":"europol","status":"publish","type":"page","link":"https:\/\/ginsburg.de\/de\/europol\/","title":{"rendered":"Europol"},"content":{"rendered":"\t\t<div data-elementor-type=\"wp-page\" data-elementor-id=\"14971\" class=\"elementor elementor-14971 elementor-14301\" data-elementor-post-type=\"page\">\n\t\t\t\t\t\t<section class=\"elementor-section elementor-top-section elementor-element elementor-element-74c330ae elementor-section-full_width elementor-section-height-default elementor-section-height-default\" data-id=\"74c330ae\" data-element_type=\"section\">\n\t\t\t\t\t\t<div class=\"elementor-container elementor-column-gap-no\">\n\t\t\t\t\t<div class=\"elementor-column elementor-col-100 elementor-top-column elementor-element elementor-element-6c67852\" data-id=\"6c67852\" data-element_type=\"column\">\n\t\t\t<div class=\"elementor-widget-wrap elementor-element-populated\">\n\t\t\t\t\t\t<div class=\"elementor-element elementor-element-7f9e4d20 elementor-widget elementor-widget-leroux_core_section_title\" data-id=\"7f9e4d20\" data-element_type=\"widget\" data-widget_type=\"leroux_core_section_title.default\">\n\t\t\t\t<div class=\"elementor-widget-container\">\n\t\t\t\t\t<div class=\"qodef-shortcode qodef-m  qodef-section-title qodef-alignment--left qodef-title-break--disabled\">\n\t\t<h2 class=\"qodef-m-title\" >\n\t\t\t\t\tEuropol\t\t\t<\/h2>\n\t<\/div>\n\t\t\t\t<\/div>\n\t\t\t\t<\/div>\n\t\t\t\t<div class=\"elementor-element elementor-element-f7d8c6f elementor-widget elementor-widget-text-editor\" data-id=\"f7d8c6f\" data-element_type=\"widget\" data-widget_type=\"text-editor.default\">\n\t\t\t\t<div class=\"elementor-widget-container\">\n\t\t\t\t\t\t\t\t\t<p>Europol, die Abk\u00fcrzung f\u00fcr die Europ\u00e4ische Polizeibeh\u00f6rde f\u00fcr Strafverfolgungszusammenarbeit, ist eine Agentur der Europ\u00e4ischen Union (EU), die darauf abzielt, die Effektivit\u00e4t und Unterst\u00fctzung der Strafverfolgungsbeh\u00f6rden in den EU-Mitgliedstaaten zu verbessern. Gegr\u00fcndet im Jahr 1999 und mit Hauptsitz in Den Haag, Niederlande, fungiert Europol als zentrale Plattform f\u00fcr den Informationsaustausch und die Zusammenarbeit zwischen den EU-L\u00e4ndern im Kampf gegen grenz\u00fcberschreitende Kriminalit\u00e4t.<\/p><p><strong>Zu den wesentlichen Aspekten von Europol geh\u00f6ren:<\/strong><\/p>\t\t\t\t\t\t\t\t<\/div>\n\t\t\t\t<\/div>\n\t\t\t\t<div class=\"elementor-element elementor-element-563172d elementor-widget elementor-widget-text-editor\" data-id=\"563172d\" data-element_type=\"widget\" data-widget_type=\"text-editor.default\">\n\t\t\t\t<div class=\"elementor-widget-container\">\n\t\t\t\t\t\t\t\t\t<ol><li><strong>Informationsaustausch:<\/strong> Europol erleichtert den Austausch von Informationen zwischen den Strafverfolgungsbeh\u00f6rden der EU-Mitgliedstaaten. Es stellt eine Plattform f\u00fcr den Austausch von Geheimdienstinformationen, operativen Daten und Expertise in verschiedenen Formen der Kriminalit\u00e4t bereit, einschlie\u00dflich Terrorismus, Cyberkriminalit\u00e4t, Drogenhandel und Menschenhandel.<\/li><li><strong>Operative Unterst\u00fctzung:<\/strong> Europol unterst\u00fctzt die Mitgliedstaaten bei ihren polizeilichen Operationen durch analytische und operative Hilfe. Dies umfasst die Koordinierung gemeinsamer Ermittlungen, die Analyse von Daten und die Bereitstellung von Expertise in spezifischen Kriminalit\u00e4tsbereichen.<\/li><li><strong>Datenbanken:<\/strong> Europol unterh\u00e4lt Datenbanken mit Informationen zu verschiedenen kriminellen Aktivit\u00e4ten. Diese Datenbanken sind f\u00fcr autorisierte Strafverfolgungsbeh\u00f6rden in den EU-Mitgliedstaaten zug\u00e4nglich und erm\u00f6glichen eine schnelle und effiziente Informationsabfrage.<\/li><li><strong>Gemeinsame Task Forces:<\/strong> Europol kann gemeinsame Task Forces einrichten, um spezifische Bedrohungen durch Kriminalit\u00e4t zu bek\u00e4mpfen. Diese Task Forces bringen Experten und Ressourcen aus mehreren L\u00e4ndern zusammen, um komplexe und grenz\u00fcberschreitende kriminelle Aktivit\u00e4ten zu bek\u00e4mpfen.<\/li><li><strong>Ausbildung und Kapazit\u00e4tsaufbau:<\/strong> Europol ist in Schulungsprogrammen und Initiativen zum Kapazit\u00e4tsaufbau f\u00fcr Strafverfolgungsbeamte involviert. Dies tr\u00e4gt dazu bei, sicherzustellen, dass Strafverfolgungsbeh\u00f6rden in der gesamten EU \u00fcber die notwendigen F\u00e4higkeiten und Kenntnisse verf\u00fcgen, um sich den sich entwickelnden Bedrohungen zu stellen.<\/li><li><strong>Terrorismusbek\u00e4mpfung:<\/strong> Angesichts der Bedeutung der Terrorismusbek\u00e4mpfung in der EU spielt Europol eine bedeutende Rolle bei der Koordinierung von Bem\u00fchungen zur Bek\u00e4mpfung des Terrorismus. Es arbeitet eng mit den Mitgliedstaaten zusammen, um terroristische Aktivit\u00e4ten zu verhindern und darauf zu reagieren.<\/li><li><strong>Datenschutz:<\/strong> Europol agiert im Rahmen der EU-Datenschutzgesetze und stellt sicher, dass ausgetauschte Informationen gem\u00e4\u00df strengen Datenschutzstandards behandelt werden.<\/li><\/ol>\t\t\t\t\t\t\t\t<\/div>\n\t\t\t\t<\/div>\n\t\t\t\t<div class=\"elementor-element elementor-element-237fc3b3 elementor-widget elementor-widget-text-editor\" data-id=\"237fc3b3\" data-element_type=\"widget\" data-widget_type=\"text-editor.default\">\n\t\t\t\t<div class=\"elementor-widget-container\">\n\t\t\t\t\t\t\t\t\tEs ist wichtig zu beachten, dass Europol in Zusammenarbeit mit nationalen Strafverfolgungsbeh\u00f6rden arbeitet und keine Exekutivgewalt oder die Befugnis zur Verhaftung hat. Seine Rolle besteht darin, die Zusammenarbeit und Koordination zwischen den Mitgliedstaaten zu erleichtern, um die Wirksamkeit ihrer gemeinsamen Bem\u00fchungen gegen organisierte Kriminalit\u00e4t und Terrorismus innerhalb der EU zu erh\u00f6hen.\t\t\t\t\t\t\t\t<\/div>\n\t\t\t\t<\/div>\n\t\t\t\t\t<\/div>\n\t\t<\/div>\n\t\t\t\t\t<\/div>\n\t\t<\/section>\n\t\t\t\t<section class=\"elementor-section elementor-top-section elementor-element elementor-element-1f8ef3d6 elementor-section-full_width elementor-reverse-mobile elementor-section-height-default elementor-section-height-default\" data-id=\"1f8ef3d6\" data-element_type=\"section\" data-settings=\"{&quot;background_background&quot;:&quot;classic&quot;}\">\n\t\t\t\t\t\t<div class=\"elementor-container elementor-column-gap-no\">\n\t\t\t\t\t<div class=\"elementor-column elementor-col-50 elementor-top-column elementor-element elementor-element-56982081\" data-id=\"56982081\" data-element_type=\"column\">\n\t\t\t<div class=\"elementor-widget-wrap elementor-element-populated\">\n\t\t\t\t\t\t<div class=\"elementor-element elementor-element-2daa7963 elementor-widget elementor-widget-leroux_core_single_image\" data-id=\"2daa7963\" data-element_type=\"widget\" data-widget_type=\"leroux_core_single_image.default\">\n\t\t\t\t<div class=\"elementor-widget-container\">\n\t\t\t\t\t<div class=\"qodef-shortcode qodef-m  qodef-single-image qodef-layout--default   \">\n\t\t\t<div class=\"qodef-m-image\">\n\t\t\t\t\t\t\t\t<img fetchpriority=\"high\" decoding=\"async\" src=\"https:\/\/ginsburg.de\/wp-content\/uploads\/2024\/04\/slider-3-800x600.jpg\" alt=\"\" width=\"800\" height=\"600\" data-ratio=\"1.3333333333333\" \/>\t\t\t\t\t\t\t<\/div>\n\t<\/div>\n\t\t\t\t<\/div>\n\t\t\t\t<\/div>\n\t\t\t\t\t<\/div>\n\t\t<\/div>\n\t\t\t\t<div class=\"elementor-column elementor-col-50 elementor-top-column elementor-element elementor-element-15a001fa\" data-id=\"15a001fa\" data-element_type=\"column\">\n\t\t\t<div class=\"elementor-widget-wrap elementor-element-populated\">\n\t\t\t\t\t\t<div class=\"elementor-element elementor-element-59c642f1 elementor-widget elementor-widget-leroux_core_section_title\" data-id=\"59c642f1\" data-element_type=\"widget\" data-widget_type=\"leroux_core_section_title.default\">\n\t\t\t\t<div class=\"elementor-widget-container\">\n\t\t\t\t\t<div class=\"qodef-shortcode qodef-m  qodef-section-title qodef-alignment--left qodef-title-break--disabled\">\n\t\t<h2 class=\"qodef-m-title\" >\n\t\t\t\t\tKontaktieren sie uns!\t\t\t<\/h2>\n\t<\/div>\n\t\t\t\t<\/div>\n\t\t\t\t<\/div>\n\t\t\t\t<div class=\"elementor-element elementor-element-12455f73 elementor-widget elementor-widget-leroux_core_button\" data-id=\"12455f73\" data-element_type=\"widget\" data-widget_type=\"leroux_core_button.default\">\n\t\t\t\t<div class=\"elementor-widget-container\">\n\t\t\t\t\t<a class=\"qodef-shortcode qodef-m  qodef-button qodef-layout--textual   qodef-html--link\" href=\"https:\/\/ginsburg.de\/de\/kontakt\" target=\"_self\"  style=\"color: #20282D;font-size: 15px;font-weight: 500\">\n\t<span class=\"qodef-m-text\">Kontakt!<\/span>\n    <span class=\"qodef-m-arrow\"><svg class=\"qodef-svg--button-arrow\" xmlns=\"http:\/\/www.w3.org\/2000\/svg\" width=\"10\" height=\"10\" viewBox=\"0 0 9.8 9.8\"><g><path d=\"m.4 9.4 9-9\"\/><path d=\"M.4.5h8.9\"\/><path d=\"M9.3 9.4V.5\"\/><\/g><g><path d=\"m.4 9.4 9-9\"\/><path d=\"M.4.5h8.9\"\/><path d=\"M9.3 9.4V.5\"\/><\/g><\/svg><\/span>\n<\/a>\n\t\t\t\t<\/div>\n\t\t\t\t<\/div>\n\t\t\t\t\t<\/div>\n\t\t<\/div>\n\t\t\t\t\t<\/div>\n\t\t<\/section>\n\t\t\t\t<\/div>\n\t\t","protected":false},"excerpt":{"rendered":"<p>Europol Europol, die Abk\u00fcrzung f\u00fcr die Europ\u00e4ische Polizeibeh\u00f6rde f\u00fcr Strafverfolgungszusammenarbeit, ist eine Agentur der Europ\u00e4ischen Union (EU), die darauf abzielt, die Effektivit\u00e4t und Unterst\u00fctzung der Strafverfolgungsbeh\u00f6rden in den EU-Mitgliedstaaten zu verbessern. Gegr\u00fcndet im Jahr 1999 und mit Hauptsitz in Den Haag, Niederlande, fungiert Europol als zentrale Plattform f\u00fcr den Informationsaustausch und die Zusammenarbeit zwischen den [&hellip;]<\/p>\n","protected":false},"author":2,"featured_media":0,"parent":0,"menu_order":0,"comment_status":"closed","ping_status":"closed","template":"page-full-width.php","meta":{"om_disable_all_campaigns":false,"_monsterinsights_skip_tracking":false,"_monsterinsights_sitenote_active":false,"_monsterinsights_sitenote_note":"","_monsterinsights_sitenote_category":0,"footnotes":""},"class_list":["post-14971","page","type-page","status-publish","hentry"],"aioseo_notices":[],"_hostinger_reach_plugin_has_subscription_block":false,"_hostinger_reach_plugin_is_elementor":false,"_links":{"self":[{"href":"https:\/\/ginsburg.de\/de\/wp-json\/wp\/v2\/pages\/14971","targetHints":{"allow":["GET"]}}],"collection":[{"href":"https:\/\/ginsburg.de\/de\/wp-json\/wp\/v2\/pages"}],"about":[{"href":"https:\/\/ginsburg.de\/de\/wp-json\/wp\/v2\/types\/page"}],"author":[{"embeddable":true,"href":"https:\/\/ginsburg.de\/de\/wp-json\/wp\/v2\/users\/2"}],"replies":[{"embeddable":true,"href":"https:\/\/ginsburg.de\/de\/wp-json\/wp\/v2\/comments?post=14971"}],"version-history":[{"count":7,"href":"https:\/\/ginsburg.de\/de\/wp-json\/wp\/v2\/pages\/14971\/revisions"}],"predecessor-version":[{"id":15057,"href":"https:\/\/ginsburg.de\/de\/wp-json\/wp\/v2\/pages\/14971\/revisions\/15057"}],"wp:attachment":[{"href":"https:\/\/ginsburg.de\/de\/wp-json\/wp\/v2\/media?parent=14971"}],"curies":[{"name":"wp","href":"https:\/\/api.w.org\/{rel}","templated":true}]}}