{"id":14949,"date":"2024-04-29T21:12:02","date_gmt":"2024-04-29T19:12:02","guid":{"rendered":"https:\/\/ginsburg.de\/rechtsstrukturen-in-deutschland\/"},"modified":"2024-06-28T13:42:16","modified_gmt":"2024-06-28T11:42:16","slug":"rechtsstrukturen-in-deutschland","status":"publish","type":"page","link":"https:\/\/ginsburg.de\/de\/rechtsstrukturen-in-deutschland\/","title":{"rendered":"Rechtsstrukturen in Deutschland"},"content":{"rendered":"\t\t<div data-elementor-type=\"wp-page\" data-elementor-id=\"14949\" class=\"elementor elementor-14949 elementor-14271\" data-elementor-post-type=\"page\">\n\t\t\t\t\t\t<section class=\"elementor-section elementor-top-section elementor-element elementor-element-2c61ebf8 elementor-section-full_width elementor-section-height-default elementor-section-height-default\" data-id=\"2c61ebf8\" data-element_type=\"section\">\n\t\t\t\t\t\t<div class=\"elementor-container elementor-column-gap-no\">\n\t\t\t\t\t<div class=\"elementor-column elementor-col-100 elementor-top-column elementor-element elementor-element-82badcf\" data-id=\"82badcf\" data-element_type=\"column\">\n\t\t\t<div class=\"elementor-widget-wrap elementor-element-populated\">\n\t\t\t\t\t\t<div class=\"elementor-element elementor-element-7fb7c7ae elementor-widget elementor-widget-leroux_core_section_title\" data-id=\"7fb7c7ae\" data-element_type=\"widget\" data-widget_type=\"leroux_core_section_title.default\">\n\t\t\t\t<div class=\"elementor-widget-container\">\n\t\t\t\t\t<div class=\"qodef-shortcode qodef-m  qodef-section-title qodef-alignment--left qodef-title-break--disabled\">\n\t\t<h2 class=\"qodef-m-title\" >\n\t\t\t\t\tRechtsstrukturen in Deutschland: Aufbau einer Grundlage f\u00fcr unternehmerischen Erfolg\t\t\t<\/h2>\n\t<\/div>\n\t\t\t\t<\/div>\n\t\t\t\t<\/div>\n\t\t\t\t<div class=\"elementor-element elementor-element-2779f6f6 elementor-widget elementor-widget-text-editor\" data-id=\"2779f6f6\" data-element_type=\"widget\" data-widget_type=\"text-editor.default\">\n\t\t\t\t<div class=\"elementor-widget-container\">\n\t\t\t\t\t\t\t\t\t<p>Die Wahl der richtigen Rechtsform ist eine entscheidende Weichenstellung f\u00fcr Unternehmen in Deutschland, die alles von Haftung und Besteuerung bis hin zu Governance und operativer Flexibilit\u00e4t pr\u00e4gt. In unserer Kanzlei haben wir uns darauf spezialisiert, Unternehmen fachkundig bei der Wahl und Ausgestaltung ihrer Rechtsstrukturen in Deutschland zu unterst\u00fctzen und so eine solide Grundlage f\u00fcr langfristigen Erfolg zu schaffen.<\/p><p><strong>Wichtige \u00dcberlegungen zur Rechtsstruktur:<\/strong><\/p>\t\t\t\t\t\t\t\t<\/div>\n\t\t\t\t<\/div>\n\t\t\t\t<div class=\"elementor-element elementor-element-c1eb1d8 elementor-widget elementor-widget-text-editor\" data-id=\"c1eb1d8\" data-element_type=\"widget\" data-widget_type=\"text-editor.default\">\n\t\t\t\t<div class=\"elementor-widget-container\">\n\t\t\t\t\t\t\t\t\t<ol><li><strong>GmbH (Gesellschaft mit beschr\u00e4nkter Haftung):<\/strong> Die GmbH ist eine beliebte Wahl f\u00fcr Unternehmen in Deutschland. Sie bietet den Gesellschaftern eine beschr\u00e4nkte Haftung und sch\u00fctzt pers\u00f6nliche Verm\u00f6genswerte. Die GmbH zeichnet sich durch ihre Flexibilit\u00e4t aus und eignet sich daher f\u00fcr kleine bis gro\u00dfe Unternehmen.<\/li><li><strong>AG (Aktiengesellschaft):<\/strong> Die AG wird h\u00e4ufig von gr\u00f6\u00dferen Unternehmen gew\u00e4hlt, die an die B\u00f6rse gehen m\u00f6chten. Sie erlaubt die Ausgabe von Aktien und eine breitere Kapitalbasis. Die AG-Struktur unterliegt strengeren regulatorischen Anforderungen und ist oft mit einem h\u00f6heren Ma\u00df an Corporate Governance verbunden.<\/li><li><strong>Personengesellschaften:<\/strong> Personengesellschaften wie die OHG (Offene Handelsgesellschaft) und die KG (Kommanditgesellschaft) sind g\u00e4ngige Strukturen f\u00fcr kleinere Unternehmen. Sie bieten Flexibilit\u00e4t in der Gesch\u00e4ftsf\u00fchrung und Besteuerung sowie unterschiedliche Haftungsregelungen f\u00fcr die Gesellschafter.<\/li><li><strong>Niederlassungen:<\/strong> F\u00fcr ausl\u00e4ndische Unternehmen, die eine Pr\u00e4senz in Deutschland etablieren m\u00f6chten, ohne eine separate juristische Person zu gr\u00fcnden, kann eine Niederlassung sinnvoll sein. Es ist jedoch wichtig, die Auswirkungen dieser Struktur auf Haftung und Besteuerung zu verstehen.<\/li><\/ol>\t\t\t\t\t\t\t\t<\/div>\n\t\t\t\t<\/div>\n\t\t\t\t<div class=\"elementor-element elementor-element-17100b20 elementor-widget elementor-widget-text-editor\" data-id=\"17100b20\" data-element_type=\"widget\" data-widget_type=\"text-editor.default\">\n\t\t\t\t<div class=\"elementor-widget-container\">\n\t\t\t\t\t\t\t\t\t<p><strong>Unsere Expertise in Rechtsstrukturen:<\/strong><\/p><p>Unser Team erfahrener Anw\u00e4lte bietet umfassende Dienstleistungen im Bereich der Rechtsstrukturen in Deutschland an, einschlie\u00dflich:<\/p>\t\t\t\t\t\t\t\t<\/div>\n\t\t\t\t<\/div>\n\t\t\t\t<div class=\"elementor-element elementor-element-27651429 elementor-widget elementor-widget-text-editor\" data-id=\"27651429\" data-element_type=\"widget\" data-widget_type=\"text-editor.default\">\n\t\t\t\t<div class=\"elementor-widget-container\">\n\t\t\t\t\t\t\t\t\t<ul><li><strong>Auswahl der Rechtsform:<\/strong> Wir unterst\u00fctzen Unternehmen bei der Auswahl der geeignetsten Rechtsform, unter Ber\u00fccksichtigung von Haftung, Besteuerung und Governance-Pr\u00e4ferenzen.<\/li><li><strong>Unternehmensgr\u00fcndung:<\/strong> Vom Entwurf der Satzung bis zur Eintragung ins Handelsregister begleiten wir unsere Mandanten durch den Prozess der Gr\u00fcndung ihrer juristischen Personen.<\/li><li><strong>Corporate Governance:<\/strong> Wir helfen Unternehmen bei der Implementierung effektiver Governance-Strukturen, die die Rollen und Verantwortlichkeiten von Vorst\u00e4nden, Gesch\u00e4ftsf\u00fchrern und Gesellschaftern festlegen.<\/li><li><strong>Compliance:<\/strong> Die Einhaltung deutscher Gesetze und Vorschriften ist entscheidend. Wir bieten Unterst\u00fctzung bei der Erf\u00fcllung rechtlicher Anforderungen im Zusammenhang mit der Unternehmensf\u00fchrung.<\/li><li><strong>Restrukturierung:<\/strong> F\u00fcr Unternehmen, die Ver\u00e4nderungen in ihrer Rechtsstruktur erw\u00e4gen, bieten wir Unterst\u00fctzung im Restrukturierungsprozess, um einen nahtlosen \u00dcbergang zu gew\u00e4hrleisten.<\/li><\/ul>\t\t\t\t\t\t\t\t<\/div>\n\t\t\t\t<\/div>\n\t\t\t\t<div class=\"elementor-element elementor-element-eadd5b4 elementor-widget elementor-widget-text-editor\" data-id=\"eadd5b4\" data-element_type=\"widget\" data-widget_type=\"text-editor.default\">\n\t\t\t\t<div class=\"elementor-widget-container\">\n\t\t\t\t\t\t\t\t\t<p><strong>Kontaktieren Sie uns:<\/strong><\/p><p>Wenn Sie sich durch die Komplexit\u00e4ten der Rechtsstrukturen in Deutschland navigieren, steht unser Team bereit, Ihnen zu helfen. Kontaktieren Sie uns, um herauszufinden, wie unsere Expertise zum Erfolg und zur Nachhaltigkeit Ihres Unternehmens beitragen kann. Ob Startup oder etabliertes Unternehmen, die richtige Rechtsstruktur ist ein Eckpfeiler Ihrer Unternehmensstrategie, und wir sind hier, um Ihnen dabei zu helfen, sie aufzubauen.<\/p>\t\t\t\t\t\t\t\t<\/div>\n\t\t\t\t<\/div>\n\t\t\t\t\t<\/div>\n\t\t<\/div>\n\t\t\t\t\t<\/div>\n\t\t<\/section>\n\t\t\t\t<section class=\"elementor-section elementor-top-section elementor-element elementor-element-59414fe2 elementor-section-full_width elementor-reverse-mobile elementor-section-height-default elementor-section-height-default\" data-id=\"59414fe2\" data-element_type=\"section\" data-settings=\"{&quot;background_background&quot;:&quot;classic&quot;}\">\n\t\t\t\t\t\t<div class=\"elementor-container elementor-column-gap-no\">\n\t\t\t\t\t<div class=\"elementor-column elementor-col-50 elementor-top-column elementor-element elementor-element-5ad0c56\" data-id=\"5ad0c56\" data-element_type=\"column\">\n\t\t\t<div class=\"elementor-widget-wrap elementor-element-populated\">\n\t\t\t\t\t\t<div class=\"elementor-element elementor-element-4122bd12 elementor-widget elementor-widget-leroux_core_single_image\" data-id=\"4122bd12\" data-element_type=\"widget\" data-widget_type=\"leroux_core_single_image.default\">\n\t\t\t\t<div class=\"elementor-widget-container\">\n\t\t\t\t\t<div class=\"qodef-shortcode qodef-m  qodef-single-image qodef-layout--default   \">\n\t\t\t<div class=\"qodef-m-image\">\n\t\t\t\t\t\t\t\t<img fetchpriority=\"high\" decoding=\"async\" src=\"https:\/\/ginsburg.de\/wp-content\/uploads\/2024\/04\/slider-3-800x600.jpg\" alt=\"\" width=\"800\" height=\"600\" data-ratio=\"1.3333333333333\" \/>\t\t\t\t\t\t\t<\/div>\n\t<\/div>\n\t\t\t\t<\/div>\n\t\t\t\t<\/div>\n\t\t\t\t\t<\/div>\n\t\t<\/div>\n\t\t\t\t<div class=\"elementor-column elementor-col-50 elementor-top-column elementor-element elementor-element-4e216be5\" data-id=\"4e216be5\" data-element_type=\"column\">\n\t\t\t<div class=\"elementor-widget-wrap elementor-element-populated\">\n\t\t\t\t\t\t<div class=\"elementor-element elementor-element-73685132 elementor-widget elementor-widget-leroux_core_section_title\" data-id=\"73685132\" data-element_type=\"widget\" data-widget_type=\"leroux_core_section_title.default\">\n\t\t\t\t<div class=\"elementor-widget-container\">\n\t\t\t\t\t<div class=\"qodef-shortcode qodef-m  qodef-section-title qodef-alignment--left qodef-title-break--disabled\">\n\t\t<h2 class=\"qodef-m-title\" >\n\t\t\t\t\tWir sind hier, um<br \/> Ihnen zu <span class=\"qodef-special-style\">helfen!<\/span>\t\t\t<\/h2>\n\t<\/div>\n\t\t\t\t<\/div>\n\t\t\t\t<\/div>\n\t\t\t\t<div class=\"elementor-element elementor-element-30ae78c4 elementor-widget elementor-widget-text-editor\" data-id=\"30ae78c4\" data-element_type=\"widget\" data-widget_type=\"text-editor.default\">\n\t\t\t\t<div class=\"elementor-widget-container\">\n\t\t\t\t\t\t\t\t\t<p>Unabh\u00e4ngig davon, ob Sie ein neu gegr\u00fcndetes oder ein etabliertes Unternehmen sind, ist die richtige rechtliche Struktur ein Eckpfeiler Ihrer Gesch\u00e4ftsstrategie, und wir helfen Ihnen dabei, diese aufzubauen.<\/p>\t\t\t\t\t\t\t\t<\/div>\n\t\t\t\t<\/div>\n\t\t\t\t<div class=\"elementor-element elementor-element-3f832a89 elementor-widget elementor-widget-leroux_core_button\" data-id=\"3f832a89\" data-element_type=\"widget\" data-widget_type=\"leroux_core_button.default\">\n\t\t\t\t<div class=\"elementor-widget-container\">\n\t\t\t\t\t<a class=\"qodef-shortcode qodef-m  qodef-button qodef-layout--textual   qodef-html--link\" href=\"https:\/\/ginsburg.de\/de\/kontakt\" target=\"_self\"  style=\"color: #20282D;font-size: 15px;font-weight: 500\">\n\t<span class=\"qodef-m-text\">Kontakt!<\/span>\n    <span class=\"qodef-m-arrow\"><svg class=\"qodef-svg--button-arrow\" xmlns=\"http:\/\/www.w3.org\/2000\/svg\" width=\"10\" height=\"10\" viewBox=\"0 0 9.8 9.8\"><g><path d=\"m.4 9.4 9-9\"\/><path d=\"M.4.5h8.9\"\/><path d=\"M9.3 9.4V.5\"\/><\/g><g><path d=\"m.4 9.4 9-9\"\/><path d=\"M.4.5h8.9\"\/><path d=\"M9.3 9.4V.5\"\/><\/g><\/svg><\/span>\n<\/a>\n\t\t\t\t<\/div>\n\t\t\t\t<\/div>\n\t\t\t\t\t<\/div>\n\t\t<\/div>\n\t\t\t\t\t<\/div>\n\t\t<\/section>\n\t\t\t\t<\/div>\n\t\t","protected":false},"excerpt":{"rendered":"<p>Rechtsstrukturen in Deutschland: Aufbau einer Grundlage f\u00fcr unternehmerischen Erfolg Die Wahl der richtigen Rechtsform ist eine entscheidende Weichenstellung f\u00fcr Unternehmen in Deutschland, die alles von Haftung und Besteuerung bis hin zu Governance und operativer Flexibilit\u00e4t pr\u00e4gt. In unserer Kanzlei haben wir uns darauf spezialisiert, Unternehmen fachkundig bei der Wahl und Ausgestaltung ihrer Rechtsstrukturen in Deutschland [&hellip;]<\/p>\n","protected":false},"author":2,"featured_media":0,"parent":0,"menu_order":0,"comment_status":"closed","ping_status":"closed","template":"page-full-width.php","meta":{"om_disable_all_campaigns":false,"_monsterinsights_skip_tracking":false,"_monsterinsights_sitenote_active":false,"_monsterinsights_sitenote_note":"","_monsterinsights_sitenote_category":0,"footnotes":""},"class_list":["post-14949","page","type-page","status-publish","hentry"],"aioseo_notices":[],"_hostinger_reach_plugin_has_subscription_block":false,"_hostinger_reach_plugin_is_elementor":false,"_links":{"self":[{"href":"https:\/\/ginsburg.de\/de\/wp-json\/wp\/v2\/pages\/14949","targetHints":{"allow":["GET"]}}],"collection":[{"href":"https:\/\/ginsburg.de\/de\/wp-json\/wp\/v2\/pages"}],"about":[{"href":"https:\/\/ginsburg.de\/de\/wp-json\/wp\/v2\/types\/page"}],"author":[{"embeddable":true,"href":"https:\/\/ginsburg.de\/de\/wp-json\/wp\/v2\/users\/2"}],"replies":[{"embeddable":true,"href":"https:\/\/ginsburg.de\/de\/wp-json\/wp\/v2\/comments?post=14949"}],"version-history":[{"count":7,"href":"https:\/\/ginsburg.de\/de\/wp-json\/wp\/v2\/pages\/14949\/revisions"}],"predecessor-version":[{"id":15075,"href":"https:\/\/ginsburg.de\/de\/wp-json\/wp\/v2\/pages\/14949\/revisions\/15075"}],"wp:attachment":[{"href":"https:\/\/ginsburg.de\/de\/wp-json\/wp\/v2\/media?parent=14949"}],"curies":[{"name":"wp","href":"https:\/\/api.w.org\/{rel}","templated":true}]}}