{"id":14944,"date":"2024-04-29T21:03:27","date_gmt":"2024-04-29T19:03:27","guid":{"rendered":"https:\/\/ginsburg.de\/firmengruendung-in-deutschland\/"},"modified":"2024-06-28T13:38:26","modified_gmt":"2024-06-28T11:38:26","slug":"firmengruendung-in-deutschland","status":"publish","type":"page","link":"https:\/\/ginsburg.de\/de\/firmengruendung-in-deutschland\/","title":{"rendered":"Firmengr\u00fcndung in Deutschland"},"content":{"rendered":"\t\t<div data-elementor-type=\"wp-page\" data-elementor-id=\"14944\" class=\"elementor elementor-14944 elementor-14265\" data-elementor-post-type=\"page\">\n\t\t\t\t\t\t<section class=\"elementor-section elementor-top-section elementor-element elementor-element-91a3b37 elementor-section-full_width elementor-section-height-default elementor-section-height-default\" data-id=\"91a3b37\" data-element_type=\"section\">\n\t\t\t\t\t\t<div class=\"elementor-container elementor-column-gap-no\">\n\t\t\t\t\t<div class=\"elementor-column elementor-col-100 elementor-top-column elementor-element elementor-element-7702340b\" data-id=\"7702340b\" data-element_type=\"column\">\n\t\t\t<div class=\"elementor-widget-wrap elementor-element-populated\">\n\t\t\t\t\t\t<div class=\"elementor-element elementor-element-23c956a0 elementor-widget elementor-widget-leroux_core_section_title\" data-id=\"23c956a0\" data-element_type=\"widget\" data-widget_type=\"leroux_core_section_title.default\">\n\t\t\t\t<div class=\"elementor-widget-container\">\n\t\t\t\t\t<div class=\"qodef-shortcode qodef-m  qodef-section-title qodef-alignment--left qodef-title-break--disabled\">\n\t\t<h2 class=\"qodef-m-title\" >\n\t\t\t\t\tFirmengr\u00fcndung in Deutschland\t\t\t<\/h2>\n\t<\/div>\n\t\t\t\t<\/div>\n\t\t\t\t<\/div>\n\t\t\t\t<div class=\"elementor-element elementor-element-59cdb46c elementor-widget elementor-widget-text-editor\" data-id=\"59cdb46c\" data-element_type=\"widget\" data-widget_type=\"text-editor.default\">\n\t\t\t\t<div class=\"elementor-widget-container\">\n\t\t\t\t\t\t\t\t\t<p>Den Weg zur Gr\u00fcndung eines Unternehmens in Deutschland zu beschreiten, ist ein spannendes Unterfangen mit vielf\u00e4ltigen Chancen. Deutschlands robuste Wirtschaft und unternehmensfreundliches Umfeld machen es zu einem attraktiven Ziel f\u00fcr Unternehmer und Investoren. In unserer Kanzlei sind wir darauf spezialisiert, Einzelpersonen und Unternehmen fachkundige Beratung bei der Firmengr\u00fcndung in Deutschland zu bieten.<\/p><p><strong>Wichtige Schritte zur Firmengr\u00fcndung in Deutschland:<\/strong><\/p>\t\t\t\t\t\t\t\t<\/div>\n\t\t\t\t<\/div>\n\t\t\t\t<div class=\"elementor-element elementor-element-5632aa8 elementor-widget elementor-widget-text-editor\" data-id=\"5632aa8\" data-element_type=\"widget\" data-widget_type=\"text-editor.default\">\n\t\t\t\t<div class=\"elementor-widget-container\">\n\t\t\t\t\t\t\t\t\t<ol><li>Die richtige Rechtsform w\u00e4hlen: Deutschland bietet verschiedene Rechtsformen f\u00fcr Unternehmen, jede mit unterschiedlichen Auswirkungen auf Haftung, Besteuerung und Unternehmensf\u00fchrung. Zu den g\u00e4ngigen Formen z\u00e4hlen die GmbH (Gesellschaft mit beschr\u00e4nkter Haftung), UG (Unternehmergesellschaft), AG (Aktiengesellschaft) und Personengesellschaften. Wir unterst\u00fctzen Sie bei der Auswahl der am besten geeignete Struktur f\u00fcr Ihre Gesch\u00e4ftsziele.<\/li><li>Satzung erstellen: Die Grundlage Ihres Unternehmens wird mit einer gut ausgearbeiteten Satzung gelegt. Dieses Dokument definiert den Zweck, die Struktur und die internen Regeln des Unternehmens. Unsere Rechtsexperten stellen sicher, dass Ihre Satzung den deutschen gesetzlichen Anforderungen entspricht und Ihre Unternehmensziele widerspiegelt.<\/li><li>Eintragung ins Handelsregister: Alle Unternehmen in Deutschland m\u00fcssen im Handelsregister eingetragen werden. Dieses offizielle Verzeichnis enth\u00e4lt wichtige Informationen \u00fcber Ihr Unternehmen, wie Name, Adresse, Rechtsform und Vertretungsberechtigte. Wir \u00fcbernehmen den Registrierungsprozess effizient und sorgen f\u00fcr die Einhaltung der gesetzlichen Standards.<\/li><li>Steuerliche Registrierung: Eine ordnungsgem\u00e4\u00dfe steuerliche Registrierung ist entscheidend f\u00fcr Ihre Gesch\u00e4ftst\u00e4tigkeit. Wir f\u00fchren Sie durch den Prozess der Anmeldung von Steuernummern, wie der Umsatzsteuer-Identifikationsnummer, und beraten Sie zu den steuerlichen Auswirkungen Ihrer Gesch\u00e4ftst\u00e4tigkeiten.<\/li><li>Er\u00f6ffnung eines Gesch\u00e4ftskontos: Die Einrichtung eines Gesch\u00e4ftskontos ist ein grundlegender Schritt. Wir unterst\u00fctzen Sie bei der Kontaktaufnahme mit Banken und sorgen f\u00fcr die reibungslose Er\u00f6ffnung Ihres Gesch\u00e4ftskontos.<\/li><\/ol>\t\t\t\t\t\t\t\t<\/div>\n\t\t\t\t<\/div>\n\t\t\t\t<div class=\"elementor-element elementor-element-2b079dd6 elementor-widget elementor-widget-text-editor\" data-id=\"2b079dd6\" data-element_type=\"widget\" data-widget_type=\"text-editor.default\">\n\t\t\t\t<div class=\"elementor-widget-container\">\n\t\t\t\t\t\t\t\t\t<p><strong>Unsere Expertise in der Firmengr\u00fcndung:<\/strong><\/p><p>Unser Team erfahrener Wirtschaftsanw\u00e4lte bietet eine umfassende Palette an Dienstleistungen, darunter:<\/p>\t\t\t\t\t\t\t\t<\/div>\n\t\t\t\t<\/div>\n\t\t\t\t<div class=\"elementor-element elementor-element-25429bf elementor-widget elementor-widget-text-editor\" data-id=\"25429bf\" data-element_type=\"widget\" data-widget_type=\"text-editor.default\">\n\t\t\t\t<div class=\"elementor-widget-container\">\n\t\t\t\t\t\t\t\t\t<ol><li>Rechtliche Strukturierung: Wir leiten Sie bei der Auswahl der geeigneten Rechtsform f\u00fcr Ihr Unternehmen an, wobei Faktoren wie Haftung, Besteuerung und Unternehmensf\u00fchrung ber\u00fccksichtigt werden.<\/li><li>Dokumentenerstellung: Unsere Experten erstellen und \u00fcberpr\u00fcfen wichtige Dokumente, einschlie\u00dflich Satzungen und Gesellschaftervereinbarungen, und sorgen f\u00fcr die Einhaltung der gesetzlichen Vorgaben.<\/li><li>Registrierungsverfahren: Wir \u00fcbernehmen den Registrierungsprozess effizient und sorgen daf\u00fcr, dass Ihr Unternehmen offiziell anerkannt und im Handelsregister eingetragen wird.<\/li><li>Steuerliche Beratung: Wir bieten wertvolle Einblicke in die steuerlichen Auswirkungen Ihrer Gesch\u00e4ftst\u00e4tigkeiten und unterst\u00fctzen Sie bei der Sicherung der erforderlichen Steuerregistrierungen.<\/li><li>Laufende Unterst\u00fctzung: \u00dcber die Gr\u00fcndung hinaus bieten wir laufende rechtliche Unterst\u00fctzung, um alle Herausforderungen oder \u00c4nderungen, denen Ihr Unternehmen begegnen k\u00f6nnte, zu bew\u00e4ltigen.<\/li><\/ol>\t\t\t\t\t\t\t\t<\/div>\n\t\t\t\t<\/div>\n\t\t\t\t<div class=\"elementor-element elementor-element-3ba6f7e elementor-widget elementor-widget-text-editor\" data-id=\"3ba6f7e\" data-element_type=\"widget\" data-widget_type=\"text-editor.default\">\n\t\t\t\t<div class=\"elementor-widget-container\">\n\t\t\t\t\t\t\t\t\t<p><strong>Kontaktieren Sie uns:<\/strong><\/p><p>Wenn Sie die Gr\u00fcndung eines Unternehmens in Deutschland in Erw\u00e4gung ziehen, steht unser Team bereit, Sie durch jeden Schritt des Prozesses zu f\u00fchren. Kontaktieren Sie uns f\u00fcr fachkundige Beratung und rechtliche Unterst\u00fctzung, um die reibungslose und erfolgreiche Etablierung Ihres Unternehmens im lebendigen deutschen Markt sicherzustellen. Ob Sie ein Startup oder ein etabliertes Unternehmen sind, das nach Deutschland expandiert, wir sind hier, um Ihnen zu helfen, Ihre Gesch\u00e4ftsziele zu erreichen.<\/p>\t\t\t\t\t\t\t\t<\/div>\n\t\t\t\t<\/div>\n\t\t\t\t\t<\/div>\n\t\t<\/div>\n\t\t\t\t\t<\/div>\n\t\t<\/section>\n\t\t\t\t<section class=\"elementor-section elementor-top-section elementor-element elementor-element-31fc4605 elementor-section-full_width elementor-reverse-mobile elementor-section-height-default elementor-section-height-default\" data-id=\"31fc4605\" data-element_type=\"section\" data-settings=\"{&quot;background_background&quot;:&quot;classic&quot;}\">\n\t\t\t\t\t\t<div class=\"elementor-container elementor-column-gap-no\">\n\t\t\t\t\t<div class=\"elementor-column elementor-col-50 elementor-top-column elementor-element elementor-element-69efe8fc\" data-id=\"69efe8fc\" data-element_type=\"column\">\n\t\t\t<div class=\"elementor-widget-wrap elementor-element-populated\">\n\t\t\t\t\t\t<div class=\"elementor-element elementor-element-38ecdbe8 elementor-widget elementor-widget-leroux_core_single_image\" data-id=\"38ecdbe8\" data-element_type=\"widget\" data-widget_type=\"leroux_core_single_image.default\">\n\t\t\t\t<div class=\"elementor-widget-container\">\n\t\t\t\t\t<div class=\"qodef-shortcode qodef-m  qodef-single-image qodef-layout--default   \">\n\t\t\t<div class=\"qodef-m-image\">\n\t\t\t\t\t\t\t\t<img fetchpriority=\"high\" decoding=\"async\" src=\"https:\/\/ginsburg.de\/wp-content\/uploads\/2024\/04\/slider-3-800x600.jpg\" alt=\"\" width=\"800\" height=\"600\" data-ratio=\"1.3333333333333\" \/>\t\t\t\t\t\t\t<\/div>\n\t<\/div>\n\t\t\t\t<\/div>\n\t\t\t\t<\/div>\n\t\t\t\t\t<\/div>\n\t\t<\/div>\n\t\t\t\t<div class=\"elementor-column elementor-col-50 elementor-top-column elementor-element elementor-element-ab4c44\" data-id=\"ab4c44\" data-element_type=\"column\">\n\t\t\t<div class=\"elementor-widget-wrap elementor-element-populated\">\n\t\t\t\t\t\t<div class=\"elementor-element elementor-element-2dc60000 elementor-widget elementor-widget-leroux_core_section_title\" data-id=\"2dc60000\" data-element_type=\"widget\" data-widget_type=\"leroux_core_section_title.default\">\n\t\t\t\t<div class=\"elementor-widget-container\">\n\t\t\t\t\t<div class=\"qodef-shortcode qodef-m  qodef-section-title qodef-alignment--left qodef-title-break--disabled\">\n\t\t<h2 class=\"qodef-m-title\" >\n\t\t\t\t\tWir sind hier, um<br \/> Ihnen zu <span class=\"qodef-special-style\">helfen!<\/span>\t\t\t<\/h2>\n\t<\/div>\n\t\t\t\t<\/div>\n\t\t\t\t<\/div>\n\t\t\t\t<div class=\"elementor-element elementor-element-6603c56e elementor-widget elementor-widget-text-editor\" data-id=\"6603c56e\" data-element_type=\"widget\" data-widget_type=\"text-editor.default\">\n\t\t\t\t<div class=\"elementor-widget-container\">\n\t\t\t\t\t\t\t\t\t<p>Ganz gleich, ob Sie ein neu gegr\u00fcndetes oder ein etabliertes Unternehmen sind, das nach Deutschland expandiert &#8211; wir helfen Ihnen, Ihre Gesch\u00e4ftsziele zu erreichen.<\/p>\t\t\t\t\t\t\t\t<\/div>\n\t\t\t\t<\/div>\n\t\t\t\t<div class=\"elementor-element elementor-element-1f7d30ce elementor-widget elementor-widget-leroux_core_button\" data-id=\"1f7d30ce\" data-element_type=\"widget\" data-widget_type=\"leroux_core_button.default\">\n\t\t\t\t<div class=\"elementor-widget-container\">\n\t\t\t\t\t<a class=\"qodef-shortcode qodef-m  qodef-button qodef-layout--textual   qodef-html--link\" href=\"https:\/\/ginsburg.de\/de\/kontakt\" target=\"_self\"  style=\"color: #20282D;font-size: 15px;font-weight: 500\">\n\t<span class=\"qodef-m-text\">Kontakt!<\/span>\n    <span class=\"qodef-m-arrow\"><svg class=\"qodef-svg--button-arrow\" xmlns=\"http:\/\/www.w3.org\/2000\/svg\" width=\"10\" height=\"10\" viewBox=\"0 0 9.8 9.8\"><g><path d=\"m.4 9.4 9-9\"\/><path d=\"M.4.5h8.9\"\/><path d=\"M9.3 9.4V.5\"\/><\/g><g><path d=\"m.4 9.4 9-9\"\/><path d=\"M.4.5h8.9\"\/><path d=\"M9.3 9.4V.5\"\/><\/g><\/svg><\/span>\n<\/a>\n\t\t\t\t<\/div>\n\t\t\t\t<\/div>\n\t\t\t\t\t<\/div>\n\t\t<\/div>\n\t\t\t\t\t<\/div>\n\t\t<\/section>\n\t\t\t\t<\/div>\n\t\t","protected":false},"excerpt":{"rendered":"<p>Firmengr\u00fcndung in Deutschland Den Weg zur Gr\u00fcndung eines Unternehmens in Deutschland zu beschreiten, ist ein spannendes Unterfangen mit vielf\u00e4ltigen Chancen. Deutschlands robuste Wirtschaft und unternehmensfreundliches Umfeld machen es zu einem attraktiven Ziel f\u00fcr Unternehmer und Investoren. In unserer Kanzlei sind wir darauf spezialisiert, Einzelpersonen und Unternehmen fachkundige Beratung bei der Firmengr\u00fcndung in Deutschland zu bieten. [&hellip;]<\/p>\n","protected":false},"author":2,"featured_media":0,"parent":0,"menu_order":0,"comment_status":"closed","ping_status":"closed","template":"page-full-width.php","meta":{"om_disable_all_campaigns":false,"_monsterinsights_skip_tracking":false,"_monsterinsights_sitenote_active":false,"_monsterinsights_sitenote_note":"","_monsterinsights_sitenote_category":0,"footnotes":""},"class_list":["post-14944","page","type-page","status-publish","hentry"],"aioseo_notices":[],"_hostinger_reach_plugin_has_subscription_block":false,"_hostinger_reach_plugin_is_elementor":false,"_links":{"self":[{"href":"https:\/\/ginsburg.de\/de\/wp-json\/wp\/v2\/pages\/14944","targetHints":{"allow":["GET"]}}],"collection":[{"href":"https:\/\/ginsburg.de\/de\/wp-json\/wp\/v2\/pages"}],"about":[{"href":"https:\/\/ginsburg.de\/de\/wp-json\/wp\/v2\/types\/page"}],"author":[{"embeddable":true,"href":"https:\/\/ginsburg.de\/de\/wp-json\/wp\/v2\/users\/2"}],"replies":[{"embeddable":true,"href":"https:\/\/ginsburg.de\/de\/wp-json\/wp\/v2\/comments?post=14944"}],"version-history":[{"count":7,"href":"https:\/\/ginsburg.de\/de\/wp-json\/wp\/v2\/pages\/14944\/revisions"}],"predecessor-version":[{"id":15072,"href":"https:\/\/ginsburg.de\/de\/wp-json\/wp\/v2\/pages\/14944\/revisions\/15072"}],"wp:attachment":[{"href":"https:\/\/ginsburg.de\/de\/wp-json\/wp\/v2\/media?parent=14944"}],"curies":[{"name":"wp","href":"https:\/\/api.w.org\/{rel}","templated":true}]}}