{"id":14930,"date":"2024-04-29T20:24:10","date_gmt":"2024-04-29T18:24:10","guid":{"rendered":"https:\/\/ginsburg.de\/selbststaendige\/"},"modified":"2024-06-28T14:01:28","modified_gmt":"2024-06-28T12:01:28","slug":"selbststaendige","status":"publish","type":"page","link":"https:\/\/ginsburg.de\/de\/selbststaendige\/","title":{"rendered":"Selbstst\u00e4ndige"},"content":{"rendered":"\t\t<div data-elementor-type=\"wp-page\" data-elementor-id=\"14930\" class=\"elementor elementor-14930 elementor-14239\" data-elementor-post-type=\"page\">\n\t\t\t\t\t\t<section class=\"elementor-section elementor-top-section elementor-element elementor-element-502bdccf elementor-section-full_width elementor-section-height-default elementor-section-height-default\" data-id=\"502bdccf\" data-element_type=\"section\">\n\t\t\t\t\t\t<div class=\"elementor-container elementor-column-gap-no\">\n\t\t\t\t\t<div class=\"elementor-column elementor-col-100 elementor-top-column elementor-element elementor-element-48824cb3\" data-id=\"48824cb3\" data-element_type=\"column\">\n\t\t\t<div class=\"elementor-widget-wrap elementor-element-populated\">\n\t\t\t\t\t\t<div class=\"elementor-element elementor-element-78536b8d elementor-widget elementor-widget-leroux_core_section_title\" data-id=\"78536b8d\" data-element_type=\"widget\" data-widget_type=\"leroux_core_section_title.default\">\n\t\t\t\t<div class=\"elementor-widget-container\">\n\t\t\t\t\t<div class=\"qodef-shortcode qodef-m  qodef-section-title qodef-alignment--left qodef-title-break--disabled\">\n\t\t<h2 class=\"qodef-m-title\" >\n\t\t\t\t\tSelbstst\u00e4ndige, Gesch\u00e4ftsinhaber oder Freiberufler\t\t\t<\/h2>\n\t<\/div>\n\t\t\t\t<\/div>\n\t\t\t\t<\/div>\n\t\t\t\t<div class=\"elementor-element elementor-element-3bf1f6a9 elementor-widget elementor-widget-text-editor\" data-id=\"3bf1f6a9\" data-element_type=\"widget\" data-widget_type=\"text-editor.default\">\n\t\t\t\t<div class=\"elementor-widget-container\">\n\t\t\t\t\t\t\t\t\t<p>Wenn Sie Freiberufler oder selbstst\u00e4ndig sind und planen, nach Deutschland zu ziehen, um dort zu arbeiten, k\u00f6nnten Sie berechtigt sein, eine Aufenthaltserlaubnis f\u00fcr freiberufliche T\u00e4tigkeiten zu beantragen. Diese Art von Aufenthaltserlaubnis ist f\u00fcr Personen gedacht, die selbstst\u00e4ndig arbeiten und ihr eigenes Unternehmen in Deutschland gr\u00fcnden m\u00f6chten.<\/p><p><strong>Unser Team wird Sie durch jeden Schritt des Antragsprozesses f\u00fcr eine Aufenthaltserlaubnis f\u00fcr freiberufliche T\u00e4tigkeiten f\u00fchren, einschlie\u00dflich:<\/strong><\/p>\t\t\t\t\t\t\t\t<\/div>\n\t\t\t\t<\/div>\n\t\t\t\t<div class=\"elementor-element elementor-element-61bbef8a elementor-widget-tablet__width-inherit elementor-widget elementor-widget-leroux_core_textual_list\" data-id=\"61bbef8a\" data-element_type=\"widget\" data-widget_type=\"leroux_core_textual_list.default\">\n\t\t\t\t<div class=\"elementor-widget-container\">\n\t\t\t\t\t<div class=\"qodef-shortcode qodef-m  qodef-textual-list qodef-direction--vertical\" >\n\t<div class=\"qodef-textual-list-inner\" >\n\t\t\t\t\t\t<div class=\"qodef-e qodef-textual-list-item\">\n                                            <div class=\"qodef-e-icon\" >\n                            <span class=\"qodef-shortcode qodef-m  qodef-icon-holder  qodef-layout--normal\"  >\t\t\t<span class=\"qodef-icon-ionicons ion-md-checkmark qodef-icon qodef-e\" style=\"\" ><\/span>\t<\/span>                        <\/div>\n                    \t\t\t\t\t<div class=\"qodef-e-title-holder\">\n\t\t\t\t\t\t<h6 class='qodef-e-title' style=\"font-size: 17px\">\n                            \t\t\t\t\t\t\t    Best\u00e4tigung Ihrer Berechtigung f\u00fcr die Aufenthaltserlaubnis                            \t\t\t\t\t\t<\/h6>\n\t\t\t\t\t<\/div>\n\t\t\t\t<\/div>\n\t\t\t\t\t\t\t<div class=\"qodef-e qodef-textual-list-item\">\n                                            <div class=\"qodef-e-icon\" >\n                            <span class=\"qodef-shortcode qodef-m  qodef-icon-holder  qodef-layout--normal\"  >\t\t\t<span class=\"qodef-icon-ionicons ion-md-checkmark qodef-icon qodef-e\" style=\"\" ><\/span>\t<\/span>                        <\/div>\n                    \t\t\t\t\t<div class=\"qodef-e-title-holder\">\n\t\t\t\t\t\t<h6 class='qodef-e-title' style=\"font-size: 17px\">\n                            \t\t\t\t\t\t\t    \u00dcberpr\u00fcfung und Vorbereitung der notwendigen Dokumente, wie z.B. Nachweise \u00fcber finanzielle Mittel und einen Gesch\u00e4ftsplan                            \t\t\t\t\t\t<\/h6>\n\t\t\t\t\t<\/div>\n\t\t\t\t<\/div>\n\t\t\t\t\t\t\t<div class=\"qodef-e qodef-textual-list-item\">\n                                            <div class=\"qodef-e-icon\" >\n                            <span class=\"qodef-shortcode qodef-m  qodef-icon-holder  qodef-layout--normal\"  >\t\t\t<span class=\"qodef-icon-ionicons ion-md-checkmark qodef-icon qodef-e\" style=\"\" ><\/span>\t<\/span>                        <\/div>\n                    \t\t\t\t\t<div class=\"qodef-e-title-holder\">\n\t\t\t\t\t\t<h6 class='qodef-e-title' style=\"font-size: 17px\">\n                            \t\t\t\t\t\t\t    Vorbereitung und Einreichung Ihres Antrags bei den zust\u00e4ndigen deutschen Beh\u00f6rden                            \t\t\t\t\t\t<\/h6>\n\t\t\t\t\t<\/div>\n\t\t\t\t<\/div>\n\t\t\t\t\t\t\t<div class=\"qodef-e qodef-textual-list-item\">\n                                            <div class=\"qodef-e-icon\" >\n                            <span class=\"qodef-shortcode qodef-m  qodef-icon-holder  qodef-layout--normal\"  >\t\t\t<span class=\"qodef-icon-ionicons ion-md-checkmark qodef-icon qodef-e\" style=\"\" ><\/span>\t<\/span>                        <\/div>\n                    \t\t\t\t\t<div class=\"qodef-e-title-holder\">\n\t\t\t\t\t\t<h6 class='qodef-e-title' style=\"font-size: 17px\">\n                            \t\t\t\t\t\t\t    Rechtliche Vertretung w\u00e4hrend des Antragsprozesses                            \t\t\t\t\t\t<\/h6>\n\t\t\t\t\t<\/div>\n\t\t\t\t<\/div>\n\t\t\t\t<\/div>\n<\/div>\t\t\t\t<\/div>\n\t\t\t\t<\/div>\n\t\t\t\t<div class=\"elementor-element elementor-element-6fe7cb78 elementor-widget elementor-widget-text-editor\" data-id=\"6fe7cb78\" data-element_type=\"widget\" data-widget_type=\"text-editor.default\">\n\t\t\t\t<div class=\"elementor-widget-container\">\n\t\t\t\t\t\t\t\t\t<p>Um eine Aufenthaltserlaubnis f\u00fcr freiberufliche T\u00e4tigkeiten in Deutschland zu beantragen, m\u00fcssen Sie bestimmte Voraussetzungen erf\u00fcllen, wie z.B. ausreichende finanzielle Mittel zur Unterst\u00fctzung Ihres Lebensunterhalts und Ihres Gesch\u00e4fts in Deutschland sowie einen tragf\u00e4higen Gesch\u00e4ftsplan, der das Potenzial f\u00fcr Erfolg in Deutschland aufzeigt.<\/p><p>Wenn Sie daran interessiert sind, eine Aufenthaltserlaubnis f\u00fcr freiberufliche T\u00e4tigkeiten in Deutschland zu erhalten, z\u00f6gern Sie bitte nicht, uns zu kontaktieren. Wir bieten Ihnen die rechtliche Beratung und Unterst\u00fctzung, die Sie ben\u00f6tigen, um den Antragsprozess erfolgreich zu durchlaufen und die notwendigen Genehmigungen f\u00fcr Ihre Aufenthaltserlaubnis zu erhalten.<\/p><p>Unsere Kanzlei pflegt Kontakte zur Wirtschaftsf\u00f6rderung Frankfurt am Main und zur Industrie- und Handelskammer Frankfurt am Main. Dadurch k\u00f6nnen wir stets die aktuellen Anforderungen f\u00fcr die Erteilung von Titeln und Entwicklungsm\u00f6glichkeiten unserer Mandanten erf\u00fcllen.<\/p><p>Seit vielen Jahren arbeiten wir eng mit hervorragenden Notaren und Banken in Frankfurt am Main zusammen, um unsere Mandanten optimal bei der Vorbereitung der notwendigen Unterlagen und der Erf\u00fcllung der erforderlichen Voraussetzungen zu unterst\u00fctzen.<\/p><p>Unser Ziel ist es, dass unsere Mandanten ihre Aufenthaltserlaubnis transparent, sicher und so schnell wie m\u00f6glich erhalten. Daher vertreten wir die Interessen unserer Mandanten w\u00e4hrend der Bearbeitung des Antrags durch die zust\u00e4ndigen Einwanderungsbeh\u00f6rden, einschlie\u00dflich der F\u00fchrung von Korrespondenz, der Vorbereitung zus\u00e4tzlicher Dokumente und der Durchf\u00fchrung aller notwendigen rechtlichen Schritte.<\/p>\t\t\t\t\t\t\t\t<\/div>\n\t\t\t\t<\/div>\n\t\t\t\t\t<\/div>\n\t\t<\/div>\n\t\t\t\t\t<\/div>\n\t\t<\/section>\n\t\t\t\t<section class=\"elementor-section elementor-top-section elementor-element elementor-element-4c963d9 elementor-section-full_width elementor-reverse-mobile elementor-section-height-default elementor-section-height-default\" data-id=\"4c963d9\" data-element_type=\"section\" data-settings=\"{&quot;background_background&quot;:&quot;classic&quot;}\">\n\t\t\t\t\t\t<div class=\"elementor-container elementor-column-gap-no\">\n\t\t\t\t\t<div class=\"elementor-column elementor-col-50 elementor-top-column elementor-element elementor-element-7907e436\" data-id=\"7907e436\" data-element_type=\"column\">\n\t\t\t<div class=\"elementor-widget-wrap elementor-element-populated\">\n\t\t\t\t\t\t<div class=\"elementor-element elementor-element-38853bca elementor-widget elementor-widget-leroux_core_single_image\" data-id=\"38853bca\" data-element_type=\"widget\" data-widget_type=\"leroux_core_single_image.default\">\n\t\t\t\t<div class=\"elementor-widget-container\">\n\t\t\t\t\t<div class=\"qodef-shortcode qodef-m  qodef-single-image qodef-layout--default   \">\n\t\t\t<div class=\"qodef-m-image\">\n\t\t\t\t\t\t\t\t<img fetchpriority=\"high\" decoding=\"async\" src=\"https:\/\/ginsburg.de\/wp-content\/uploads\/2024\/04\/slider-3-800x600.jpg\" alt=\"\" width=\"800\" height=\"600\" data-ratio=\"1.3333333333333\" \/>\t\t\t\t\t\t\t<\/div>\n\t<\/div>\n\t\t\t\t<\/div>\n\t\t\t\t<\/div>\n\t\t\t\t\t<\/div>\n\t\t<\/div>\n\t\t\t\t<div class=\"elementor-column elementor-col-50 elementor-top-column elementor-element elementor-element-271ec2cb\" data-id=\"271ec2cb\" data-element_type=\"column\">\n\t\t\t<div class=\"elementor-widget-wrap elementor-element-populated\">\n\t\t\t\t\t\t<div class=\"elementor-element elementor-element-128d69de elementor-widget elementor-widget-leroux_core_section_title\" data-id=\"128d69de\" data-element_type=\"widget\" data-widget_type=\"leroux_core_section_title.default\">\n\t\t\t\t<div class=\"elementor-widget-container\">\n\t\t\t\t\t<div class=\"qodef-shortcode qodef-m  qodef-section-title qodef-alignment--left qodef-title-break--disabled\">\n\t\t<h2 class=\"qodef-m-title\" >\n\t\t\t\t\tSind Sie interessiert?\t\t\t<\/h2>\n\t<\/div>\n\t\t\t\t<\/div>\n\t\t\t\t<\/div>\n\t\t\t\t<div class=\"elementor-element elementor-element-2f2c1899 elementor-widget elementor-widget-text-editor\" data-id=\"2f2c1899\" data-element_type=\"widget\" data-widget_type=\"text-editor.default\">\n\t\t\t\t<div class=\"elementor-widget-container\">\n\t\t\t\t\t\t\t\t\t<p>Wenn Sie sich f\u00fcr eine Aufenthaltserlaubnis zur Aus\u00fcbung einer freiberuflichen T\u00e4tigkeit in Deutschland interessieren, z\u00f6gern Sie bitte nicht, uns zu kontaktieren.<\/p>\t\t\t\t\t\t\t\t<\/div>\n\t\t\t\t<\/div>\n\t\t\t\t<div class=\"elementor-element elementor-element-43adde61 elementor-widget elementor-widget-leroux_core_button\" data-id=\"43adde61\" data-element_type=\"widget\" data-widget_type=\"leroux_core_button.default\">\n\t\t\t\t<div class=\"elementor-widget-container\">\n\t\t\t\t\t<a class=\"qodef-shortcode qodef-m  qodef-button qodef-layout--textual   qodef-html--link\" href=\"https:\/\/ginsburg.de\/de\/kontakt\" target=\"_self\"  style=\"color: #20282D;font-size: 15px;font-weight: 500\">\n\t<span class=\"qodef-m-text\">Kontakt!<\/span>\n    <span class=\"qodef-m-arrow\"><svg class=\"qodef-svg--button-arrow\" xmlns=\"http:\/\/www.w3.org\/2000\/svg\" width=\"10\" height=\"10\" viewBox=\"0 0 9.8 9.8\"><g><path d=\"m.4 9.4 9-9\"\/><path d=\"M.4.5h8.9\"\/><path d=\"M9.3 9.4V.5\"\/><\/g><g><path d=\"m.4 9.4 9-9\"\/><path d=\"M.4.5h8.9\"\/><path d=\"M9.3 9.4V.5\"\/><\/g><\/svg><\/span>\n<\/a>\n\t\t\t\t<\/div>\n\t\t\t\t<\/div>\n\t\t\t\t\t<\/div>\n\t\t<\/div>\n\t\t\t\t\t<\/div>\n\t\t<\/section>\n\t\t\t\t<\/div>\n\t\t","protected":false},"excerpt":{"rendered":"<p>Selbstst\u00e4ndige, Gesch\u00e4ftsinhaber oder Freiberufler Wenn Sie Freiberufler oder selbstst\u00e4ndig sind und planen, nach Deutschland zu ziehen, um dort zu arbeiten, k\u00f6nnten Sie berechtigt sein, eine Aufenthaltserlaubnis f\u00fcr freiberufliche T\u00e4tigkeiten zu beantragen. Diese Art von Aufenthaltserlaubnis ist f\u00fcr Personen gedacht, die selbstst\u00e4ndig arbeiten und ihr eigenes Unternehmen in Deutschland gr\u00fcnden m\u00f6chten. Unser Team wird Sie durch [&hellip;]<\/p>\n","protected":false},"author":2,"featured_media":0,"parent":0,"menu_order":0,"comment_status":"closed","ping_status":"closed","template":"page-full-width.php","meta":{"om_disable_all_campaigns":false,"_monsterinsights_skip_tracking":false,"_monsterinsights_sitenote_active":false,"_monsterinsights_sitenote_note":"","_monsterinsights_sitenote_category":0,"footnotes":""},"class_list":["post-14930","page","type-page","status-publish","hentry"],"aioseo_notices":[],"_hostinger_reach_plugin_has_subscription_block":false,"_hostinger_reach_plugin_is_elementor":false,"_links":{"self":[{"href":"https:\/\/ginsburg.de\/de\/wp-json\/wp\/v2\/pages\/14930","targetHints":{"allow":["GET"]}}],"collection":[{"href":"https:\/\/ginsburg.de\/de\/wp-json\/wp\/v2\/pages"}],"about":[{"href":"https:\/\/ginsburg.de\/de\/wp-json\/wp\/v2\/types\/page"}],"author":[{"embeddable":true,"href":"https:\/\/ginsburg.de\/de\/wp-json\/wp\/v2\/users\/2"}],"replies":[{"embeddable":true,"href":"https:\/\/ginsburg.de\/de\/wp-json\/wp\/v2\/comments?post=14930"}],"version-history":[{"count":7,"href":"https:\/\/ginsburg.de\/de\/wp-json\/wp\/v2\/pages\/14930\/revisions"}],"predecessor-version":[{"id":15099,"href":"https:\/\/ginsburg.de\/de\/wp-json\/wp\/v2\/pages\/14930\/revisions\/15099"}],"wp:attachment":[{"href":"https:\/\/ginsburg.de\/de\/wp-json\/wp\/v2\/media?parent=14930"}],"curies":[{"name":"wp","href":"https:\/\/api.w.org\/{rel}","templated":true}]}}