{"id":14925,"date":"2024-04-29T20:42:48","date_gmt":"2024-04-29T18:42:48","guid":{"rendered":"https:\/\/ginsburg.de\/aufenthaltserlaubnis-fuer-fachkraefte\/"},"modified":"2024-06-28T14:00:10","modified_gmt":"2024-06-28T12:00:10","slug":"aufenthaltserlaubnis-fuer-fachkraefte","status":"publish","type":"page","link":"https:\/\/ginsburg.de\/de\/aufenthaltserlaubnis-fuer-fachkraefte\/","title":{"rendered":"Aufenthaltserlaubnis f\u00fcr Fachkr\u00e4fte"},"content":{"rendered":"\t\t<div data-elementor-type=\"wp-page\" data-elementor-id=\"14925\" class=\"elementor elementor-14925 elementor-14248\" data-elementor-post-type=\"page\">\n\t\t\t\t\t\t<section class=\"elementor-section elementor-top-section elementor-element elementor-element-a2c2015 elementor-section-full_width elementor-section-height-default elementor-section-height-default\" data-id=\"a2c2015\" data-element_type=\"section\">\n\t\t\t\t\t\t<div class=\"elementor-container elementor-column-gap-no\">\n\t\t\t\t\t<div class=\"elementor-column elementor-col-100 elementor-top-column elementor-element elementor-element-12b39b38\" data-id=\"12b39b38\" data-element_type=\"column\">\n\t\t\t<div class=\"elementor-widget-wrap elementor-element-populated\">\n\t\t\t\t\t\t<div class=\"elementor-element elementor-element-411321fe elementor-widget elementor-widget-leroux_core_section_title\" data-id=\"411321fe\" data-element_type=\"widget\" data-widget_type=\"leroux_core_section_title.default\">\n\t\t\t\t<div class=\"elementor-widget-container\">\n\t\t\t\t\t<div class=\"qodef-shortcode qodef-m  qodef-section-title qodef-alignment--left qodef-title-break--disabled\">\n\t\t<h2 class=\"qodef-m-title\" >\n\t\t\t\t\tAufenthaltserlaubnis f\u00fcr Fachkr\u00e4fte\t\t\t<\/h2>\n\t<\/div>\n\t\t\t\t<\/div>\n\t\t\t\t<\/div>\n\t\t\t\t<div class=\"elementor-element elementor-element-238614b4 elementor-widget elementor-widget-text-editor\" data-id=\"238614b4\" data-element_type=\"widget\" data-widget_type=\"text-editor.default\">\n\t\t\t\t<div class=\"elementor-widget-container\">\n\t\t\t\t\t\t\t\t\t<p>Gem\u00e4\u00df dem Fachkr\u00e4fteeinwanderungsgesetz gelten Personen als Fachkr\u00e4fte, die entweder eine mindestens zweij\u00e4hrige qualifizierte Berufsausbildung in Deutschland abgeschlossen haben oder eine im Ausland erworbene Berufsqualifikation besitzen, die einer inl\u00e4ndischen qualifizierten Berufsausbildung entspricht, sowie Personen mit einem anerkannten Hochschulabschluss.<\/p><p>Die Aufenthaltserlaubnis f\u00fcr Fachkr\u00e4fte ist eine Erlaubnis, die qualifizierten Nicht-EU-B\u00fcrgern erm\u00f6glicht, in Deutschland zu leben und zu arbeiten. Wenn Sie eine anerkannte Berufsqualifikation, ein Stellenangebot in Deutschland und Deutschkenntnisse besitzen, k\u00f6nnten Sie f\u00fcr eine Aufenthaltserlaubnis f\u00fcr Fachkr\u00e4fte in Frage kommen.<\/p><p>Die qualifizierte Fachkraft muss einen Arbeitsvertrag oder ein konkretes Stellenangebot und eine in Deutschland anerkannte Qualifikation vorweisen. Fachkr\u00e4fte mit akademischer Ausbildung k\u00f6nnen nicht nur Berufe aus\u00fcben, die einen Hochschulabschluss erfordern, sondern auch in Berufen t\u00e4tig sein, f\u00fcr die eine nicht-akademische Ausbildung erforderlich ist. Dies muss ein qualifizierter Beruf sein, da Berufe mit geringer Qualifikation von diesem Einwanderungsgesetz ausgeschlossen sind.<\/p><p><strong>Fachkr\u00e4fte mit Berufsausbildung:<\/strong> Die Besch\u00e4ftigung von Fachkr\u00e4ften mit beruflicher, d.h. nicht-akademischer Ausbildung, ist nicht mehr auf Mangelberufe beschr\u00e4nkt. Mit einer in Deutschland anerkannten Berufsausbildung erm\u00f6glicht die Aufenthaltserlaubnis f\u00fcr die Aus\u00fcbung einer qualifizierten T\u00e4tigkeit diesen Fachkr\u00e4ften den Zugang zu allen Berufen, f\u00fcr die ihre Qualifikation sie bef\u00e4higt.<\/p><p>In unserer Kanzlei haben wir umfangreiche Erfahrung in der Unterst\u00fctzung von Mandanten bei der Beantragung der Aufenthaltserlaubnis f\u00fcr Fachkr\u00e4fte. Wir verstehen die Bedeutung der Erlangung einer Aufenthaltserlaubnis f\u00fcr Fachkr\u00e4fte und sind bestrebt, jedem Mandanten eine pers\u00f6nliche und qualitativ hochwertige rechtliche Vertretung zu bieten.<\/p><p>Unser Team erfahrener Anw\u00e4lte wird Sie durch jeden Schritt des Antragsprozesses f\u00fcr die Aufenthaltserlaubnis f\u00fcr Fachkr\u00e4fte f\u00fchren, einschlie\u00dflich:<\/p>\t\t\t\t\t\t\t\t<\/div>\n\t\t\t\t<\/div>\n\t\t\t\t<div class=\"elementor-element elementor-element-40e92d4b elementor-widget-tablet__width-inherit elementor-widget elementor-widget-leroux_core_textual_list\" data-id=\"40e92d4b\" data-element_type=\"widget\" data-widget_type=\"leroux_core_textual_list.default\">\n\t\t\t\t<div class=\"elementor-widget-container\">\n\t\t\t\t\t<div class=\"qodef-shortcode qodef-m  qodef-textual-list qodef-direction--vertical\" >\n\t<div class=\"qodef-textual-list-inner\" >\n\t\t\t\t\t\t<div class=\"qodef-e qodef-textual-list-item\">\n                                            <div class=\"qodef-e-icon\" >\n                            <span class=\"qodef-shortcode qodef-m  qodef-icon-holder  qodef-layout--normal\"  >\t\t\t<span class=\"qodef-icon-ionicons ion-md-checkmark qodef-icon qodef-e\" style=\"\" ><\/span>\t<\/span>                        <\/div>\n                    \t\t\t\t\t<div class=\"qodef-e-title-holder\">\n\t\t\t\t\t\t<h6 class='qodef-e-title' style=\"font-size: 17px\">\n                            \t\t\t\t\t\t\t    Best\u00e4tigung Ihrer Berechtigung f\u00fcr eine Aufenthaltserlaubnis f\u00fcr Fachkr\u00e4fte                            \t\t\t\t\t\t<\/h6>\n\t\t\t\t\t<\/div>\n\t\t\t\t<\/div>\n\t\t\t\t\t\t\t<div class=\"qodef-e qodef-textual-list-item\">\n                                            <div class=\"qodef-e-icon\" >\n                            <span class=\"qodef-shortcode qodef-m  qodef-icon-holder  qodef-layout--normal\"  >\t\t\t<span class=\"qodef-icon-ionicons ion-md-checkmark qodef-icon qodef-e\" style=\"\" ><\/span>\t<\/span>                        <\/div>\n                    \t\t\t\t\t<div class=\"qodef-e-title-holder\">\n\t\t\t\t\t\t<h6 class='qodef-e-title' style=\"font-size: 17px\">\n                            \t\t\t\t\t\t\t    \u00dcberpr\u00fcfung und Erstellung von Stellenangeboten und Arbeitsvertr\u00e4gen                            \t\t\t\t\t\t<\/h6>\n\t\t\t\t\t<\/div>\n\t\t\t\t<\/div>\n\t\t\t\t\t\t\t<div class=\"qodef-e qodef-textual-list-item\">\n                                            <div class=\"qodef-e-icon\" >\n                            <span class=\"qodef-shortcode qodef-m  qodef-icon-holder  qodef-layout--normal\"  >\t\t\t<span class=\"qodef-icon-ionicons ion-md-checkmark qodef-icon qodef-e\" style=\"\" ><\/span>\t<\/span>                        <\/div>\n                    \t\t\t\t\t<div class=\"qodef-e-title-holder\">\n\t\t\t\t\t\t<h6 class='qodef-e-title' style=\"font-size: 17px\">\n                            \t\t\t\t\t\t\t    Vorbereitung und Einreichung Ihres Antrags auf eine Aufenthaltserlaubnis f\u00fcr Fachkr\u00e4fte in Ihrem Wohnsitzland                            \t\t\t\t\t\t<\/h6>\n\t\t\t\t\t<\/div>\n\t\t\t\t<\/div>\n\t\t\t\t\t\t\t<div class=\"qodef-e qodef-textual-list-item\">\n                                            <div class=\"qodef-e-icon\" >\n                            <span class=\"qodef-shortcode qodef-m  qodef-icon-holder  qodef-layout--normal\"  >\t\t\t<span class=\"qodef-icon-ionicons ion-md-checkmark qodef-icon qodef-e\" style=\"\" ><\/span>\t<\/span>                        <\/div>\n                    \t\t\t\t\t<div class=\"qodef-e-title-holder\">\n\t\t\t\t\t\t<h6 class='qodef-e-title' style=\"font-size: 17px\">\n                            \t\t\t\t\t\t\t    Vorbereitung und Einreichung Ihres Antrags auf eine Aufenthaltserlaubnis f\u00fcr Fachkr\u00e4fte in Deutschland                            \t\t\t\t\t\t<\/h6>\n\t\t\t\t\t<\/div>\n\t\t\t\t<\/div>\n\t\t\t\t\t\t\t<div class=\"qodef-e qodef-textual-list-item\">\n                                            <div class=\"qodef-e-icon\" >\n                            <span class=\"qodef-shortcode qodef-m  qodef-icon-holder  qodef-layout--normal\"  >\t\t\t<span class=\"qodef-icon-ionicons ion-md-checkmark qodef-icon qodef-e\" style=\"\" ><\/span>\t<\/span>                        <\/div>\n                    \t\t\t\t\t<div class=\"qodef-e-title-holder\">\n\t\t\t\t\t\t<h6 class='qodef-e-title' style=\"font-size: 17px\">\n                            \t\t\t\t\t\t\t    Rechtliche Vertretung w\u00e4hrend des Antragsprozesses                            \t\t\t\t\t\t<\/h6>\n\t\t\t\t\t<\/div>\n\t\t\t\t<\/div>\n\t\t\t\t<\/div>\n<\/div>\t\t\t\t<\/div>\n\t\t\t\t<\/div>\n\t\t\t\t<div class=\"elementor-element elementor-element-488bc2da elementor-widget elementor-widget-text-editor\" data-id=\"488bc2da\" data-element_type=\"widget\" data-widget_type=\"text-editor.default\">\n\t\t\t\t<div class=\"elementor-widget-container\">\n\t\t\t\t\t\t\t\t\t<p><strong>Wenn Sie daran interessiert sind, eine Aufenthaltserlaubnis f\u00fcr Fachkr\u00e4fte in Deutschland zu erhalten, z\u00f6gern Sie bitte nicht, uns zu kontaktieren. Wir bieten Ihnen die rechtliche Beratung und Unterst\u00fctzung, die Sie ben\u00f6tigen, um den Antragsprozess erfolgreich zu durchlaufen.<\/strong><\/p>\t\t\t\t\t\t\t\t<\/div>\n\t\t\t\t<\/div>\n\t\t\t\t\t<\/div>\n\t\t<\/div>\n\t\t\t\t\t<\/div>\n\t\t<\/section>\n\t\t\t\t<section class=\"elementor-section elementor-top-section elementor-element elementor-element-4c4e908f elementor-section-full_width elementor-reverse-mobile elementor-section-height-default elementor-section-height-default\" data-id=\"4c4e908f\" data-element_type=\"section\" data-settings=\"{&quot;background_background&quot;:&quot;classic&quot;}\">\n\t\t\t\t\t\t<div class=\"elementor-container elementor-column-gap-no\">\n\t\t\t\t\t<div class=\"elementor-column elementor-col-50 elementor-top-column elementor-element elementor-element-1a719ec2\" data-id=\"1a719ec2\" data-element_type=\"column\">\n\t\t\t<div class=\"elementor-widget-wrap elementor-element-populated\">\n\t\t\t\t\t\t<div class=\"elementor-element elementor-element-2b949021 elementor-widget elementor-widget-leroux_core_single_image\" data-id=\"2b949021\" data-element_type=\"widget\" data-widget_type=\"leroux_core_single_image.default\">\n\t\t\t\t<div class=\"elementor-widget-container\">\n\t\t\t\t\t<div class=\"qodef-shortcode qodef-m  qodef-single-image qodef-layout--default   \">\n\t\t\t<div class=\"qodef-m-image\">\n\t\t\t\t\t\t\t\t<img fetchpriority=\"high\" decoding=\"async\" src=\"https:\/\/ginsburg.de\/wp-content\/uploads\/2024\/04\/slider-3-800x600.jpg\" alt=\"\" width=\"800\" height=\"600\" data-ratio=\"1.3333333333333\" \/>\t\t\t\t\t\t\t<\/div>\n\t<\/div>\n\t\t\t\t<\/div>\n\t\t\t\t<\/div>\n\t\t\t\t\t<\/div>\n\t\t<\/div>\n\t\t\t\t<div class=\"elementor-column elementor-col-50 elementor-top-column elementor-element elementor-element-525ac181\" data-id=\"525ac181\" data-element_type=\"column\">\n\t\t\t<div class=\"elementor-widget-wrap elementor-element-populated\">\n\t\t\t\t\t\t<div class=\"elementor-element elementor-element-4008edae elementor-widget elementor-widget-leroux_core_section_title\" data-id=\"4008edae\" data-element_type=\"widget\" data-widget_type=\"leroux_core_section_title.default\">\n\t\t\t\t<div class=\"elementor-widget-container\">\n\t\t\t\t\t<div class=\"qodef-shortcode qodef-m  qodef-section-title qodef-alignment--left qodef-title-break--disabled\">\n\t\t<h2 class=\"qodef-m-title\" >\n\t\t\t\t\tWir bieten Ihnen die<br \/> rechtliche Beratung\t\t\t<\/h2>\n\t<\/div>\n\t\t\t\t<\/div>\n\t\t\t\t<\/div>\n\t\t\t\t<div class=\"elementor-element elementor-element-9a822ad elementor-widget elementor-widget-text-editor\" data-id=\"9a822ad\" data-element_type=\"widget\" data-widget_type=\"text-editor.default\">\n\t\t\t\t<div class=\"elementor-widget-container\">\n\t\t\t\t\t\t\t\t\t<p>Wir bieten Ihnen die rechtliche Beratung und Unterst\u00fctzung, die Sie ben\u00f6tigen, um das Antragsverfahren erfolgreich zu durchlaufen.<\/p>\t\t\t\t\t\t\t\t<\/div>\n\t\t\t\t<\/div>\n\t\t\t\t<div class=\"elementor-element elementor-element-6c010b0 elementor-widget elementor-widget-leroux_core_button\" data-id=\"6c010b0\" data-element_type=\"widget\" data-widget_type=\"leroux_core_button.default\">\n\t\t\t\t<div class=\"elementor-widget-container\">\n\t\t\t\t\t<a class=\"qodef-shortcode qodef-m  qodef-button qodef-layout--textual   qodef-html--link\" href=\"https:\/\/ginsburg.de\/de\/kontakt\" target=\"_self\"  style=\"color: #20282D;font-size: 15px;font-weight: 500\">\n\t<span class=\"qodef-m-text\">Kontakt!<\/span>\n    <span class=\"qodef-m-arrow\"><svg class=\"qodef-svg--button-arrow\" xmlns=\"http:\/\/www.w3.org\/2000\/svg\" width=\"10\" height=\"10\" viewBox=\"0 0 9.8 9.8\"><g><path d=\"m.4 9.4 9-9\"\/><path d=\"M.4.5h8.9\"\/><path d=\"M9.3 9.4V.5\"\/><\/g><g><path d=\"m.4 9.4 9-9\"\/><path d=\"M.4.5h8.9\"\/><path d=\"M9.3 9.4V.5\"\/><\/g><\/svg><\/span>\n<\/a>\n\t\t\t\t<\/div>\n\t\t\t\t<\/div>\n\t\t\t\t\t<\/div>\n\t\t<\/div>\n\t\t\t\t\t<\/div>\n\t\t<\/section>\n\t\t\t\t<\/div>\n\t\t","protected":false},"excerpt":{"rendered":"<p>Aufenthaltserlaubnis f\u00fcr Fachkr\u00e4fte Gem\u00e4\u00df dem Fachkr\u00e4fteeinwanderungsgesetz gelten Personen als Fachkr\u00e4fte, die entweder eine mindestens zweij\u00e4hrige qualifizierte Berufsausbildung in Deutschland abgeschlossen haben oder eine im Ausland erworbene Berufsqualifikation besitzen, die einer inl\u00e4ndischen qualifizierten Berufsausbildung entspricht, sowie Personen mit einem anerkannten Hochschulabschluss. Die Aufenthaltserlaubnis f\u00fcr Fachkr\u00e4fte ist eine Erlaubnis, die qualifizierten Nicht-EU-B\u00fcrgern erm\u00f6glicht, in Deutschland zu leben [&hellip;]<\/p>\n","protected":false},"author":2,"featured_media":0,"parent":0,"menu_order":0,"comment_status":"closed","ping_status":"closed","template":"page-full-width.php","meta":{"om_disable_all_campaigns":false,"_monsterinsights_skip_tracking":false,"_monsterinsights_sitenote_active":false,"_monsterinsights_sitenote_note":"","_monsterinsights_sitenote_category":0,"footnotes":""},"class_list":["post-14925","page","type-page","status-publish","hentry"],"aioseo_notices":[],"_hostinger_reach_plugin_has_subscription_block":false,"_hostinger_reach_plugin_is_elementor":false,"_links":{"self":[{"href":"https:\/\/ginsburg.de\/de\/wp-json\/wp\/v2\/pages\/14925","targetHints":{"allow":["GET"]}}],"collection":[{"href":"https:\/\/ginsburg.de\/de\/wp-json\/wp\/v2\/pages"}],"about":[{"href":"https:\/\/ginsburg.de\/de\/wp-json\/wp\/v2\/types\/page"}],"author":[{"embeddable":true,"href":"https:\/\/ginsburg.de\/de\/wp-json\/wp\/v2\/users\/2"}],"replies":[{"embeddable":true,"href":"https:\/\/ginsburg.de\/de\/wp-json\/wp\/v2\/comments?post=14925"}],"version-history":[{"count":7,"href":"https:\/\/ginsburg.de\/de\/wp-json\/wp\/v2\/pages\/14925\/revisions"}],"predecessor-version":[{"id":15096,"href":"https:\/\/ginsburg.de\/de\/wp-json\/wp\/v2\/pages\/14925\/revisions\/15096"}],"wp:attachment":[{"href":"https:\/\/ginsburg.de\/de\/wp-json\/wp\/v2\/media?parent=14925"}],"curies":[{"name":"wp","href":"https:\/\/api.w.org\/{rel}","templated":true}]}}