{"id":14920,"date":"2024-04-29T20:50:09","date_gmt":"2024-04-29T18:50:09","guid":{"rendered":"https:\/\/ginsburg.de\/staatsbuergerschaft\/"},"modified":"2024-06-28T13:59:04","modified_gmt":"2024-06-28T11:59:04","slug":"staatsbuergerschaft","status":"publish","type":"page","link":"https:\/\/ginsburg.de\/de\/staatsbuergerschaft\/","title":{"rendered":"Staatsb\u00fcrgerschaft"},"content":{"rendered":"\t\t<div data-elementor-type=\"wp-page\" data-elementor-id=\"14920\" class=\"elementor elementor-14920 elementor-14256\" data-elementor-post-type=\"page\">\n\t\t\t\t\t\t<section class=\"elementor-section elementor-top-section elementor-element elementor-element-71529677 elementor-section-full_width elementor-section-height-default elementor-section-height-default\" data-id=\"71529677\" data-element_type=\"section\">\n\t\t\t\t\t\t<div class=\"elementor-container elementor-column-gap-no\">\n\t\t\t\t\t<div class=\"elementor-column elementor-col-100 elementor-top-column elementor-element elementor-element-170000c8\" data-id=\"170000c8\" data-element_type=\"column\">\n\t\t\t<div class=\"elementor-widget-wrap elementor-element-populated\">\n\t\t\t\t\t\t<div class=\"elementor-element elementor-element-6893b3f elementor-widget elementor-widget-leroux_core_section_title\" data-id=\"6893b3f\" data-element_type=\"widget\" data-widget_type=\"leroux_core_section_title.default\">\n\t\t\t\t<div class=\"elementor-widget-container\">\n\t\t\t\t\t<div class=\"qodef-shortcode qodef-m  qodef-section-title qodef-alignment--left qodef-title-break--disabled\">\n\t\t<h2 class=\"qodef-m-title\" >\n\t\t\t\t\tDeutsche Staatsb\u00fcrgerschaft Erwerben\t\t\t<\/h2>\n\t<\/div>\n\t\t\t\t<\/div>\n\t\t\t\t<\/div>\n\t\t\t\t<div class=\"elementor-element elementor-element-7b9bfa04 elementor-widget elementor-widget-text-editor\" data-id=\"7b9bfa04\" data-element_type=\"widget\" data-widget_type=\"text-editor.default\">\n\t\t\t\t<div class=\"elementor-widget-container\">\n\t\t\t\t\t\t\t\t\t<p>Der Weg zur deutschen Staatsb\u00fcrgerschaft ist ein bedeutender Schritt, um Deutschland zu Ihrer dauerhaften Heimat zu machen. In unserer Kanzlei sind wir darauf spezialisiert, Einzelpersonen durch den Prozess der Erlangung der deutschen Staatsb\u00fcrgerschaft zu begleiten und die damit verbundenen Komplexit\u00e4ten und Anforderungen zu verstehen.<\/p><p><strong>Warum die deutsche Staatsb\u00fcrgerschaft?<\/strong> Die deutsche Staatsb\u00fcrgerschaft bietet eine Vielzahl von Vorteilen, einschlie\u00dflich des Wahlrechts, des Zugangs zu sozialen Dienstleistungen und der M\u00f6glichkeit, innerhalb der Europ\u00e4ischen Union frei zu reisen. Sie stellt ein Bekenntnis zur Integration und ein Gef\u00fchl der Zugeh\u00f6rigkeit zu einem der dynamischsten und kulturell reichsten L\u00e4nder Europas dar.<\/p><p><strong>Wege zur deutschen Staatsb\u00fcrgerschaft:<\/strong> Es gibt mehrere Wege, die deutsche Staatsb\u00fcrgerschaft zu erwerben, jeder mit eigenen Kriterien. H\u00e4ufige Wege umfassen:<\/p>\t\t\t\t\t\t\t\t<\/div>\n\t\t\t\t<\/div>\n\t\t\t\t<div class=\"elementor-element elementor-element-af495f5 elementor-widget elementor-widget-text-editor\" data-id=\"af495f5\" data-element_type=\"widget\" data-widget_type=\"text-editor.default\">\n\t\t\t\t<div class=\"elementor-widget-container\">\n\t\t\t\t\t\t\t\t\t<ol><li>Einb\u00fcrgerung: Personen, die sich \u00fcber einen bestimmten Zeitraum, in der Regel acht Jahre, in Deutschland aufhalten, k\u00f6nnen die Einb\u00fcrgerung beantragen. Diese Dauer kann f\u00fcr Personen mit besonderen Integrationsleistungen, beispielsweise durch Heirat mit einem deutschen Staatsb\u00fcrger, verk\u00fcrzt werden.<\/li><li>Geburt oder Abstammung: Wenn Sie von mindestens einem deutschen Elternteil geboren wurden, k\u00f6nnen Sie durch Abstammung die Staatsb\u00fcrgerschaft erwerben. Au\u00dferdem k\u00f6nnen Personen, die in Deutschland von nicht-deutschen Eltern geboren wurden, unter bestimmten Bedingungen die Staatsb\u00fcrgerschaft erhalten.<\/li><li>Staatsb\u00fcrgerschaft f\u00fcr ehemalige deutsche Staatsangeh\u00f6rige: Personen, die ihre deutsche Staatsb\u00fcrgerschaft in der Vergangenheit aufgegeben haben, k\u00f6nnen sie unter bestimmten Voraussetzungen wiedererlangen.<\/li><li>Au\u00dfergew\u00f6hnliche F\u00e4lle: In besonderen F\u00e4llen kann eine Person aufgrund au\u00dfergew\u00f6hnlicher Leistungen oder Beitr\u00e4ge zur deutschen Gesellschaft die Staatsb\u00fcrgerschaft erhalten.<\/li><\/ol>\t\t\t\t\t\t\t\t<\/div>\n\t\t\t\t<\/div>\n\t\t\t\t<div class=\"elementor-element elementor-element-26f58b36 elementor-widget elementor-widget-text-editor\" data-id=\"26f58b36\" data-element_type=\"widget\" data-widget_type=\"text-editor.default\">\n\t\t\t\t<div class=\"elementor-widget-container\">\n\t\t\t\t\t\t\t\t\t<p><strong>Unsere Expertise:<\/strong> Die Navigation durch den Prozess der Erlangung der deutschen Staatsb\u00fcrgerschaft kann komplex sein und erfordert ein tiefes Verst\u00e4ndnis der gesetzlichen Anforderungen und eine sorgf\u00e4ltige Aufmerksamkeit f\u00fcr Details. Unser Team erfahrener Anw\u00e4lte ist bestrebt, Sie in jedem Schritt des Antragsprozesses zu unterst\u00fctzen:<\/p>\t\t\t\t\t\t\t\t<\/div>\n\t\t\t\t<\/div>\n\t\t\t\t<div class=\"elementor-element elementor-element-1cdb258 elementor-widget-tablet__width-inherit elementor-widget elementor-widget-leroux_core_textual_list\" data-id=\"1cdb258\" data-element_type=\"widget\" data-widget_type=\"leroux_core_textual_list.default\">\n\t\t\t\t<div class=\"elementor-widget-container\">\n\t\t\t\t\t<div class=\"qodef-shortcode qodef-m  qodef-textual-list qodef-direction--vertical\" >\n\t<div class=\"qodef-textual-list-inner\" >\n\t\t\t\t\t\t<div class=\"qodef-e qodef-textual-list-item\">\n                                            <div class=\"qodef-e-icon\" >\n                            <span class=\"qodef-shortcode qodef-m  qodef-icon-holder  qodef-layout--normal\"  >\t\t\t<span class=\"qodef-icon-ionicons ion-md-checkmark qodef-icon qodef-e\" style=\"\" ><\/span>\t<\/span>                        <\/div>\n                    \t\t\t\t\t<div class=\"qodef-e-title-holder\">\n\t\t\t\t\t\t<h6 class='qodef-e-title' style=\"font-size: 17px\">\n                            \t\t\t\t\t\t\t    Berechtigungspr\u00fcfung: Wir bewerten Ihre individuellen Umst\u00e4nde, um den geeignetsten Weg zur Staatsb\u00fcrgerschaft zu bestimmen.                            \t\t\t\t\t\t<\/h6>\n\t\t\t\t\t<\/div>\n\t\t\t\t<\/div>\n\t\t\t\t\t\t\t<div class=\"qodef-e qodef-textual-list-item\">\n                                            <div class=\"qodef-e-icon\" >\n                            <span class=\"qodef-shortcode qodef-m  qodef-icon-holder  qodef-layout--normal\"  >\t\t\t<span class=\"qodef-icon-ionicons ion-md-checkmark qodef-icon qodef-e\" style=\"\" ><\/span>\t<\/span>                        <\/div>\n                    \t\t\t\t\t<div class=\"qodef-e-title-holder\">\n\t\t\t\t\t\t<h6 class='qodef-e-title' style=\"font-size: 17px\">\n                            \t\t\t\t\t\t\t    Dokumentation und Antrag: Wir helfen bei der Vorbereitung aller notwendigen Unterlagen und stellen sicher, dass Ihr Antrag vollst\u00e4ndig und korrekt ist.                            \t\t\t\t\t\t<\/h6>\n\t\t\t\t\t<\/div>\n\t\t\t\t<\/div>\n\t\t\t\t\t\t\t<div class=\"qodef-e qodef-textual-list-item\">\n                                            <div class=\"qodef-e-icon\" >\n                            <span class=\"qodef-shortcode qodef-m  qodef-icon-holder  qodef-layout--normal\"  >\t\t\t<span class=\"qodef-icon-ionicons ion-md-checkmark qodef-icon qodef-e\" style=\"\" ><\/span>\t<\/span>                        <\/div>\n                    \t\t\t\t\t<div class=\"qodef-e-title-holder\">\n\t\t\t\t\t\t<h6 class='qodef-e-title' style=\"font-size: 17px\">\n                            \t\t\t\t\t\t\t    Vertretung: Unsere Rechtsexperten bieten Vertretung w\u00e4hrend des Antragsverfahrens und gehen auf alle Herausforderungen ein, die auftreten k\u00f6nnen.                            \t\t\t\t\t\t<\/h6>\n\t\t\t\t\t<\/div>\n\t\t\t\t<\/div>\n\t\t\t\t<\/div>\n<\/div>\t\t\t\t<\/div>\n\t\t\t\t<\/div>\n\t\t\t\t<div class=\"elementor-element elementor-element-40f8746a elementor-widget elementor-widget-text-editor\" data-id=\"40f8746a\" data-element_type=\"widget\" data-widget_type=\"text-editor.default\">\n\t\t\t\t<div class=\"elementor-widget-container\">\n\t\t\t\t\t\t\t\t\t<p><strong>Kontaktieren Sie uns:<\/strong> Wenn Sie die deutsche Staatsb\u00fcrgerschaft erwerben m\u00f6chten und fachkundige Beratung ben\u00f6tigen, z\u00f6gern Sie bitte nicht, uns zu kontaktieren. Wir bieten die rechtliche Unterst\u00fctzung, die Sie ben\u00f6tigen, um den Weg zur deutschen Staatsb\u00fcrgerschaft erfolgreich zu beschreiten. Gestalten Sie Ihre Zukunft in Deutschland und lassen Sie uns Ihnen helfen, dies zu verwirklichen.<\/p>\t\t\t\t\t\t\t\t<\/div>\n\t\t\t\t<\/div>\n\t\t\t\t\t<\/div>\n\t\t<\/div>\n\t\t\t\t\t<\/div>\n\t\t<\/section>\n\t\t\t\t<section class=\"elementor-section elementor-top-section elementor-element elementor-element-2f035ca9 elementor-section-full_width elementor-reverse-mobile elementor-section-height-default elementor-section-height-default\" data-id=\"2f035ca9\" data-element_type=\"section\" data-settings=\"{&quot;background_background&quot;:&quot;classic&quot;}\">\n\t\t\t\t\t\t<div class=\"elementor-container elementor-column-gap-no\">\n\t\t\t\t\t<div class=\"elementor-column elementor-col-50 elementor-top-column elementor-element elementor-element-5c3eb178\" data-id=\"5c3eb178\" data-element_type=\"column\">\n\t\t\t<div class=\"elementor-widget-wrap elementor-element-populated\">\n\t\t\t\t\t\t<div class=\"elementor-element elementor-element-3dfd803a elementor-widget elementor-widget-leroux_core_single_image\" data-id=\"3dfd803a\" data-element_type=\"widget\" data-widget_type=\"leroux_core_single_image.default\">\n\t\t\t\t<div class=\"elementor-widget-container\">\n\t\t\t\t\t<div class=\"qodef-shortcode qodef-m  qodef-single-image qodef-layout--default   \">\n\t\t\t<div class=\"qodef-m-image\">\n\t\t\t\t\t\t\t\t<img fetchpriority=\"high\" decoding=\"async\" src=\"https:\/\/ginsburg.de\/wp-content\/uploads\/2024\/04\/slider-3-800x600.jpg\" alt=\"\" width=\"800\" height=\"600\" data-ratio=\"1.3333333333333\" \/>\t\t\t\t\t\t\t<\/div>\n\t<\/div>\n\t\t\t\t<\/div>\n\t\t\t\t<\/div>\n\t\t\t\t\t<\/div>\n\t\t<\/div>\n\t\t\t\t<div class=\"elementor-column elementor-col-50 elementor-top-column elementor-element elementor-element-3be61e80\" data-id=\"3be61e80\" data-element_type=\"column\">\n\t\t\t<div class=\"elementor-widget-wrap elementor-element-populated\">\n\t\t\t\t\t\t<div class=\"elementor-element elementor-element-29028bd3 elementor-widget elementor-widget-leroux_core_section_title\" data-id=\"29028bd3\" data-element_type=\"widget\" data-widget_type=\"leroux_core_section_title.default\">\n\t\t\t\t<div class=\"elementor-widget-container\">\n\t\t\t\t\t<div class=\"qodef-shortcode qodef-m  qodef-section-title qodef-alignment--left qodef-title-break--disabled\">\n\t\t<h2 class=\"qodef-m-title\" >\n\t\t\t\t\tWir sind hier, um<br \/> f\u00fcr das <span class=\"qodef-special-style\">Rechtliche<\/span> zu sorgen\t\t\t<\/h2>\n\t<\/div>\n\t\t\t\t<\/div>\n\t\t\t\t<\/div>\n\t\t\t\t<div class=\"elementor-element elementor-element-3ec57e07 elementor-widget elementor-widget-text-editor\" data-id=\"3ec57e07\" data-element_type=\"widget\" data-widget_type=\"text-editor.default\">\n\t\t\t\t<div class=\"elementor-widget-container\">\n\t\t\t\t\t\t\t\t\t<p>Wir bieten Ihnen die rechtliche Unterst\u00fctzung, die Sie ben\u00f6tigen, um den Weg zur deutschen Staatsb\u00fcrgerschaft erfolgreich zu beschreiten. Freuen Sie sich auf Ihre Zukunft in Deutschland und lassen Sie uns Ihnen dabei helfen, sie zu verwirklichen.<\/p>\t\t\t\t\t\t\t\t<\/div>\n\t\t\t\t<\/div>\n\t\t\t\t<div class=\"elementor-element elementor-element-50cbb7a3 elementor-widget elementor-widget-leroux_core_button\" data-id=\"50cbb7a3\" data-element_type=\"widget\" data-widget_type=\"leroux_core_button.default\">\n\t\t\t\t<div class=\"elementor-widget-container\">\n\t\t\t\t\t<a class=\"qodef-shortcode qodef-m  qodef-button qodef-layout--textual   qodef-html--link\" href=\"https:\/\/ginsburg.de\/de\/kontakt\" target=\"_self\"  style=\"color: #20282D;font-size: 15px;font-weight: 500\">\n\t<span class=\"qodef-m-text\">Kontakt!<\/span>\n    <span class=\"qodef-m-arrow\"><svg class=\"qodef-svg--button-arrow\" xmlns=\"http:\/\/www.w3.org\/2000\/svg\" width=\"10\" height=\"10\" viewBox=\"0 0 9.8 9.8\"><g><path d=\"m.4 9.4 9-9\"\/><path d=\"M.4.5h8.9\"\/><path d=\"M9.3 9.4V.5\"\/><\/g><g><path d=\"m.4 9.4 9-9\"\/><path d=\"M.4.5h8.9\"\/><path d=\"M9.3 9.4V.5\"\/><\/g><\/svg><\/span>\n<\/a>\n\t\t\t\t<\/div>\n\t\t\t\t<\/div>\n\t\t\t\t\t<\/div>\n\t\t<\/div>\n\t\t\t\t\t<\/div>\n\t\t<\/section>\n\t\t\t\t<\/div>\n\t\t","protected":false},"excerpt":{"rendered":"<p>Deutsche Staatsb\u00fcrgerschaft Erwerben Der Weg zur deutschen Staatsb\u00fcrgerschaft ist ein bedeutender Schritt, um Deutschland zu Ihrer dauerhaften Heimat zu machen. In unserer Kanzlei sind wir darauf spezialisiert, Einzelpersonen durch den Prozess der Erlangung der deutschen Staatsb\u00fcrgerschaft zu begleiten und die damit verbundenen Komplexit\u00e4ten und Anforderungen zu verstehen. Warum die deutsche Staatsb\u00fcrgerschaft? Die deutsche Staatsb\u00fcrgerschaft bietet [&hellip;]<\/p>\n","protected":false},"author":2,"featured_media":0,"parent":0,"menu_order":0,"comment_status":"closed","ping_status":"closed","template":"page-full-width.php","meta":{"om_disable_all_campaigns":false,"_monsterinsights_skip_tracking":false,"_monsterinsights_sitenote_active":false,"_monsterinsights_sitenote_note":"","_monsterinsights_sitenote_category":0,"footnotes":""},"class_list":["post-14920","page","type-page","status-publish","hentry"],"aioseo_notices":[],"_hostinger_reach_plugin_has_subscription_block":false,"_hostinger_reach_plugin_is_elementor":false,"_links":{"self":[{"href":"https:\/\/ginsburg.de\/de\/wp-json\/wp\/v2\/pages\/14920","targetHints":{"allow":["GET"]}}],"collection":[{"href":"https:\/\/ginsburg.de\/de\/wp-json\/wp\/v2\/pages"}],"about":[{"href":"https:\/\/ginsburg.de\/de\/wp-json\/wp\/v2\/types\/page"}],"author":[{"embeddable":true,"href":"https:\/\/ginsburg.de\/de\/wp-json\/wp\/v2\/users\/2"}],"replies":[{"embeddable":true,"href":"https:\/\/ginsburg.de\/de\/wp-json\/wp\/v2\/comments?post=14920"}],"version-history":[{"count":7,"href":"https:\/\/ginsburg.de\/de\/wp-json\/wp\/v2\/pages\/14920\/revisions"}],"predecessor-version":[{"id":15093,"href":"https:\/\/ginsburg.de\/de\/wp-json\/wp\/v2\/pages\/14920\/revisions\/15093"}],"wp:attachment":[{"href":"https:\/\/ginsburg.de\/de\/wp-json\/wp\/v2\/media?parent=14920"}],"curies":[{"name":"wp","href":"https:\/\/api.w.org\/{rel}","templated":true}]}}