{"id":14915,"date":"2024-04-29T20:10:39","date_gmt":"2024-04-29T18:10:39","guid":{"rendered":"https:\/\/ginsburg.de\/blaue-karte-eu\/"},"modified":"2024-06-28T13:56:43","modified_gmt":"2024-06-28T11:56:43","slug":"blaue-karte-eu","status":"publish","type":"page","link":"https:\/\/ginsburg.de\/de\/blaue-karte-eu\/","title":{"rendered":"BLAUE KARTE EU"},"content":{"rendered":"\t\t<div data-elementor-type=\"wp-page\" data-elementor-id=\"14915\" class=\"elementor elementor-14915 elementor-14232\" data-elementor-post-type=\"page\">\n\t\t\t\t\t\t<section class=\"elementor-section elementor-top-section elementor-element elementor-element-fd46a8 elementor-section-full_width elementor-section-height-default elementor-section-height-default\" data-id=\"fd46a8\" data-element_type=\"section\">\n\t\t\t\t\t\t<div class=\"elementor-container elementor-column-gap-no\">\n\t\t\t\t\t<div class=\"elementor-column elementor-col-100 elementor-top-column elementor-element elementor-element-4ef27aca\" data-id=\"4ef27aca\" data-element_type=\"column\">\n\t\t\t<div class=\"elementor-widget-wrap elementor-element-populated\">\n\t\t\t\t\t\t<div class=\"elementor-element elementor-element-72078324 elementor-widget elementor-widget-leroux_core_section_title\" data-id=\"72078324\" data-element_type=\"widget\" data-widget_type=\"leroux_core_section_title.default\">\n\t\t\t\t<div class=\"elementor-widget-container\">\n\t\t\t\t\t<div class=\"qodef-shortcode qodef-m  qodef-section-title qodef-alignment--left qodef-title-break--disabled\">\n\t\t<h2 class=\"qodef-m-title\" >\n\t\t\t\t\tBLAUE KARTE EU\t\t\t<\/h2>\n\t<\/div>\n\t\t\t\t<\/div>\n\t\t\t\t<\/div>\n\t\t\t\t<div class=\"elementor-element elementor-element-5f2d1dea elementor-widget elementor-widget-text-editor\" data-id=\"5f2d1dea\" data-element_type=\"widget\" data-widget_type=\"text-editor.default\">\n\t\t\t\t<div class=\"elementor-widget-container\">\n\t\t\t\t\t\t\t\t\t<p>Die Blaue Karte EU ist eine Arbeitserlaubnis, die hochqualifizierten Nicht-EU-B\u00fcrgern erm\u00f6glicht, in Deutschland zu leben und zu arbeiten. Wenn Sie ein Nicht-EU-B\u00fcrger mit einem Universit\u00e4tsabschluss und einem Jobangebot in Deutschland sind, das ein Gehalt \u00fcber einer bestimmten Schwelle bietet, k\u00f6nnten Sie f\u00fcr die Blaue Karte EU berechtigt sein. Die Blaue Karte EU soll insbesondere hochqualifizierten Drittstaatsangeh\u00f6rigen den Aufenthalt in der EU erm\u00f6glichen, um dem erwarteten oder bestehenden Fachkr\u00e4ftemangel in vielen Besch\u00e4ftigungssektoren entgegenzuwirken.<\/p><p>Mit der Blauen Karte EU gibt es viele Privilegien f\u00fcr Einwanderer. Dazu geh\u00f6ren M\u00f6glichkeiten, nach einem Aufenthalt von 33 Monaten eine unbefristete Niederlassungserlaubnis zu beantragen, die auf 21 Monate verk\u00fcrzt werden kann, wenn der Einwanderer Deutschkenntnisse auf dem Niveau B1 nachweisen kann.<\/p><p>Unsere Kanzlei hat umfangreiche Erfahrung in der Unterst\u00fctzung von Mandanten beim Antrag auf die Blaue Karte EU. Wir verstehen die Bedeutung der Erlangung einer Blauen Karte EU und sind bestrebt, jedem Mandanten eine pers\u00f6nliche und qualitativ hochwertige rechtliche Vertretung zu bieten.<\/p><p><strong>Unser Team erfahrener Anw\u00e4lte wird Sie durch jeden Schritt des Antragsprozesses f\u00fcr die Blaue Karte EU begleiten, einschlie\u00dflich:<\/strong><\/p>\t\t\t\t\t\t\t\t<\/div>\n\t\t\t\t<\/div>\n\t\t\t\t<div class=\"elementor-element elementor-element-4a7a32f7 elementor-widget-tablet__width-inherit elementor-widget elementor-widget-leroux_core_textual_list\" data-id=\"4a7a32f7\" data-element_type=\"widget\" data-widget_type=\"leroux_core_textual_list.default\">\n\t\t\t\t<div class=\"elementor-widget-container\">\n\t\t\t\t\t<div class=\"qodef-shortcode qodef-m  qodef-textual-list qodef-direction--vertical\" >\n\t<div class=\"qodef-textual-list-inner\" >\n\t\t\t\t\t\t<div class=\"qodef-e qodef-textual-list-item\">\n                                            <div class=\"qodef-e-icon\" >\n                            <span class=\"qodef-shortcode qodef-m  qodef-icon-holder  qodef-layout--normal\"  >\t\t\t<span class=\"qodef-icon-ionicons ion-md-checkmark qodef-icon qodef-e\" style=\"\" ><\/span>\t<\/span>                        <\/div>\n                    \t\t\t\t\t<div class=\"qodef-e-title-holder\">\n\t\t\t\t\t\t<h6 class='qodef-e-title' style=\"font-size: 17px\">\n                            \t\t\t\t\t\t\t    Best\u00e4tigung Ihrer Berechtigung f\u00fcr eine Blaue Karte EU                            \t\t\t\t\t\t<\/h6>\n\t\t\t\t\t<\/div>\n\t\t\t\t<\/div>\n\t\t\t\t\t\t\t<div class=\"qodef-e qodef-textual-list-item\">\n                                            <div class=\"qodef-e-icon\" >\n                            <span class=\"qodef-shortcode qodef-m  qodef-icon-holder  qodef-layout--normal\"  >\t\t\t<span class=\"qodef-icon-ionicons ion-md-checkmark qodef-icon qodef-e\" style=\"\" ><\/span>\t<\/span>                        <\/div>\n                    \t\t\t\t\t<div class=\"qodef-e-title-holder\">\n\t\t\t\t\t\t<h6 class='qodef-e-title' style=\"font-size: 17px\">\n                            \t\t\t\t\t\t\t    \u00dcberpr\u00fcfung und Erstellung von Arbeitsangeboten und Arbeitsvertr\u00e4gen                            \t\t\t\t\t\t<\/h6>\n\t\t\t\t\t<\/div>\n\t\t\t\t<\/div>\n\t\t\t\t\t\t\t<div class=\"qodef-e qodef-textual-list-item\">\n                                            <div class=\"qodef-e-icon\" >\n                            <span class=\"qodef-shortcode qodef-m  qodef-icon-holder  qodef-layout--normal\"  >\t\t\t<span class=\"qodef-icon-ionicons ion-md-checkmark qodef-icon qodef-e\" style=\"\" ><\/span>\t<\/span>                        <\/div>\n                    \t\t\t\t\t<div class=\"qodef-e-title-holder\">\n\t\t\t\t\t\t<h6 class='qodef-e-title' style=\"font-size: 17px\">\n                            \t\t\t\t\t\t\t    Vorbereitung und Einreichung Ihres Antrags auf die Blaue Karte EU aus dem Ausland                            \t\t\t\t\t\t<\/h6>\n\t\t\t\t\t<\/div>\n\t\t\t\t<\/div>\n\t\t\t\t\t\t\t<div class=\"qodef-e qodef-textual-list-item\">\n                                            <div class=\"qodef-e-icon\" >\n                            <span class=\"qodef-shortcode qodef-m  qodef-icon-holder  qodef-layout--normal\"  >\t\t\t<span class=\"qodef-icon-ionicons ion-md-checkmark qodef-icon qodef-e\" style=\"\" ><\/span>\t<\/span>                        <\/div>\n                    \t\t\t\t\t<div class=\"qodef-e-title-holder\">\n\t\t\t\t\t\t<h6 class='qodef-e-title' style=\"font-size: 17px\">\n                            \t\t\t\t\t\t\t    Rechtliche Vertretung w\u00e4hrend des Antragsverfahrens                            \t\t\t\t\t\t<\/h6>\n\t\t\t\t\t<\/div>\n\t\t\t\t<\/div>\n\t\t\t\t\t\t\t<div class=\"qodef-e qodef-textual-list-item\">\n                                            <div class=\"qodef-e-icon\" >\n                            <span class=\"qodef-shortcode qodef-m  qodef-icon-holder  qodef-layout--normal\"  >\t\t\t<span class=\"qodef-icon-ionicons ion-md-checkmark qodef-icon qodef-e\" style=\"\" ><\/span>\t<\/span>                        <\/div>\n                    \t\t\t\t\t<div class=\"qodef-e-title-holder\">\n\t\t\t\t\t\t<h6 class='qodef-e-title' style=\"font-size: 17px\">\n                            \t\t\t\t\t\t\t    Rechtliche Vertretung und Unterst\u00fctzung w\u00e4hrend des Antragsprozesses nach der Einreise nach Deutschland                            \t\t\t\t\t\t<\/h6>\n\t\t\t\t\t<\/div>\n\t\t\t\t<\/div>\n\t\t\t\t<\/div>\n<\/div>\t\t\t\t<\/div>\n\t\t\t\t<\/div>\n\t\t\t\t<div class=\"elementor-element elementor-element-73640e1f elementor-widget elementor-widget-text-editor\" data-id=\"73640e1f\" data-element_type=\"widget\" data-widget_type=\"text-editor.default\">\n\t\t\t\t<div class=\"elementor-widget-container\">\n\t\t\t\t\t\t\t\t\t<p>Wir nehmen uns die Zeit, die einzigartige Situation jedes Mandanten zu verstehen, und arbeiten unerm\u00fcdlich daran, das bestm\u00f6gliche Ergebnis f\u00fcr unsere Mandanten zu erzielen.<\/p><p><strong>Wenn Sie daran interessiert sind, eine Blaue Karte EU in Deutschland zu erhalten, z\u00f6gern Sie bitte nicht, uns zu kontaktieren. Wir werden Ihnen die rechtliche Beratung und Unterst\u00fctzung bieten, die Sie ben\u00f6tigen, um den Antragsprozess erfolgreich zu durchlaufen und ein neues Kapitel Ihres Lebens in Deutschland zu beginnen.<\/strong><\/p>\t\t\t\t\t\t\t\t<\/div>\n\t\t\t\t<\/div>\n\t\t\t\t\t<\/div>\n\t\t<\/div>\n\t\t\t\t\t<\/div>\n\t\t<\/section>\n\t\t\t\t<section class=\"elementor-section elementor-top-section elementor-element elementor-element-6302d518 elementor-section-full_width elementor-reverse-mobile elementor-section-height-default elementor-section-height-default\" data-id=\"6302d518\" data-element_type=\"section\" data-settings=\"{&quot;background_background&quot;:&quot;classic&quot;}\">\n\t\t\t\t\t\t<div class=\"elementor-container elementor-column-gap-no\">\n\t\t\t\t\t<div class=\"elementor-column elementor-col-50 elementor-top-column elementor-element elementor-element-7cdaa4f4\" data-id=\"7cdaa4f4\" data-element_type=\"column\">\n\t\t\t<div class=\"elementor-widget-wrap elementor-element-populated\">\n\t\t\t\t\t\t<div class=\"elementor-element elementor-element-f4ed409 elementor-widget elementor-widget-leroux_core_single_image\" data-id=\"f4ed409\" data-element_type=\"widget\" data-widget_type=\"leroux_core_single_image.default\">\n\t\t\t\t<div class=\"elementor-widget-container\">\n\t\t\t\t\t<div class=\"qodef-shortcode qodef-m  qodef-single-image qodef-layout--default   \">\n\t\t\t<div class=\"qodef-m-image\">\n\t\t\t\t\t\t\t\t<img fetchpriority=\"high\" decoding=\"async\" src=\"https:\/\/ginsburg.de\/wp-content\/uploads\/2024\/04\/slider-3-800x600.jpg\" alt=\"\" width=\"800\" height=\"600\" data-ratio=\"1.3333333333333\" \/>\t\t\t\t\t\t\t<\/div>\n\t<\/div>\n\t\t\t\t<\/div>\n\t\t\t\t<\/div>\n\t\t\t\t\t<\/div>\n\t\t<\/div>\n\t\t\t\t<div class=\"elementor-column elementor-col-50 elementor-top-column elementor-element elementor-element-2e1b75db\" data-id=\"2e1b75db\" data-element_type=\"column\">\n\t\t\t<div class=\"elementor-widget-wrap elementor-element-populated\">\n\t\t\t\t\t\t<div class=\"elementor-element elementor-element-2bba9d6 elementor-widget elementor-widget-leroux_core_section_title\" data-id=\"2bba9d6\" data-element_type=\"widget\" data-widget_type=\"leroux_core_section_title.default\">\n\t\t\t\t<div class=\"elementor-widget-container\">\n\t\t\t\t\t<div class=\"qodef-shortcode qodef-m  qodef-section-title qodef-alignment--left qodef-title-break--disabled\">\n\t\t<h2 class=\"qodef-m-title\" >\n\t\t\t\t\tWir bieten Ihnen die<br \/> rechtliche Beratung\t\t\t<\/h2>\n\t<\/div>\n\t\t\t\t<\/div>\n\t\t\t\t<\/div>\n\t\t\t\t<div class=\"elementor-element elementor-element-7aaafa7e elementor-widget elementor-widget-text-editor\" data-id=\"7aaafa7e\" data-element_type=\"widget\" data-widget_type=\"text-editor.default\">\n\t\t\t\t<div class=\"elementor-widget-container\">\n\t\t\t\t\t\t\t\t\t<p>Wir bieten Ihnen die rechtliche Beratung und Unterst\u00fctzung, die Sie ben\u00f6tigen, um das Antragsverfahren erfolgreich zu durchlaufen und ein neues Kapitel Ihres Lebens in Deutschland zu beginnen.<\/p>\t\t\t\t\t\t\t\t<\/div>\n\t\t\t\t<\/div>\n\t\t\t\t<div class=\"elementor-element elementor-element-4d69050 elementor-widget elementor-widget-leroux_core_button\" data-id=\"4d69050\" data-element_type=\"widget\" data-widget_type=\"leroux_core_button.default\">\n\t\t\t\t<div class=\"elementor-widget-container\">\n\t\t\t\t\t<a class=\"qodef-shortcode qodef-m  qodef-button qodef-layout--textual   qodef-html--link\" href=\"https:\/\/ginsburg.de\/de\/kontakt\" target=\"_self\"  style=\"color: #20282D;font-size: 15px;font-weight: 500\">\n\t<span class=\"qodef-m-text\">Kontakt!<\/span>\n    <span class=\"qodef-m-arrow\"><svg class=\"qodef-svg--button-arrow\" xmlns=\"http:\/\/www.w3.org\/2000\/svg\" width=\"10\" height=\"10\" viewBox=\"0 0 9.8 9.8\"><g><path d=\"m.4 9.4 9-9\"\/><path d=\"M.4.5h8.9\"\/><path d=\"M9.3 9.4V.5\"\/><\/g><g><path d=\"m.4 9.4 9-9\"\/><path d=\"M.4.5h8.9\"\/><path d=\"M9.3 9.4V.5\"\/><\/g><\/svg><\/span>\n<\/a>\n\t\t\t\t<\/div>\n\t\t\t\t<\/div>\n\t\t\t\t\t<\/div>\n\t\t<\/div>\n\t\t\t\t\t<\/div>\n\t\t<\/section>\n\t\t\t\t<\/div>\n\t\t","protected":false},"excerpt":{"rendered":"<p>BLAUE KARTE EU Die Blaue Karte EU ist eine Arbeitserlaubnis, die hochqualifizierten Nicht-EU-B\u00fcrgern erm\u00f6glicht, in Deutschland zu leben und zu arbeiten. Wenn Sie ein Nicht-EU-B\u00fcrger mit einem Universit\u00e4tsabschluss und einem Jobangebot in Deutschland sind, das ein Gehalt \u00fcber einer bestimmten Schwelle bietet, k\u00f6nnten Sie f\u00fcr die Blaue Karte EU berechtigt sein. Die Blaue Karte EU [&hellip;]<\/p>\n","protected":false},"author":2,"featured_media":0,"parent":0,"menu_order":0,"comment_status":"closed","ping_status":"closed","template":"page-full-width.php","meta":{"om_disable_all_campaigns":false,"_monsterinsights_skip_tracking":false,"_monsterinsights_sitenote_active":false,"_monsterinsights_sitenote_note":"","_monsterinsights_sitenote_category":0,"footnotes":""},"class_list":["post-14915","page","type-page","status-publish","hentry"],"aioseo_notices":[],"_hostinger_reach_plugin_has_subscription_block":false,"_hostinger_reach_plugin_is_elementor":false,"_links":{"self":[{"href":"https:\/\/ginsburg.de\/de\/wp-json\/wp\/v2\/pages\/14915","targetHints":{"allow":["GET"]}}],"collection":[{"href":"https:\/\/ginsburg.de\/de\/wp-json\/wp\/v2\/pages"}],"about":[{"href":"https:\/\/ginsburg.de\/de\/wp-json\/wp\/v2\/types\/page"}],"author":[{"embeddable":true,"href":"https:\/\/ginsburg.de\/de\/wp-json\/wp\/v2\/users\/2"}],"replies":[{"embeddable":true,"href":"https:\/\/ginsburg.de\/de\/wp-json\/wp\/v2\/comments?post=14915"}],"version-history":[{"count":7,"href":"https:\/\/ginsburg.de\/de\/wp-json\/wp\/v2\/pages\/14915\/revisions"}],"predecessor-version":[{"id":15090,"href":"https:\/\/ginsburg.de\/de\/wp-json\/wp\/v2\/pages\/14915\/revisions\/15090"}],"wp:attachment":[{"href":"https:\/\/ginsburg.de\/de\/wp-json\/wp\/v2\/media?parent=14915"}],"curies":[{"name":"wp","href":"https:\/\/api.w.org\/{rel}","templated":true}]}}