{"id":14909,"date":"2024-04-29T19:48:49","date_gmt":"2024-04-29T17:48:49","guid":{"rendered":"https:\/\/ginsburg.de\/familiennachzug-von-ehegatten-und-kindern\/"},"modified":"2024-06-28T13:55:00","modified_gmt":"2024-06-28T11:55:00","slug":"familiennachzug-von-ehegatten-und-kindern","status":"publish","type":"page","link":"https:\/\/ginsburg.de\/de\/familiennachzug-von-ehegatten-und-kindern\/","title":{"rendered":"Familiennachzug von Ehegatten und Kindern"},"content":{"rendered":"\t\t<div data-elementor-type=\"wp-page\" data-elementor-id=\"14909\" class=\"elementor elementor-14909 elementor-14213\" data-elementor-post-type=\"page\">\n\t\t\t\t\t\t<section class=\"elementor-section elementor-top-section elementor-element elementor-element-1d354de6 elementor-section-full_width elementor-section-height-default elementor-section-height-default\" data-id=\"1d354de6\" data-element_type=\"section\">\n\t\t\t\t\t\t<div class=\"elementor-container elementor-column-gap-no\">\n\t\t\t\t\t<div class=\"elementor-column elementor-col-100 elementor-top-column elementor-element elementor-element-20253ca6\" data-id=\"20253ca6\" data-element_type=\"column\">\n\t\t\t<div class=\"elementor-widget-wrap elementor-element-populated\">\n\t\t\t\t\t\t<div class=\"elementor-element elementor-element-e8c95f9 elementor-widget elementor-widget-leroux_core_section_title\" data-id=\"e8c95f9\" data-element_type=\"widget\" data-widget_type=\"leroux_core_section_title.default\">\n\t\t\t\t<div class=\"elementor-widget-container\">\n\t\t\t\t\t<div class=\"qodef-shortcode qodef-m  qodef-section-title qodef-alignment--left qodef-title-break--disabled\">\n\t\t<h2 class=\"qodef-m-title\" >\n\t\t\t\t\tFamiliennachzug von Ehegatten und Kindern (\u00a729 AufenthG)\t\t\t<\/h2>\n\t<\/div>\n\t\t\t\t<\/div>\n\t\t\t\t<\/div>\n\t\t\t\t<div class=\"elementor-element elementor-element-59914327 elementor-widget elementor-widget-text-editor\" data-id=\"59914327\" data-element_type=\"widget\" data-widget_type=\"text-editor.default\">\n\t\t\t\t<div class=\"elementor-widget-container\">\n\t\t\t\t\t\t\t\t\t<p>Wenn Sie ein Nicht-EU-B\u00fcrger sind, der in Deutschland lebt und Ihre im Ausland lebenden Familienmitglieder nachholen m\u00f6chten, k\u00f6nnten Sie berechtigt sein, eine Aufenthaltserlaubnis f\u00fcr den Familiennachzug zu beantragen. Diese Erlaubnis erm\u00f6glicht es Familienmitgliedern, zu ihren Angeh\u00f6rigen nach Deutschland zu ziehen und gemeinsam als Familie zu leben.<\/p>\n<p>Um eine Aufenthaltserlaubnis f\u00fcr den Familiennachzug zu erhalten, m\u00fcssen bestimmte Voraussetzungen erf\u00fcllt sein, wie z.B. ein Familienmitglied, das deutscher Staatsb\u00fcrger ist oder eine g\u00fcltige deutsche Aufenthaltserlaubnis besitzt, und der Nachweis, dass Sie in der Lage sind, Ihre Familie finanziell zu unterst\u00fctzen.<\/p>\n<p>Wenn Sie daran interessiert sind, eine Aufenthaltserlaubnis f\u00fcr den Familiennachzug in Deutschland zu beantragen, z\u00f6gern Sie bitte nicht, uns zu kontaktieren. Wir bieten Ihnen die rechtliche Beratung und Unterst\u00fctzung, die Sie ben\u00f6tigen, um den Antragsprozess erfolgreich zu durchlaufen und sich mit Ihren Angeh\u00f6rigen wiederzuvereinen.<\/p>\n\t\t\t\t\t\t\t\t<\/div>\n\t\t\t\t<\/div>\n\t\t\t\t<div class=\"elementor-element elementor-element-55f5d4cc elementor-widget elementor-widget-leroux_core_section_title\" data-id=\"55f5d4cc\" data-element_type=\"widget\" data-widget_type=\"leroux_core_section_title.default\">\n\t\t\t\t<div class=\"elementor-widget-container\">\n\t\t\t\t\t<div class=\"qodef-shortcode qodef-m  qodef-section-title qodef-alignment--left qodef-title-break--disabled\">\n\t\t<h3 class=\"qodef-m-title\" >\n\t\t\t\t\tVerl\u00e4ngerung der Aufenthaltserlaubnis\t\t\t<\/h3>\n\t<\/div>\n\t\t\t\t<\/div>\n\t\t\t\t<\/div>\n\t\t\t\t<div class=\"elementor-element elementor-element-66166c54 elementor-widget elementor-widget-text-editor\" data-id=\"66166c54\" data-element_type=\"widget\" data-widget_type=\"text-editor.default\">\n\t\t\t\t<div class=\"elementor-widget-container\">\n\t\t\t\t\t\t\t\t\t<p>Aufenthaltserlaubnisse werden f\u00fcr eine begrenzte Dauer erteilt. Es ist sehr wichtig, das Ablaufdatum Ihrer Aufenthaltserlaubnis zu beachten und rechtzeitig eine Verl\u00e4ngerung zu beantragen. M\u00f6chten Sie in Deutschland bleiben und Ihre Aufenthaltserlaubnis l\u00e4uft bald ab? \u00dcberlassen Sie uns den Papierkram.<\/p><p>Die Verl\u00e4ngerung einer Aufenthaltserlaubnis erfordert eine neue Reihe von Dokumenten, abh\u00e4ngig von dem Aufenthaltsgesetz, mit dem Sie hier sind. Wir k\u00f6nnen Sie durch den gesamten Prozess begleiten, um Ihnen die bestm\u00f6gliche Verl\u00e4ngerung zu sichern. In einigen F\u00e4llen k\u00f6nnen Sie sogar berechtigt sein, eine Niederlassungserlaubnis in Deutschland zu beantragen oder die deutsche Staatsb\u00fcrgerschaft zu erwerben.<\/p><p>Kontaktieren Sie uns, um Ihre Optionen zu besprechen und eine Beratung zu erhalten.<\/p>\t\t\t\t\t\t\t\t<\/div>\n\t\t\t\t<\/div>\n\t\t\t\t<div class=\"elementor-element elementor-element-48d54cb elementor-widget elementor-widget-leroux_core_section_title\" data-id=\"48d54cb\" data-element_type=\"widget\" data-widget_type=\"leroux_core_section_title.default\">\n\t\t\t\t<div class=\"elementor-widget-container\">\n\t\t\t\t\t<div class=\"qodef-shortcode qodef-m  qodef-section-title qodef-alignment--left qodef-title-break--disabled\">\n\t\t<h3 class=\"qodef-m-title\" >\n\t\t\t\t\tNiederlassungserlaubnis (\u00a7 9 AufenthG)\t\t\t<\/h3>\n\t<\/div>\n\t\t\t\t<\/div>\n\t\t\t\t<\/div>\n\t\t\t\t<div class=\"elementor-element elementor-element-3d4f96d elementor-widget elementor-widget-text-editor\" data-id=\"3d4f96d\" data-element_type=\"widget\" data-widget_type=\"text-editor.default\">\n\t\t\t\t<div class=\"elementor-widget-container\">\n\t\t\t\t\t\t\t\t\t<p>Wenn Sie bereits seit mehreren Jahren in Deutschland leben und arbeiten und Deutschland zu Ihrem dauerhaften Zuhause machen m\u00f6chten, k\u00f6nnten Sie berechtigt sein, eine Niederlassungserlaubnis zu beantragen. Diese Erlaubnis erm\u00f6glicht es Ihnen, unbegrenzt in Deutschland zu leben und zu arbeiten und die Vorteile eines dauerhaften Aufenthalts zu genie\u00dfen. Sie d\u00fcrfen auch als Arbeitnehmer arbeiten oder selbstst\u00e4ndig t\u00e4tig sein.<\/p><p>Unsere Kanzlei hat umfangreiche Erfahrung in der Unterst\u00fctzung von Mandanten beim Antragsprozess f\u00fcr die Niederlassungserlaubnis. Wir verstehen, wie wichtig es ist, Deutschland zu Ihrem dauerhaften Zuhause zu machen, und wir sind bestrebt, jedem Mandanten eine pers\u00f6nliche und qualitativ hochwertige rechtliche Vertretung zu bieten.<\/p><p>Unser Team erfahrener Anw\u00e4lte begleitet Sie durch jeden Schritt des Antragsprozesses f\u00fcr die Niederlassungserlaubnis.<\/p><p>Um eine Niederlassungserlaubnis zu erhalten, m\u00fcssen bestimmte Voraussetzungen erf\u00fcllt sein, wie z.B. der Besitz einer g\u00fcltigen Aufenthaltserlaubnis f\u00fcr eine bestimmte Anzahl von Jahren, die F\u00e4higkeit, sich finanziell selbst zu versorgen, und das Bestehen eines Deutschtests.<\/p><p>Wenn Sie daran interessiert sind, eine Niederlassungserlaubnis in Deutschland zu beantragen, z\u00f6gern Sie bitte nicht, uns zu kontaktieren. Wir bieten Ihnen die rechtliche Beratung und Unterst\u00fctzung, die Sie ben\u00f6tigen, um den Antragsprozess erfolgreich zu durchlaufen und Deutschland zu Ihrem dauerhaften Zuhause zu machen.<\/p>\t\t\t\t\t\t\t\t<\/div>\n\t\t\t\t<\/div>\n\t\t\t\t\t<\/div>\n\t\t<\/div>\n\t\t\t\t\t<\/div>\n\t\t<\/section>\n\t\t\t\t<section class=\"elementor-section elementor-top-section elementor-element elementor-element-3f3ee30e elementor-section-full_width elementor-reverse-mobile elementor-section-height-default elementor-section-height-default\" data-id=\"3f3ee30e\" data-element_type=\"section\" data-settings=\"{&quot;background_background&quot;:&quot;classic&quot;}\">\n\t\t\t\t\t\t<div class=\"elementor-container elementor-column-gap-no\">\n\t\t\t\t\t<div class=\"elementor-column elementor-col-50 elementor-top-column elementor-element elementor-element-3c9e099a\" data-id=\"3c9e099a\" data-element_type=\"column\">\n\t\t\t<div class=\"elementor-widget-wrap elementor-element-populated\">\n\t\t\t\t\t\t<div class=\"elementor-element elementor-element-6f683cfc elementor-widget elementor-widget-leroux_core_single_image\" data-id=\"6f683cfc\" data-element_type=\"widget\" data-widget_type=\"leroux_core_single_image.default\">\n\t\t\t\t<div class=\"elementor-widget-container\">\n\t\t\t\t\t<div class=\"qodef-shortcode qodef-m  qodef-single-image qodef-layout--default   \">\n\t\t\t<div class=\"qodef-m-image\">\n\t\t\t\t\t\t\t\t<img fetchpriority=\"high\" decoding=\"async\" src=\"https:\/\/ginsburg.de\/wp-content\/uploads\/2024\/04\/slider-3-800x600.jpg\" alt=\"\" width=\"800\" height=\"600\" data-ratio=\"1.3333333333333\" \/>\t\t\t\t\t\t\t<\/div>\n\t<\/div>\n\t\t\t\t<\/div>\n\t\t\t\t<\/div>\n\t\t\t\t\t<\/div>\n\t\t<\/div>\n\t\t\t\t<div class=\"elementor-column elementor-col-50 elementor-top-column elementor-element elementor-element-1c58b62d\" data-id=\"1c58b62d\" data-element_type=\"column\">\n\t\t\t<div class=\"elementor-widget-wrap elementor-element-populated\">\n\t\t\t\t\t\t<div class=\"elementor-element elementor-element-793f80a elementor-widget elementor-widget-leroux_core_section_title\" data-id=\"793f80a\" data-element_type=\"widget\" data-widget_type=\"leroux_core_section_title.default\">\n\t\t\t\t<div class=\"elementor-widget-container\">\n\t\t\t\t\t<div class=\"qodef-shortcode qodef-m  qodef-section-title qodef-alignment--left qodef-title-break--disabled\">\n\t\t<h2 class=\"qodef-m-title\" >\n\t\t\t\t\tWir bieten Ihnen die<br \/> rechtliche Beratung\t\t\t<\/h2>\n\t<\/div>\n\t\t\t\t<\/div>\n\t\t\t\t<\/div>\n\t\t\t\t<div class=\"elementor-element elementor-element-51fd78b3 elementor-widget elementor-widget-text-editor\" data-id=\"51fd78b3\" data-element_type=\"widget\" data-widget_type=\"text-editor.default\">\n\t\t\t\t<div class=\"elementor-widget-container\">\n\t\t\t\t\t\t\t\t\t<p>Wir bieten Ihnen die rechtliche Beratung und Unterst\u00fctzung, die Sie ben\u00f6tigen, um das Antragsverfahren erfolgreich zu durchlaufen und Deutschland zu Ihrem dauerhaften Zuhause zu machen.<\/p>\t\t\t\t\t\t\t\t<\/div>\n\t\t\t\t<\/div>\n\t\t\t\t<div class=\"elementor-element elementor-element-5b2ab893 elementor-widget elementor-widget-leroux_core_button\" data-id=\"5b2ab893\" data-element_type=\"widget\" data-widget_type=\"leroux_core_button.default\">\n\t\t\t\t<div class=\"elementor-widget-container\">\n\t\t\t\t\t<a class=\"qodef-shortcode qodef-m  qodef-button qodef-layout--textual   qodef-html--link\" href=\"https:\/\/ginsburg.de\/de\/kontakt\" target=\"_self\"  style=\"color: #20282D;font-size: 15px;font-weight: 500\">\n\t<span class=\"qodef-m-text\">Kontakt!<\/span>\n    <span class=\"qodef-m-arrow\"><svg class=\"qodef-svg--button-arrow\" xmlns=\"http:\/\/www.w3.org\/2000\/svg\" width=\"10\" height=\"10\" viewBox=\"0 0 9.8 9.8\"><g><path d=\"m.4 9.4 9-9\"\/><path d=\"M.4.5h8.9\"\/><path d=\"M9.3 9.4V.5\"\/><\/g><g><path d=\"m.4 9.4 9-9\"\/><path d=\"M.4.5h8.9\"\/><path d=\"M9.3 9.4V.5\"\/><\/g><\/svg><\/span>\n<\/a>\n\t\t\t\t<\/div>\n\t\t\t\t<\/div>\n\t\t\t\t\t<\/div>\n\t\t<\/div>\n\t\t\t\t\t<\/div>\n\t\t<\/section>\n\t\t\t\t<\/div>\n\t\t","protected":false},"excerpt":{"rendered":"<p>Familiennachzug von Ehegatten und Kindern (\u00a729 AufenthG) Wenn Sie ein Nicht-EU-B\u00fcrger sind, der in Deutschland lebt und Ihre im Ausland lebenden Familienmitglieder nachholen m\u00f6chten, k\u00f6nnten Sie berechtigt sein, eine Aufenthaltserlaubnis f\u00fcr den Familiennachzug zu beantragen. Diese Erlaubnis erm\u00f6glicht es Familienmitgliedern, zu ihren Angeh\u00f6rigen nach Deutschland zu ziehen und gemeinsam als Familie zu leben. Um eine [&hellip;]<\/p>\n","protected":false},"author":2,"featured_media":0,"parent":0,"menu_order":0,"comment_status":"closed","ping_status":"closed","template":"page-full-width.php","meta":{"om_disable_all_campaigns":false,"_monsterinsights_skip_tracking":false,"_monsterinsights_sitenote_active":false,"_monsterinsights_sitenote_note":"","_monsterinsights_sitenote_category":0,"footnotes":""},"class_list":["post-14909","page","type-page","status-publish","hentry"],"aioseo_notices":[],"_hostinger_reach_plugin_has_subscription_block":false,"_hostinger_reach_plugin_is_elementor":false,"_links":{"self":[{"href":"https:\/\/ginsburg.de\/de\/wp-json\/wp\/v2\/pages\/14909","targetHints":{"allow":["GET"]}}],"collection":[{"href":"https:\/\/ginsburg.de\/de\/wp-json\/wp\/v2\/pages"}],"about":[{"href":"https:\/\/ginsburg.de\/de\/wp-json\/wp\/v2\/types\/page"}],"author":[{"embeddable":true,"href":"https:\/\/ginsburg.de\/de\/wp-json\/wp\/v2\/users\/2"}],"replies":[{"embeddable":true,"href":"https:\/\/ginsburg.de\/de\/wp-json\/wp\/v2\/comments?post=14909"}],"version-history":[{"count":7,"href":"https:\/\/ginsburg.de\/de\/wp-json\/wp\/v2\/pages\/14909\/revisions"}],"predecessor-version":[{"id":15087,"href":"https:\/\/ginsburg.de\/de\/wp-json\/wp\/v2\/pages\/14909\/revisions\/15087"}],"wp:attachment":[{"href":"https:\/\/ginsburg.de\/de\/wp-json\/wp\/v2\/media?parent=14909"}],"curies":[{"name":"wp","href":"https:\/\/api.w.org\/{rel}","templated":true}]}}