{"id":14903,"date":"2024-04-29T18:23:06","date_gmt":"2024-04-29T16:23:06","guid":{"rendered":"https:\/\/ginsburg.de\/anerkennung-auslaendischer-berufsqualifikationen\/"},"modified":"2024-06-28T13:54:11","modified_gmt":"2024-06-28T11:54:11","slug":"anerkennung","status":"publish","type":"page","link":"https:\/\/ginsburg.de\/de\/anerkennung\/","title":{"rendered":"Anerkennung"},"content":{"rendered":"\t\t<div data-elementor-type=\"wp-page\" data-elementor-id=\"14903\" class=\"elementor elementor-14903 elementor-14184\" data-elementor-post-type=\"page\">\n\t\t\t\t\t\t<section class=\"elementor-section elementor-top-section elementor-element elementor-element-304ce98c elementor-section-full_width elementor-section-height-default elementor-section-height-default\" data-id=\"304ce98c\" data-element_type=\"section\">\n\t\t\t\t\t\t<div class=\"elementor-container elementor-column-gap-no\">\n\t\t\t\t\t<div class=\"elementor-column elementor-col-100 elementor-top-column elementor-element elementor-element-32d9c310\" data-id=\"32d9c310\" data-element_type=\"column\">\n\t\t\t<div class=\"elementor-widget-wrap elementor-element-populated\">\n\t\t\t\t\t\t<div class=\"elementor-element elementor-element-6ba59886 elementor-widget elementor-widget-leroux_core_section_title\" data-id=\"6ba59886\" data-element_type=\"widget\" data-widget_type=\"leroux_core_section_title.default\">\n\t\t\t\t<div class=\"elementor-widget-container\">\n\t\t\t\t\t<div class=\"qodef-shortcode qodef-m  qodef-section-title qodef-alignment--left qodef-title-break--disabled\">\n\t\t<h2 class=\"qodef-m-title\" >\n\t\t\t\t\tAnerkennung ausl\u00e4ndischer Berufsqualifikationen\t\t\t<\/h2>\n\t<\/div>\n\t\t\t\t<\/div>\n\t\t\t\t<\/div>\n\t\t\t\t<div class=\"elementor-element elementor-element-635a95e2 elementor-widget elementor-widget-text-editor\" data-id=\"635a95e2\" data-element_type=\"widget\" data-widget_type=\"text-editor.default\">\n\t\t\t\t<div class=\"elementor-widget-container\">\n\t\t\t\t\t\t\t\t\t<p>Wenn Sie ein Nicht-EU-B\u00fcrger sind und Ihre Berufsqualifikationen au\u00dferhalb Deutschlands erworben haben, m\u00fcssen diese m\u00f6glicherweise anerkannt werden, um in Deutschland arbeiten zu k\u00f6nnen. Dieser Prozess wird als Anerkennung ausl\u00e4ndischer Qualifikationen bezeichnet und umfasst die Bewertung Ihrer Qualifikationen durch die zust\u00e4ndigen deutschen Beh\u00f6rden.<\/p>\n<p>Viele Migranten haben in ihrem Herkunftsland eine Berufsqualifikation erworben, die in Deutschland dringend ben\u00f6tigt wird. Deutsche Arbeitgeber haben jedoch oft Schwierigkeiten, ausl\u00e4ndische Qualifikationen korrekt zu bewerten, was dazu f\u00fchrt, dass Personen mit diesen Qualifikationen keine geeignete Stelle in Deutschland finden oder in Berufen arbeiten m\u00fcssen, die nicht ihren tats\u00e4chlichen Qualifikationen entsprechen. Das Anerkennungsgesetz schafft Klarheit und Transparenz und er\u00f6ffnet vielen Migranten in Deutschland bessere berufliche Perspektiven.<\/p>\n<p>Um eine bessere Position zu erhalten, ein h\u00f6heres Gehalt zu erzielen oder einfach in Ihrem Traumberuf in Deutschland zu arbeiten, k\u00f6nnen wir Ihnen helfen, Ihre im Ausland erworbenen Studienabschl\u00fcsse in Deutschland anerkennen zu lassen.<\/p>\n\t\t\t\t\t\t\t\t<\/div>\n\t\t\t\t<\/div>\n\t\t\t\t<div class=\"elementor-element elementor-element-5b7fec1b elementor-widget elementor-widget-leroux_core_section_title\" data-id=\"5b7fec1b\" data-element_type=\"widget\" data-widget_type=\"leroux_core_section_title.default\">\n\t\t\t\t<div class=\"elementor-widget-container\">\n\t\t\t\t\t<div class=\"qodef-shortcode qodef-m  qodef-section-title qodef-alignment--left qodef-title-break--disabled\">\n\t\t<h3 class=\"qodef-m-title\" >\n\t\t\t\t\tAnerkennung ausl\u00e4ndischer Berufsqualifikationen f\u00fcr<br \/> medizinische Fachkr\u00e4fte <span class=\"qodef-special-style\">(\u00a7<\/span> 16 Aufenthaltsgesetz)\t\t\t<\/h3>\n\t<\/div>\n\t\t\t\t<\/div>\n\t\t\t\t<\/div>\n\t\t\t\t<div class=\"elementor-element elementor-element-2bb67cc5 elementor-widget elementor-widget-text-editor\" data-id=\"2bb67cc5\" data-element_type=\"widget\" data-widget_type=\"text-editor.default\">\n\t\t\t\t<div class=\"elementor-widget-container\">\n\t\t\t\t\t\t\t\t\t<p>Haben Sie Ihr Studium im Ausland als Krankenpfleger\/-schwester abgeschlossen und m\u00f6chten Ihre Karriere in Deutschland fortsetzen? Wir k\u00f6nnen Ihnen helfen, eine Aufenthaltserlaubnis zu beantragen, die es Ihnen erm\u00f6glicht, Ihre Qualifikationen anerkennen zu lassen.<\/p>\n<p>Medizinische Fachkr\u00e4fte geh\u00f6ren zu den reglementierten Berufen. Das bedeutet, dass f\u00fcr die Einreise nach Deutschland zur Arbeit als Krankenpfleger\/-schwester separate Dokumente und Genehmigungen erforderlich sind, einschlie\u00dflich einer Vorabzustimmung der Bundesagentur f\u00fcr Arbeit. Krankenpfleger\/-schwestern, die ihre Berufsqualifikationen im Ausland erworben haben, m\u00fcssen diese zun\u00e4chst in Deutschland anerkennen lassen. Der Antragsteller erh\u00e4lt eine Aufenthaltserlaubnis, die es ihm erm\u00f6glicht, Erfahrung in einem deutschen Krankenhaus zu sammeln, die Sprache zu lernen und die Anerkennungspr\u00fcfung abzulegen. Nach erfolgreichem Abschluss der Anerkennung k\u00f6nnen Sie dann eine Aufenthaltserlaubnis zur Arbeit als Krankenpfleger\/-schwester in Deutschland beantragen.<\/p>\n\t\t\t\t\t\t\t\t<\/div>\n\t\t\t\t<\/div>\n\t\t\t\t<div class=\"elementor-element elementor-element-b078823 elementor-widget elementor-widget-leroux_core_section_title\" data-id=\"b078823\" data-element_type=\"widget\" data-widget_type=\"leroux_core_section_title.default\">\n\t\t\t\t<div class=\"elementor-widget-container\">\n\t\t\t\t\t<div class=\"qodef-shortcode qodef-m  qodef-section-title qodef-alignment--left qodef-title-break--disabled\">\n\t\t<h3 class=\"qodef-m-title\" >\n\t\t\t\t\tVorabzustimmung der deutschen Bundesagentur f\u00fcr<br \/> Arbeit\t\t\t<\/h3>\n\t<\/div>\n\t\t\t\t<\/div>\n\t\t\t\t<\/div>\n\t\t\t\t<div class=\"elementor-element elementor-element-f6b9844 elementor-widget elementor-widget-text-editor\" data-id=\"f6b9844\" data-element_type=\"widget\" data-widget_type=\"text-editor.default\">\n\t\t\t\t<div class=\"elementor-widget-container\">\n\t\t\t\t\t\t\t\t\t<p>Die Vorabzustimmung ist ein notwendiger Schritt f\u00fcr Nicht-EU-B\u00fcrger, die ein Arbeitsvisum oder eine Blaue Karte EU beantragen m\u00f6chten. Es handelt sich um eine Best\u00e4tigung der Bundesagentur f\u00fcr Arbeit, dass ein Nicht-EU-B\u00fcrger f\u00fcr eine bestimmte Stelle qualifiziert ist und dass es keine geeigneten Kandidaten innerhalb der EU f\u00fcr diese Position gibt.<\/p>\n<p>Um eine Vorabzustimmung zu erhalten, muss der Arbeitgeber der Bundesagentur f\u00fcr Arbeit ein Stellenangebot vorlegen. Das Stellenangebot muss bestimmte Anforderungen erf\u00fcllen, wie z. B. ein Gehalt, das dem lokalen Markt entspricht oder dar\u00fcber liegt, und der Arbeitgeber muss nachweisen, dass er versucht hat, geeignete Kandidaten innerhalb der EU zu rekrutieren, bevor er die Stelle einem Nicht-EU-B\u00fcrger anbietet.<\/p>\n<p>Die Bundesagentur f\u00fcr Arbeit wird das Stellenangebot pr\u00fcfen und entscheiden, ob eine Vorabzustimmung erteilt werden soll. Wenn die Vorabzustimmung erteilt wird, kann der Nicht-EU-B\u00fcrger diese nutzen, um ein Arbeitsvisum oder eine Blaue Karte EU zu beantragen.<\/p>\n<p>In unserer Kanzlei haben wir umfangreiche Erfahrung in der Unterst\u00fctzung von Mandanten bei der Erlangung von Vorabzustimmungen durch die Bundesagentur f\u00fcr Arbeit. Wir verstehen die Bedeutung dieses Schritts im Antragsprozess f\u00fcr ein Arbeitsvisum und sind bestrebt, jedem Mandanten eine pers\u00f6nliche und qualitativ hochwertige rechtliche Vertretung zu bieten.<\/p>\n<p align=\"JUSTIFY\"><strong><span style=\"font-family: Arial, serif;\"><span lang=\"en-GB\">Wenn Sie daran interessiert sind, eine Vorabzustimmung von der Bundesagentur f\u00fcr Arbeit in Deutschland zu erhalten, z\u00f6gern Sie bitte nicht, uns zu kontaktieren. <\/span><\/span><\/strong><\/p>\n\t\t\t\t\t\t\t\t<\/div>\n\t\t\t\t<\/div>\n\t\t\t\t\t<\/div>\n\t\t<\/div>\n\t\t\t\t\t<\/div>\n\t\t<\/section>\n\t\t\t\t<section class=\"elementor-section elementor-top-section elementor-element elementor-element-35503679 elementor-section-full_width elementor-reverse-mobile elementor-section-height-default elementor-section-height-default\" data-id=\"35503679\" data-element_type=\"section\" data-settings=\"{&quot;background_background&quot;:&quot;classic&quot;}\">\n\t\t\t\t\t\t<div class=\"elementor-container elementor-column-gap-no\">\n\t\t\t\t\t<div class=\"elementor-column elementor-col-50 elementor-top-column elementor-element elementor-element-5f81cc29\" data-id=\"5f81cc29\" data-element_type=\"column\">\n\t\t\t<div class=\"elementor-widget-wrap elementor-element-populated\">\n\t\t\t\t\t\t<div class=\"elementor-element elementor-element-462ad78d elementor-widget elementor-widget-leroux_core_single_image\" data-id=\"462ad78d\" data-element_type=\"widget\" data-widget_type=\"leroux_core_single_image.default\">\n\t\t\t\t<div class=\"elementor-widget-container\">\n\t\t\t\t\t<div class=\"qodef-shortcode qodef-m  qodef-single-image qodef-layout--default   \">\n\t\t\t<div class=\"qodef-m-image\">\n\t\t\t\t\t\t\t\t<img fetchpriority=\"high\" decoding=\"async\" src=\"https:\/\/ginsburg.de\/wp-content\/uploads\/2024\/04\/slider-3-800x600.jpg\" alt=\"\" width=\"800\" height=\"600\" data-ratio=\"1.3333333333333\" \/>\t\t\t\t\t\t\t<\/div>\n\t<\/div>\n\t\t\t\t<\/div>\n\t\t\t\t<\/div>\n\t\t\t\t\t<\/div>\n\t\t<\/div>\n\t\t\t\t<div class=\"elementor-column elementor-col-50 elementor-top-column elementor-element elementor-element-854696c\" data-id=\"854696c\" data-element_type=\"column\">\n\t\t\t<div class=\"elementor-widget-wrap elementor-element-populated\">\n\t\t\t\t\t\t<div class=\"elementor-element elementor-element-db5e269 elementor-widget elementor-widget-leroux_core_section_title\" data-id=\"db5e269\" data-element_type=\"widget\" data-widget_type=\"leroux_core_section_title.default\">\n\t\t\t\t<div class=\"elementor-widget-container\">\n\t\t\t\t\t<div class=\"qodef-shortcode qodef-m  qodef-section-title qodef-alignment--left qodef-title-break--disabled\">\n\t\t<h2 class=\"qodef-m-title\" >\n\t\t\t\t\tWir bieten Ihnen die rechtliche Beratung\t\t\t<\/h2>\n\t<\/div>\n\t\t\t\t<\/div>\n\t\t\t\t<\/div>\n\t\t\t\t<div class=\"elementor-element elementor-element-246a3e2c elementor-widget elementor-widget-leroux_core_button\" data-id=\"246a3e2c\" data-element_type=\"widget\" data-widget_type=\"leroux_core_button.default\">\n\t\t\t\t<div class=\"elementor-widget-container\">\n\t\t\t\t\t<a class=\"qodef-shortcode qodef-m  qodef-button qodef-layout--textual   qodef-html--link\" href=\"https:\/\/ginsburg.de\/de\/kontakt\" target=\"_self\"  style=\"color: #20282D;font-size: 15px;font-weight: 500\">\n\t<span class=\"qodef-m-text\">Kontakt!<\/span>\n    <span class=\"qodef-m-arrow\"><svg class=\"qodef-svg--button-arrow\" xmlns=\"http:\/\/www.w3.org\/2000\/svg\" width=\"10\" height=\"10\" viewBox=\"0 0 9.8 9.8\"><g><path d=\"m.4 9.4 9-9\"\/><path d=\"M.4.5h8.9\"\/><path d=\"M9.3 9.4V.5\"\/><\/g><g><path d=\"m.4 9.4 9-9\"\/><path d=\"M.4.5h8.9\"\/><path d=\"M9.3 9.4V.5\"\/><\/g><\/svg><\/span>\n<\/a>\n\t\t\t\t<\/div>\n\t\t\t\t<\/div>\n\t\t\t\t\t<\/div>\n\t\t<\/div>\n\t\t\t\t\t<\/div>\n\t\t<\/section>\n\t\t\t\t<\/div>\n\t\t","protected":false},"excerpt":{"rendered":"<p>Anerkennung ausl\u00e4ndischer Berufsqualifikationen Wenn Sie ein Nicht-EU-B\u00fcrger sind und Ihre Berufsqualifikationen au\u00dferhalb Deutschlands erworben haben, m\u00fcssen diese m\u00f6glicherweise anerkannt werden, um in Deutschland arbeiten zu k\u00f6nnen. Dieser Prozess wird als Anerkennung ausl\u00e4ndischer Qualifikationen bezeichnet und umfasst die Bewertung Ihrer Qualifikationen durch die zust\u00e4ndigen deutschen Beh\u00f6rden. Viele Migranten haben in ihrem Herkunftsland eine Berufsqualifikation erworben, die [&hellip;]<\/p>\n","protected":false},"author":2,"featured_media":0,"parent":0,"menu_order":0,"comment_status":"closed","ping_status":"closed","template":"page-full-width.php","meta":{"om_disable_all_campaigns":false,"_monsterinsights_skip_tracking":false,"_monsterinsights_sitenote_active":false,"_monsterinsights_sitenote_note":"","_monsterinsights_sitenote_category":0,"footnotes":""},"class_list":["post-14903","page","type-page","status-publish","hentry"],"aioseo_notices":[],"_hostinger_reach_plugin_has_subscription_block":false,"_hostinger_reach_plugin_is_elementor":false,"_links":{"self":[{"href":"https:\/\/ginsburg.de\/de\/wp-json\/wp\/v2\/pages\/14903","targetHints":{"allow":["GET"]}}],"collection":[{"href":"https:\/\/ginsburg.de\/de\/wp-json\/wp\/v2\/pages"}],"about":[{"href":"https:\/\/ginsburg.de\/de\/wp-json\/wp\/v2\/types\/page"}],"author":[{"embeddable":true,"href":"https:\/\/ginsburg.de\/de\/wp-json\/wp\/v2\/users\/2"}],"replies":[{"embeddable":true,"href":"https:\/\/ginsburg.de\/de\/wp-json\/wp\/v2\/comments?post=14903"}],"version-history":[{"count":8,"href":"https:\/\/ginsburg.de\/de\/wp-json\/wp\/v2\/pages\/14903\/revisions"}],"predecessor-version":[{"id":15084,"href":"https:\/\/ginsburg.de\/de\/wp-json\/wp\/v2\/pages\/14903\/revisions\/15084"}],"wp:attachment":[{"href":"https:\/\/ginsburg.de\/de\/wp-json\/wp\/v2\/media?parent=14903"}],"curies":[{"name":"wp","href":"https:\/\/api.w.org\/{rel}","templated":true}]}}